{"id":7966,"date":"2018-10-01T12:50:14","date_gmt":"2018-10-01T10:50:14","guid":{"rendered":"https:\/\/vanabeelen.eu\/kaltetechnik\/nachhaltige-konstruktionen-2\/"},"modified":"2020-04-22T20:40:22","modified_gmt":"2020-04-22T20:40:22","slug":"nachhaltige-konstruktionen-2","status":"publish","type":"page","link":"https:\/\/vanabeelen.eu\/de\/kaltetechnik\/nachhaltige-konstruktionen-2\/","title":{"rendered":"Nachhaltige Konstruktionen"},"content":{"rendered":"<div class=\"wpb-content-wrapper\"><p>[vc_row css=&#8220;.vc_custom_1538039531679{padding-top: 60px !important;padding-bottom: 15px !important;}&#8220;][vc_column][vc_custom_heading text=&#8220;Nat\u00fcrliche K\u00e4ltemittel&#8220; font_container=&#8220;tag:h1|text_align:left&#8220; use_theme_fonts=&#8220;yes&#8220;][vc_empty_space][vc_row_inner][vc_column_inner width=&#8220;2\/3&#8243;][vc_column_text]Bis Anfang dieses Jahrhunderts wurden nat\u00fcrliche K\u00e4ltemittel haupts\u00e4chlich in gro\u00dfen industriellen K\u00fchl- und Gefrieranlagen eingesetzt. Vor allem Ammoniak war dabei ein weit verbreitetes K\u00e4ltemittel.<\/p>\n<p>Als Folge des (noch laufenden) Auslaufens von HFKW wurde auf dem Markt nach weiteren alternativen (nat\u00fcrlichen) K\u00e4ltemitteln gesucht. Dadurch wurde erreicht, dass die durchschnittliche K\u00e4ltemittelmenge stark abgenommen hat, alte K\u00e4ltemittel wiederentdeckt und die entsprechenden Anlagen weiterentwickelt wurden. Momentan baut Van Abeelen fast keine Anlagen mehr mit chemischen K\u00e4ltemitteln. Wir konnten daher mit der Zeit auf diesem Gebiet umfangreiche Erfahrungen und Kompetenzen aufbauen.[\/vc_column_text][vc_custom_heading text=&#8220;Warum nat\u00fcrliche K\u00e4ltemittel?&#8220; font_container=&#8220;tag:h3|text_align:left&#8220; use_theme_fonts=&#8220;yes&#8220;][vc_column_text]Nat\u00fcrliche K\u00e4ltemittel bestehen aus Substanzen, die in der Natur frei vorkommen. Diese sind <strong>nicht (oder kaum) sch\u00e4dlich f\u00fcr die Ozonschicht<\/strong> und tragen dadurch viel weniger zur globalen Erderw\u00e4rmung bei (das Treibhauspotential GWP ist niedriger) und sind somit auch viel weniger umweltsch\u00e4dlich. Entscheiden Sie sich f\u00fcr eine Anlage auf Grundlage nat\u00fcrlicher K\u00e4ltemittel, entscheiden Sie sich automatisch f\u00fcr eine nachhaltige L\u00f6sung. Kann kein nat\u00fcrliches K\u00e4ltemittel eingesetzt werden, bieten wir eine Alternative mit einem K\u00e4ltemittel mit dem geringstm\u00f6glichen GWP an, z. B. R449a oder R523a. Eventuell kann auch der Einsatz einer K\u00e4lteanlage mit einem nat\u00fcrlichen K\u00e4ltemittel die L\u00f6sung Ihres Problems sein. Die Anschaffung von energiesparenden Anlagen mit nat\u00fcrlichen K\u00e4ltemitteln wird von der Regierung finanziell unterst\u00fctzt. Dadurch sind diese Anlagen oft nicht viel teurer als Anlagen mit chemischen K\u00e4ltemitteln.[\/vc_column_text][vc_custom_heading text=&#8220;Die wichtigsten Vorteile nat\u00fcrlicher K\u00e4ltemittel auf einen Blick:&#8220; font_container=&#8220;tag:h3|text_align:left&#8220; use_theme_fonts=&#8220;yes&#8220;][vc_column_text]<\/p>\n<ul>\n<li>Viel weniger umweltsch\u00e4dlich<\/li>\n<li>Energiesparender<\/li>\n<li>Zukunftssicher<\/li>\n<\/ul>\n<p>[\/vc_column_text][vc_custom_heading text=&#8220;Ammoniak, CO2 und Propan&#8220; font_container=&#8220;tag:h3|text_align:left&#8220; use_theme_fonts=&#8220;yes&#8220;][vc_column_text]Wir verwenden die drei g\u00e4ngigsten und geeignetsten nat\u00fcrlichen K\u00e4ltemittel, n\u00e4mlich NH<sub>3<\/sub> (Ammoniak), CO<sub>2<\/sub> (Kohlendioxid) und R290 (Propan). Diese drei K\u00e4ltemittel haben sehr unterschiedliche Eigenschaften, sodass wir auf Grundlage Ihrer Bed\u00fcrfnisse entscheiden, welches K\u00e4ltemittel oder welche Kombination von K\u00e4ltemitteln wir einsetzen.[\/vc_column_text][vc_custom_heading text=&#8220;Energieverbrauch&#8220; font_container=&#8220;tag:h3|text_align:left&#8220; use_theme_fonts=&#8220;yes&#8220;][vc_column_text]Bei der Konstruktion ber\u00fccksichtigen wir von Anfang an den Energieverbrauch Ihrer Anlage. Dies wird f\u00fcr alle auftretende Umst\u00e4nde von Anfang bis Ende durchgerechnet. Die Effizienz Ihrer Anlage spielt \u00fcber den gesamten Lebenszyklus eine wichtige Rolle. Oftmals haben sich die Mehrkosten f\u00fcr eine energetisch optimale Anlage in k\u00fcrzester Zeit amortisiert. Neben der k\u00fchltechnischen Konstruktion wird der Energieverbrauch durch die Intelligenz der Steuerung bestimmt. Je besser die Anlage gesteuert wird, desto weniger Energie wird verbraucht. Intelligente Steuerstrategien sind Standard in unseren <a href=\"https:\/\/vanabeelen.eu\/de\/kaltetechnik\/sps-technologie\/\">SPS-Programmen<\/a>. Diese intelligenten Computersteuerungen k\u00f6nnen auch bei bestehenden Anlagen nachger\u00fcstet werden. Damit k\u00f6nnen nicht selten Energieeinsparungen von 20 bis 30 Prozent erzielt werden.[\/vc_column_text][vc_custom_heading text=&#8220;Restw\u00e4rme&#8220; font_container=&#8220;tag:h3|text_align:left&#8220; use_theme_fonts=&#8220;yes&#8220;][vc_column_text]Jedes K\u00fchlanlage, egal wie energiesparend sie arbeitet, liefert Restw\u00e4rme. H\u00e4ufig ist es m\u00f6glich, diese Restw\u00e4rme beispielsweise in Warmwasser f\u00fcr die Reinigung der Produktionsbereiche oder die Beheizung von B\u00fcros umzuwandeln. So wird die W\u00e4rme, die sonst nach au\u00dfen abgef\u00fchrt wird, sinnvoll genutzt. Dar\u00fcber hinaus verf\u00fcgt Van Abeelen K\u00e4ltetechnik \u00fcber eine umfangreiche Auswahl an W\u00e4rmepumpen. Diese werden speziell f\u00fcr Ihre Anwendung konzipiert. Gemeinsam mit Ihnen pr\u00fcfen wir, welche L\u00f6sung in Ihrem Unternehmen unter Ber\u00fccksichtigung der Effizienz und Amortisationszeit die beste ist. Mithilfe dieser Technik k\u00f6nnen wir Ihnen z. B. Warmwasser mit einer Temperatur von +65 \u00b0C bereitstellen.[\/vc_column_text][\/vc_column_inner][vc_column_inner width=&#8220;1\/3&#8243;][vc_column_text el_class=&#8220;BoxShadow&#8220;]<\/p>\n<h3>Mehr zu nat\u00fcrlichen K\u00e4ltemitteln erfahren?<\/h3>\n<p>Kein Problem! Sie erreichen uns unter <strong style=\"color: #00527a;\">+31 (0) 61 230 052<\/strong> oder f\u00fcllen Sie das nachfolgende Kontaktformular aus. Wir melden uns schnellstm\u00f6glich bei Ihnen.<\/p>\n<div class=\"wpcf7 no-js\" id=\"wpcf7-f7179-o1\" lang=\"nl-NL\" dir=\"ltr\" data-wpcf7-id=\"7179\">\n<div class=\"screen-reader-response\"><p role=\"status\" aria-live=\"polite\" aria-atomic=\"true\"><\/p> <ul><\/ul><\/div>\n<form action=\"\/de\/wp-json\/wp\/v2\/pages\/7966#wpcf7-f7179-o1\" method=\"post\" class=\"wpcf7-form init\" aria-label=\"Contactformulier\" novalidate=\"novalidate\" data-status=\"init\">\n<fieldset class=\"hidden-fields-container\"><input type=\"hidden\" name=\"_wpcf7\" value=\"7179\" \/><input type=\"hidden\" name=\"_wpcf7_version\" value=\"6.1.5\" \/><input type=\"hidden\" name=\"_wpcf7_locale\" value=\"nl_NL\" \/><input type=\"hidden\" name=\"_wpcf7_unit_tag\" value=\"wpcf7-f7179-o1\" \/><input type=\"hidden\" name=\"_wpcf7_container_post\" value=\"0\" \/><input type=\"hidden\" name=\"_wpcf7_posted_data_hash\" value=\"\" \/><input type=\"hidden\" name=\"_wpcf7_recaptcha_response\" value=\"\" \/>\n<\/fieldset>\n<p><span class=\"wpcf7-form-control-wrap\" data-name=\"naam\"><input size=\"40\" maxlength=\"400\" class=\"wpcf7-form-control wpcf7-text wpcf7-validates-as-required\" aria-required=\"true\" aria-invalid=\"false\" placeholder=\"Name *\" value=\"\" type=\"text\" name=\"naam\" \/><\/span><br \/>\n<span class=\"wpcf7-form-control-wrap\" data-name=\"email\"><input size=\"40\" maxlength=\"400\" class=\"wpcf7-form-control wpcf7-email wpcf7-validates-as-required wpcf7-text wpcf7-validates-as-email\" aria-required=\"true\" aria-invalid=\"false\" placeholder=\"E-Mail-Adresse*\" value=\"\" type=\"email\" name=\"email\" \/><\/span><br \/>\n<span class=\"wpcf7-form-control-wrap\" data-name=\"telefoon\"><input size=\"40\" maxlength=\"400\" class=\"wpcf7-form-control wpcf7-text\" aria-invalid=\"false\" placeholder=\"Telefon\" value=\"\" type=\"text\" name=\"telefoon\" \/><\/span><br \/>\n<span class=\"wpcf7-form-control-wrap\" data-name=\"bericht\"><textarea cols=\"40\" rows=\"10\" maxlength=\"2000\" class=\"wpcf7-form-control wpcf7-textarea wpcf7-validates-as-required\" aria-required=\"true\" aria-invalid=\"false\" placeholder=\"Nachricht *\" name=\"bericht\"><\/textarea><\/span>\n<\/p>\n<p><input class=\"wpcf7-form-control wpcf7-submit has-spinner\" type=\"submit\" value=\"Senden\" \/>\n<\/p><input type=\"hidden\" id=\"ct_checkjs_cf7_26dd0dbc6e3f4c8043749885523d6a25\" name=\"ct_checkjs_cf7\" value=\"0\" \/><div class=\"wpcf7-response-output\" aria-hidden=\"true\"><\/div>\n<\/form>\n<\/div>\n[\/vc_column_text][vc_empty_space height=&#8220;10px&#8220;][\/vc_column_inner][\/vc_row_inner][\/vc_column][\/vc_row]<\/p>\n<\/div>","protected":false},"excerpt":{"rendered":"<p><span class=\"excerpt-hellip\"> [\u2026]<\/span><\/p>\n","protected":false},"author":1,"featured_media":0,"parent":7191,"menu_order":0,"comment_status":"closed","ping_status":"closed","template":"","meta":{"footnotes":""},"class_list":["post-7966","page","type-page","status-publish","hentry"],"yoast_head":"<!-- This site is optimized with the Yoast SEO plugin v27.3 - https:\/\/yoast.com\/product\/yoast-seo-wordpress\/ -->\n<title>Van Abeelen K\u00e4ltetechnik | Nat\u00fcrliche K\u00e4ltemittel<\/title>\n<meta name=\"robots\" content=\"index, follow, max-snippet:-1, max-image-preview:large, max-video-preview:-1\" \/>\n<link rel=\"canonical\" href=\"https:\/\/vanabeelen.eu\/de\/kaltetechnik\/nachhaltige-konstruktionen-2\/\" \/>\n<meta property=\"og:locale\" content=\"de_DE\" \/>\n<meta property=\"og:type\" content=\"article\" \/>\n<meta property=\"og:title\" content=\"Van Abeelen K\u00e4ltetechnik | Nat\u00fcrliche K\u00e4ltemittel\" \/>\n<meta property=\"og:description\" content=\"[\u2026]\" \/>\n<meta property=\"og:url\" content=\"https:\/\/vanabeelen.eu\/de\/kaltetechnik\/nachhaltige-konstruktionen-2\/\" \/>\n<meta property=\"og:site_name\" content=\"Van Abeelen\" \/>\n<meta property=\"article:publisher\" content=\"https:\/\/www.facebook.com\/vanabeelen.eu\/\" \/>\n<meta property=\"article:modified_time\" content=\"2020-04-22T20:40:22+00:00\" \/>\n<meta name=\"twitter:card\" content=\"summary_large_image\" \/>\n<meta name=\"twitter:label1\" content=\"Gesch\u00e4tzte Lesezeit\" \/>\n\t<meta name=\"twitter:data1\" content=\"4\u00a0Minuten\" \/>\n<script type=\"application\/ld+json\" class=\"yoast-schema-graph\">{\"@context\":\"https:\\\/\\\/schema.org\",\"@graph\":[{\"@type\":\"WebPage\",\"@id\":\"https:\\\/\\\/vanabeelen.eu\\\/de\\\/kaltetechnik\\\/nachhaltige-konstruktionen-2\\\/\",\"url\":\"https:\\\/\\\/vanabeelen.eu\\\/de\\\/kaltetechnik\\\/nachhaltige-konstruktionen-2\\\/\",\"name\":\"Van Abeelen K\u00e4ltetechnik | Nat\u00fcrliche K\u00e4ltemittel\",\"isPartOf\":{\"@id\":\"https:\\\/\\\/vanabeelen.eu\\\/#website\"},\"datePublished\":\"2018-10-01T10:50:14+00:00\",\"dateModified\":\"2020-04-22T20:40:22+00:00\",\"breadcrumb\":{\"@id\":\"https:\\\/\\\/vanabeelen.eu\\\/de\\\/kaltetechnik\\\/nachhaltige-konstruktionen-2\\\/#breadcrumb\"},\"inLanguage\":\"de\",\"potentialAction\":[{\"@type\":\"ReadAction\",\"target\":[\"https:\\\/\\\/vanabeelen.eu\\\/de\\\/kaltetechnik\\\/nachhaltige-konstruktionen-2\\\/\"]}]},{\"@type\":\"BreadcrumbList\",\"@id\":\"https:\\\/\\\/vanabeelen.eu\\\/de\\\/kaltetechnik\\\/nachhaltige-konstruktionen-2\\\/#breadcrumb\",\"itemListElement\":[{\"@type\":\"ListItem\",\"position\":1,\"name\":\"Home\",\"item\":\"https:\\\/\\\/vanabeelen.eu\\\/de\\\/\"},{\"@type\":\"ListItem\",\"position\":2,\"name\":\"K\u00e4ltetechnik\",\"item\":\"https:\\\/\\\/vanabeelen.eu\\\/de\\\/kaltetechnik\\\/\"},{\"@type\":\"ListItem\",\"position\":3,\"name\":\"Nachhaltige Konstruktionen\"}]},{\"@type\":\"WebSite\",\"@id\":\"https:\\\/\\\/vanabeelen.eu\\\/#website\",\"url\":\"https:\\\/\\\/vanabeelen.eu\\\/\",\"name\":\"Van Abeelen\",\"description\":\"Koude- en klimaatoplossingen\",\"publisher\":{\"@id\":\"https:\\\/\\\/vanabeelen.eu\\\/#organization\"},\"potentialAction\":[{\"@type\":\"SearchAction\",\"target\":{\"@type\":\"EntryPoint\",\"urlTemplate\":\"https:\\\/\\\/vanabeelen.eu\\\/?s={search_term_string}\"},\"query-input\":{\"@type\":\"PropertyValueSpecification\",\"valueRequired\":true,\"valueName\":\"search_term_string\"}}],\"inLanguage\":\"de\"},{\"@type\":\"Organization\",\"@id\":\"https:\\\/\\\/vanabeelen.eu\\\/#organization\",\"name\":\"Van Abeelen\",\"url\":\"https:\\\/\\\/vanabeelen.eu\\\/\",\"logo\":{\"@type\":\"ImageObject\",\"inLanguage\":\"de\",\"@id\":\"https:\\\/\\\/vanabeelen.eu\\\/#\\\/schema\\\/logo\\\/image\\\/\",\"url\":\"https:\\\/\\\/vanabeelen.eu\\\/wp-content\\\/uploads\\\/2018\\\/09\\\/vanabeelen-logo-retina.png\",\"contentUrl\":\"https:\\\/\\\/vanabeelen.eu\\\/wp-content\\\/uploads\\\/2018\\\/09\\\/vanabeelen-logo-retina.png\",\"width\":516,\"height\":120,\"caption\":\"Van Abeelen\"},\"image\":{\"@id\":\"https:\\\/\\\/vanabeelen.eu\\\/#\\\/schema\\\/logo\\\/image\\\/\"},\"sameAs\":[\"https:\\\/\\\/www.facebook.com\\\/vanabeelen.eu\\\/\",\"https:\\\/\\\/www.instagram.com\\\/vanabeelengroep\\\/\",\"https:\\\/\\\/nl.linkedin.com\\\/company\\\/van-abeelen-koeltechniek\"]}]}<\/script>\n<!-- \/ Yoast SEO plugin. -->","yoast_head_json":{"title":"Van Abeelen K\u00e4ltetechnik | Nat\u00fcrliche K\u00e4ltemittel","robots":{"index":"index","follow":"follow","max-snippet":"max-snippet:-1","max-image-preview":"max-image-preview:large","max-video-preview":"max-video-preview:-1"},"canonical":"https:\/\/vanabeelen.eu\/de\/kaltetechnik\/nachhaltige-konstruktionen-2\/","og_locale":"de_DE","og_type":"article","og_title":"Van Abeelen K\u00e4ltetechnik | Nat\u00fcrliche K\u00e4ltemittel","og_description":"[\u2026]","og_url":"https:\/\/vanabeelen.eu\/de\/kaltetechnik\/nachhaltige-konstruktionen-2\/","og_site_name":"Van Abeelen","article_publisher":"https:\/\/www.facebook.com\/vanabeelen.eu\/","article_modified_time":"2020-04-22T20:40:22+00:00","twitter_card":"summary_large_image","twitter_misc":{"Gesch\u00e4tzte Lesezeit":"4\u00a0Minuten"},"schema":{"@context":"https:\/\/schema.org","@graph":[{"@type":"WebPage","@id":"https:\/\/vanabeelen.eu\/de\/kaltetechnik\/nachhaltige-konstruktionen-2\/","url":"https:\/\/vanabeelen.eu\/de\/kaltetechnik\/nachhaltige-konstruktionen-2\/","name":"Van Abeelen K\u00e4ltetechnik | Nat\u00fcrliche K\u00e4ltemittel","isPartOf":{"@id":"https:\/\/vanabeelen.eu\/#website"},"datePublished":"2018-10-01T10:50:14+00:00","dateModified":"2020-04-22T20:40:22+00:00","breadcrumb":{"@id":"https:\/\/vanabeelen.eu\/de\/kaltetechnik\/nachhaltige-konstruktionen-2\/#breadcrumb"},"inLanguage":"de","potentialAction":[{"@type":"ReadAction","target":["https:\/\/vanabeelen.eu\/de\/kaltetechnik\/nachhaltige-konstruktionen-2\/"]}]},{"@type":"BreadcrumbList","@id":"https:\/\/vanabeelen.eu\/de\/kaltetechnik\/nachhaltige-konstruktionen-2\/#breadcrumb","itemListElement":[{"@type":"ListItem","position":1,"name":"Home","item":"https:\/\/vanabeelen.eu\/de\/"},{"@type":"ListItem","position":2,"name":"K\u00e4ltetechnik","item":"https:\/\/vanabeelen.eu\/de\/kaltetechnik\/"},{"@type":"ListItem","position":3,"name":"Nachhaltige Konstruktionen"}]},{"@type":"WebSite","@id":"https:\/\/vanabeelen.eu\/#website","url":"https:\/\/vanabeelen.eu\/","name":"Van Abeelen","description":"Koude- en klimaatoplossingen","publisher":{"@id":"https:\/\/vanabeelen.eu\/#organization"},"potentialAction":[{"@type":"SearchAction","target":{"@type":"EntryPoint","urlTemplate":"https:\/\/vanabeelen.eu\/?s={search_term_string}"},"query-input":{"@type":"PropertyValueSpecification","valueRequired":true,"valueName":"search_term_string"}}],"inLanguage":"de"},{"@type":"Organization","@id":"https:\/\/vanabeelen.eu\/#organization","name":"Van Abeelen","url":"https:\/\/vanabeelen.eu\/","logo":{"@type":"ImageObject","inLanguage":"de","@id":"https:\/\/vanabeelen.eu\/#\/schema\/logo\/image\/","url":"https:\/\/vanabeelen.eu\/wp-content\/uploads\/2018\/09\/vanabeelen-logo-retina.png","contentUrl":"https:\/\/vanabeelen.eu\/wp-content\/uploads\/2018\/09\/vanabeelen-logo-retina.png","width":516,"height":120,"caption":"Van Abeelen"},"image":{"@id":"https:\/\/vanabeelen.eu\/#\/schema\/logo\/image\/"},"sameAs":["https:\/\/www.facebook.com\/vanabeelen.eu\/","https:\/\/www.instagram.com\/vanabeelengroep\/","https:\/\/nl.linkedin.com\/company\/van-abeelen-koeltechniek"]}]}},"_links":{"self":[{"href":"https:\/\/vanabeelen.eu\/de\/wp-json\/wp\/v2\/pages\/7966","targetHints":{"allow":["GET"]}}],"collection":[{"href":"https:\/\/vanabeelen.eu\/de\/wp-json\/wp\/v2\/pages"}],"about":[{"href":"https:\/\/vanabeelen.eu\/de\/wp-json\/wp\/v2\/types\/page"}],"author":[{"embeddable":true,"href":"https:\/\/vanabeelen.eu\/de\/wp-json\/wp\/v2\/users\/1"}],"replies":[{"embeddable":true,"href":"https:\/\/vanabeelen.eu\/de\/wp-json\/wp\/v2\/comments?post=7966"}],"version-history":[{"count":0,"href":"https:\/\/vanabeelen.eu\/de\/wp-json\/wp\/v2\/pages\/7966\/revisions"}],"up":[{"embeddable":true,"href":"https:\/\/vanabeelen.eu\/de\/wp-json\/wp\/v2\/pages\/7191"}],"wp:attachment":[{"href":"https:\/\/vanabeelen.eu\/de\/wp-json\/wp\/v2\/media?parent=7966"}],"curies":[{"name":"wp","href":"https:\/\/api.w.org\/{rel}","templated":true}]}}