{"id":7892,"date":"2018-10-01T12:13:30","date_gmt":"2018-10-01T10:13:30","guid":{"rendered":"https:\/\/vanabeelen.eu\/uber-uns\/unsere-methode\/"},"modified":"2021-10-01T14:08:25","modified_gmt":"2021-10-01T12:08:25","slug":"unsere-methode","status":"publish","type":"page","link":"https:\/\/vanabeelen.eu\/de\/uber-uns\/unsere-methode\/","title":{"rendered":"Unsere Methode"},"content":{"rendered":"<div class=\"wpb-content-wrapper\"><p>[vc_row full_width=&#8220;stretch_row&#8220; equal_height=&#8220;yes&#8220; css=&#8220;.vc_custom_1582108376652{background-color: #00527a !important;}&#8220;][vc_column][vc_column_text]<\/p>\n<h1 style=\"color: #fff;\"><span style=\"font-weight: 300;\">Unsere Methode:<\/span><br \/>\nziel- und kundenorientiert<\/h1>\n<p>[\/vc_column_text][\/vc_column][\/vc_row][vc_row][vc_column width=&#8220;1\/2&#8243;][vc_column_text css=&#8220;.vc_custom_1587465295283{margin-top: 75px !important;}&#8220;]<\/p>\n<h1 style=\"text-align: center;\">Van Abeelen <span style=\"font-weight: 300;\">hat mit seiner <\/span>umfangreichen Erfahrung <span style=\"font-weight: 300;\">schon viele <\/span>innovative, nachhaltige und effiziente Anlagen geliefert.<\/h1>\n<p>[\/vc_column_text][\/vc_column][vc_column width=&#8220;1\/2&#8243; css=&#8220;.vc_custom_1582119839642{margin-right: 25px !important;}&#8220;][vc_single_image image=&#8220;7344&#8243; img_size=&#8220;450&#215;600&#8243; alignment=&#8220;center&#8220; css=&#8220;.vc_custom_1633090099433{margin-top: -100px !important;}&#8220; el_class=&#8220;content-desktop&#8220;][\/vc_column][\/vc_row][vc_row css=&#8220;.vc_custom_1549278540620{padding-bottom: 30px !important;}&#8220;][vc_column width=&#8220;1\/3&#8243;][vc_single_image image=&#8220;6418&#8243; img_size=&#8220;450&#215;450&#8243; el_class=&#8220;content-desktop&#8220;][vc_single_image image=&#8220;6374&#8243; img_size=&#8220;450&#215;450&#8243; el_class=&#8220;content-mobile&#8220;][vc_wp_custommenu nav_menu=&#8220;11&#8243;][\/vc_column][vc_column width=&#8220;2\/3&#8243;][vc_column_text]Professionelle L\u00f6sungen im Bereich der K\u00e4lte- und Klimatechnik erfordern einen modernen und fachkundigen Ansatz. K\u00fchlen, Frosten und die Schaffung eines optimalen Raumklimas erfordern umfangreiche Fachkenntnisse. Van Abeelen ist in der Lage, die nachhaltigsten und energiesparendsten Anlagen zu realisieren. Unsere Arbeit ist immer kundenorientiert und stellt die Ziele und Bed\u00fcrfnisse des jeweiligen Kunden in den Mittelpunkt. [\/vc_column_text][vc_custom_heading text=&#8220;Unverbindliche und \u201ecoole\u201c technische Beratung!&#8220; font_container=&#8220;tag:h3|text_align:left&#8220; use_theme_fonts=&#8220;yes&#8220;][vc_column_text]Van Abeelen hat \u00fcber Jahrzehnte umfangreiche Erfahrungen bei einer Vielzahl von Kunden im In- und Ausland und in verschiedenen Branchen sammeln k\u00f6nnen. Wir haben ihnen innovative, nachhaltige und effiziente Anlagen geliefert.[\/vc_column_text][vc_custom_heading text=&#8220;Von Klimaanlagen bis hin zu komplexen K\u00fchlsystemen&#8220; font_container=&#8220;tag:h3|text_align:left&#8220; use_theme_fonts=&#8220;yes&#8220;][vc_column_text]Ob Sie nur ein kleines Klimager\u00e4t ben\u00f6tigen oder eine Fabrikhalle k\u00fchlen m\u00f6chten: f\u00fcr uns macht das keinen Unterschied. Wir kommen bei Ihnen vorbei und beraten Sie unverbindlich.[\/vc_column_text][vc_custom_heading text=&#8220;Referenzen&#8220; font_container=&#8220;tag:h3|text_align:left&#8220; use_theme_fonts=&#8220;yes&#8220;][vc_column_text]Wir sind stolz auf die vielen Empfehlungen und Referenzen, die wir von unseren Kunden erhalten. Auf dieser Website finden Sie eine Reihe von Beispielen. [\/vc_column_text][vc_custom_heading text=&#8220;Wir liefern und warten u. a.:&#8220; font_container=&#8220;tag:h3|text_align:left&#8220; use_theme_fonts=&#8220;yes&#8220;][vc_column_text]<\/p>\n<ul>\n<li>K\u00fchl- und Gefrierzellen<\/li>\n<li>Gewerbliche K\u00e4ltetechnik<\/li>\n<li>K\u00fchl- und Gefrierm\u00f6bel<\/li>\n<li>Klimaanlagen und W\u00e4rmepumpensysteme<\/li>\n<li>K\u00fchl- und Gefrieranlagen im Pflegebereich<\/li>\n<li>K\u00fchlung von Blumen und Blumenzwiebeln<\/li>\n<li>K\u00fchlung von K\u00e4se w\u00e4hrend der K\u00e4sereifung<\/li>\n<li>K\u00fchlung von Fleisch<\/li>\n<li>K\u00fchlung von Kartoffeln, Obst und Gem\u00fcse<\/li>\n<li>Klimatisierung von Gesch\u00e4ftsr\u00e4umen<\/li>\n<li>K\u00fchlanlagen in der Logistikbranche<\/li>\n<\/ul>\n<p>[\/vc_column_text][\/vc_column][\/vc_row][vc_row][vc_column width=&#8220;1\/6&#8243;][\/vc_column][vc_column width=&#8220;2\/3&#8243;][vc_separator][\/vc_column][vc_column width=&#8220;1\/6&#8243;][\/vc_column][\/vc_row]<\/p>\n<\/div>","protected":false},"excerpt":{"rendered":"<p><span class=\"excerpt-hellip\"> [\u2026]<\/span><\/p>\n","protected":false},"author":1,"featured_media":0,"parent":7890,"menu_order":0,"comment_status":"closed","ping_status":"closed","template":"","meta":{"footnotes":""},"class_list":["post-7892","page","type-page","status-publish","hentry"],"yoast_head":"<!-- This site is optimized with the Yoast SEO plugin v27.3 - https:\/\/yoast.com\/product\/yoast-seo-wordpress\/ -->\n<title>Unsere Methode - Van Abeelen<\/title>\n<meta name=\"robots\" content=\"index, follow, max-snippet:-1, max-image-preview:large, max-video-preview:-1\" \/>\n<link rel=\"canonical\" href=\"https:\/\/vanabeelen.eu\/de\/uber-uns\/unsere-methode\/\" \/>\n<meta property=\"og:locale\" content=\"de_DE\" \/>\n<meta property=\"og:type\" content=\"article\" \/>\n<meta property=\"og:title\" content=\"Unsere Methode - Van Abeelen\" \/>\n<meta property=\"og:description\" content=\"[\u2026]\" \/>\n<meta property=\"og:url\" content=\"https:\/\/vanabeelen.eu\/de\/uber-uns\/unsere-methode\/\" \/>\n<meta property=\"og:site_name\" content=\"Van Abeelen\" \/>\n<meta property=\"article:publisher\" content=\"https:\/\/www.facebook.com\/vanabeelen.eu\/\" \/>\n<meta property=\"article:modified_time\" content=\"2021-10-01T12:08:25+00:00\" \/>\n<meta name=\"twitter:card\" content=\"summary_large_image\" \/>\n<meta name=\"twitter:label1\" content=\"Gesch\u00e4tzte Lesezeit\" \/>\n\t<meta name=\"twitter:data1\" content=\"2\u00a0Minuten\" \/>\n<script type=\"application\/ld+json\" class=\"yoast-schema-graph\">{\"@context\":\"https:\\\/\\\/schema.org\",\"@graph\":[{\"@type\":\"WebPage\",\"@id\":\"https:\\\/\\\/vanabeelen.eu\\\/de\\\/uber-uns\\\/unsere-methode\\\/\",\"url\":\"https:\\\/\\\/vanabeelen.eu\\\/de\\\/uber-uns\\\/unsere-methode\\\/\",\"name\":\"Unsere Methode - Van Abeelen\",\"isPartOf\":{\"@id\":\"https:\\\/\\\/vanabeelen.eu\\\/#website\"},\"datePublished\":\"2018-10-01T10:13:30+00:00\",\"dateModified\":\"2021-10-01T12:08:25+00:00\",\"breadcrumb\":{\"@id\":\"https:\\\/\\\/vanabeelen.eu\\\/de\\\/uber-uns\\\/unsere-methode\\\/#breadcrumb\"},\"inLanguage\":\"de\",\"potentialAction\":[{\"@type\":\"ReadAction\",\"target\":[\"https:\\\/\\\/vanabeelen.eu\\\/de\\\/uber-uns\\\/unsere-methode\\\/\"]}]},{\"@type\":\"BreadcrumbList\",\"@id\":\"https:\\\/\\\/vanabeelen.eu\\\/de\\\/uber-uns\\\/unsere-methode\\\/#breadcrumb\",\"itemListElement\":[{\"@type\":\"ListItem\",\"position\":1,\"name\":\"Home\",\"item\":\"https:\\\/\\\/vanabeelen.eu\\\/de\\\/\"},{\"@type\":\"ListItem\",\"position\":2,\"name\":\"\u00dcber uns\",\"item\":\"https:\\\/\\\/vanabeelen.eu\\\/de\\\/uber-uns\\\/\"},{\"@type\":\"ListItem\",\"position\":3,\"name\":\"Unsere Methode\"}]},{\"@type\":\"WebSite\",\"@id\":\"https:\\\/\\\/vanabeelen.eu\\\/#website\",\"url\":\"https:\\\/\\\/vanabeelen.eu\\\/\",\"name\":\"Van Abeelen\",\"description\":\"Koude- en klimaatoplossingen\",\"publisher\":{\"@id\":\"https:\\\/\\\/vanabeelen.eu\\\/#organization\"},\"potentialAction\":[{\"@type\":\"SearchAction\",\"target\":{\"@type\":\"EntryPoint\",\"urlTemplate\":\"https:\\\/\\\/vanabeelen.eu\\\/?s={search_term_string}\"},\"query-input\":{\"@type\":\"PropertyValueSpecification\",\"valueRequired\":true,\"valueName\":\"search_term_string\"}}],\"inLanguage\":\"de\"},{\"@type\":\"Organization\",\"@id\":\"https:\\\/\\\/vanabeelen.eu\\\/#organization\",\"name\":\"Van Abeelen\",\"url\":\"https:\\\/\\\/vanabeelen.eu\\\/\",\"logo\":{\"@type\":\"ImageObject\",\"inLanguage\":\"de\",\"@id\":\"https:\\\/\\\/vanabeelen.eu\\\/#\\\/schema\\\/logo\\\/image\\\/\",\"url\":\"https:\\\/\\\/vanabeelen.eu\\\/wp-content\\\/uploads\\\/2018\\\/09\\\/vanabeelen-logo-retina.png\",\"contentUrl\":\"https:\\\/\\\/vanabeelen.eu\\\/wp-content\\\/uploads\\\/2018\\\/09\\\/vanabeelen-logo-retina.png\",\"width\":516,\"height\":120,\"caption\":\"Van Abeelen\"},\"image\":{\"@id\":\"https:\\\/\\\/vanabeelen.eu\\\/#\\\/schema\\\/logo\\\/image\\\/\"},\"sameAs\":[\"https:\\\/\\\/www.facebook.com\\\/vanabeelen.eu\\\/\",\"https:\\\/\\\/www.instagram.com\\\/vanabeelengroep\\\/\",\"https:\\\/\\\/nl.linkedin.com\\\/company\\\/van-abeelen-koeltechniek\"]}]}<\/script>\n<!-- \/ Yoast SEO plugin. -->","yoast_head_json":{"title":"Unsere Methode - Van Abeelen","robots":{"index":"index","follow":"follow","max-snippet":"max-snippet:-1","max-image-preview":"max-image-preview:large","max-video-preview":"max-video-preview:-1"},"canonical":"https:\/\/vanabeelen.eu\/de\/uber-uns\/unsere-methode\/","og_locale":"de_DE","og_type":"article","og_title":"Unsere Methode - Van Abeelen","og_description":"[\u2026]","og_url":"https:\/\/vanabeelen.eu\/de\/uber-uns\/unsere-methode\/","og_site_name":"Van Abeelen","article_publisher":"https:\/\/www.facebook.com\/vanabeelen.eu\/","article_modified_time":"2021-10-01T12:08:25+00:00","twitter_card":"summary_large_image","twitter_misc":{"Gesch\u00e4tzte Lesezeit":"2\u00a0Minuten"},"schema":{"@context":"https:\/\/schema.org","@graph":[{"@type":"WebPage","@id":"https:\/\/vanabeelen.eu\/de\/uber-uns\/unsere-methode\/","url":"https:\/\/vanabeelen.eu\/de\/uber-uns\/unsere-methode\/","name":"Unsere Methode - Van Abeelen","isPartOf":{"@id":"https:\/\/vanabeelen.eu\/#website"},"datePublished":"2018-10-01T10:13:30+00:00","dateModified":"2021-10-01T12:08:25+00:00","breadcrumb":{"@id":"https:\/\/vanabeelen.eu\/de\/uber-uns\/unsere-methode\/#breadcrumb"},"inLanguage":"de","potentialAction":[{"@type":"ReadAction","target":["https:\/\/vanabeelen.eu\/de\/uber-uns\/unsere-methode\/"]}]},{"@type":"BreadcrumbList","@id":"https:\/\/vanabeelen.eu\/de\/uber-uns\/unsere-methode\/#breadcrumb","itemListElement":[{"@type":"ListItem","position":1,"name":"Home","item":"https:\/\/vanabeelen.eu\/de\/"},{"@type":"ListItem","position":2,"name":"\u00dcber uns","item":"https:\/\/vanabeelen.eu\/de\/uber-uns\/"},{"@type":"ListItem","position":3,"name":"Unsere Methode"}]},{"@type":"WebSite","@id":"https:\/\/vanabeelen.eu\/#website","url":"https:\/\/vanabeelen.eu\/","name":"Van Abeelen","description":"Koude- en klimaatoplossingen","publisher":{"@id":"https:\/\/vanabeelen.eu\/#organization"},"potentialAction":[{"@type":"SearchAction","target":{"@type":"EntryPoint","urlTemplate":"https:\/\/vanabeelen.eu\/?s={search_term_string}"},"query-input":{"@type":"PropertyValueSpecification","valueRequired":true,"valueName":"search_term_string"}}],"inLanguage":"de"},{"@type":"Organization","@id":"https:\/\/vanabeelen.eu\/#organization","name":"Van Abeelen","url":"https:\/\/vanabeelen.eu\/","logo":{"@type":"ImageObject","inLanguage":"de","@id":"https:\/\/vanabeelen.eu\/#\/schema\/logo\/image\/","url":"https:\/\/vanabeelen.eu\/wp-content\/uploads\/2018\/09\/vanabeelen-logo-retina.png","contentUrl":"https:\/\/vanabeelen.eu\/wp-content\/uploads\/2018\/09\/vanabeelen-logo-retina.png","width":516,"height":120,"caption":"Van Abeelen"},"image":{"@id":"https:\/\/vanabeelen.eu\/#\/schema\/logo\/image\/"},"sameAs":["https:\/\/www.facebook.com\/vanabeelen.eu\/","https:\/\/www.instagram.com\/vanabeelengroep\/","https:\/\/nl.linkedin.com\/company\/van-abeelen-koeltechniek"]}]}},"_links":{"self":[{"href":"https:\/\/vanabeelen.eu\/de\/wp-json\/wp\/v2\/pages\/7892","targetHints":{"allow":["GET"]}}],"collection":[{"href":"https:\/\/vanabeelen.eu\/de\/wp-json\/wp\/v2\/pages"}],"about":[{"href":"https:\/\/vanabeelen.eu\/de\/wp-json\/wp\/v2\/types\/page"}],"author":[{"embeddable":true,"href":"https:\/\/vanabeelen.eu\/de\/wp-json\/wp\/v2\/users\/1"}],"replies":[{"embeddable":true,"href":"https:\/\/vanabeelen.eu\/de\/wp-json\/wp\/v2\/comments?post=7892"}],"version-history":[{"count":0,"href":"https:\/\/vanabeelen.eu\/de\/wp-json\/wp\/v2\/pages\/7892\/revisions"}],"up":[{"embeddable":true,"href":"https:\/\/vanabeelen.eu\/de\/wp-json\/wp\/v2\/pages\/7890"}],"wp:attachment":[{"href":"https:\/\/vanabeelen.eu\/de\/wp-json\/wp\/v2\/media?parent=7892"}],"curies":[{"name":"wp","href":"https:\/\/api.w.org\/{rel}","templated":true}]}}