{"id":7890,"date":"2018-10-01T12:07:39","date_gmt":"2018-10-01T10:07:39","guid":{"rendered":"https:\/\/vanabeelen.eu\/uber-uns\/"},"modified":"2024-08-26T10:27:15","modified_gmt":"2024-08-26T08:27:15","slug":"uber-uns","status":"publish","type":"page","link":"https:\/\/vanabeelen.eu\/de\/uber-uns\/","title":{"rendered":"\u00dcber uns"},"content":{"rendered":"<div class=\"wpb-content-wrapper\"><p>[vc_row full_width=&#8220;stretch_row&#8220; equal_height=&#8220;yes&#8220; css=&#8220;.vc_custom_1582108376652{background-color: #00527a !important;}&#8220;][vc_column][vc_column_text]<\/p>\n<h1 style=\"color: #fff;\">\u00dcber Van Abeelen<\/h1>\n<p>[\/vc_column_text][\/vc_column][\/vc_row][vc_row][vc_column width=&#8220;1\/2&#8243;][vc_column_text css=&#8220;.vc_custom_1724660629269{margin-top: 75px !important;}&#8220;]<\/p>\n<h1 style=\"text-align: center;\"><span style=\"color: #005179;\"><span style=\"font-weight: 300;\">\u201e<strong>Unser Wachstum<\/strong> verdanken wir <strong>unseren Fachkr\u00e4ften<\/strong><\/span><span style=\"font-weight: 300;\">\u201c<\/span><\/span><\/h1>\n<p>[\/vc_column_text][\/vc_column][vc_column width=&#8220;1\/2&#8243; css=&#8220;.vc_custom_1582119839642{margin-right: 25px !important;}&#8220;][vc_single_image image=&#8220;33078&#8243; img_size=&#8220;450&#215;600&#8243; alignment=&#8220;center&#8220; css=&#8220;.vc_custom_1724658869145{margin-top: -100px !important;}&#8220; el_class=&#8220;content-desktop&#8220;][\/vc_column][\/vc_row][vc_row][vc_column width=&#8220;1\/3&#8243;][vc_single_image image=&#8220;34738&#8243; img_size=&#8220;450&#215;450&#8243; css=&#8220;&#8220; el_class=&#8220;content-desktop&#8220;][vc_single_image image=&#8220;33078&#8243; img_size=&#8220;450&#215;450&#8243; css=&#8220;&#8220; el_class=&#8220;content-mobile&#8220;][vc_wp_custommenu nav_menu=&#8220;11&#8243;][\/vc_column][vc_column width=&#8220;2\/3&#8243;][vc_custom_heading text=&#8220;Seit \u00fcber 30 Jahren garantiert cool&#8220; font_container=&#8220;tag:h3|text_align:left&#8220; use_theme_fonts=&#8220;yes&#8220; css=&#8220;&#8220;][vc_column_text css=&#8220;&#8220;]Die Van Abeelen Gruppe besteht heute aus f\u00fcnf Divisionen: K\u00e4ltetechnik, Klimatechnik, Lebensmittelverarbeitungstechnik, Solarfridge und Rental Solutions. Ein breites Dienstleistungsspektrum, das es Van Abeelen erm\u00f6glicht, einen gro\u00dfen Teil des industriellen Marktes zu bedienen und Kunden vollst\u00e4ndig zu entlasten.<\/p>\n<p><span style=\"color: #005179;\"><strong>Alle Fachkenntnisse unter einem Dach<\/strong><\/span><\/p>\n<p>Jede Division hat ihre eigene Expertise und ein erfahrenes Team von Fachleuten, die gemeinsam unter einem Dach im hochmodernen B\u00fcrogeb\u00e4ude in Rijen sitzen und dort t\u00e4glich eng zusammenarbeiten. \u201e<em>Die meisten von ihnen sind urspr\u00fcnglich K\u00e4ltetechnik-Installateure und wissen, wovon sie sprechen. Darin liegt unsere St\u00e4rke<\/em>\u201c, sagt Gijs van Abeelen, Gr\u00fcnder und Eigent\u00fcmer der Van Abeelen Gruppe.<\/p>\n<p>Das Auffrischen von Wissen und die Ausbildung neuer Teammitglieder finden im internen Schulungszentrum statt. So bleibt jeder auf dem neuesten Stand, und wir unterst\u00fctzen unsere Kunden von A bis Z bei kleinen sowie bei gro\u00dfen und komplexen Projekten und Installationen.<\/p>\n<p><strong><span style=\"color: #005179;\">Die Kraft der Zusammenarbeit<\/span><\/strong><\/p>\n<p>W\u00e4hrend all der Schritte, die Van Abeelen im Laufe der Jahre unternommen hat, lag der Fokus immer auf Wissen, Innovation, Nachhaltigkeit und vor allem den Mitarbeitern. Dank ihres unerm\u00fcdlichen Einsatzes ist Van Abeelen seit 30 Jahren erfolgreich und w\u00e4chst weiter. Darauf kann man zu Recht stolz sein.<\/p>\n<p><strong><span style=\"color: #005179;\">Erfolgszutaten<\/span><\/strong><\/p>\n<p>\u201e<em>Innovativ bleiben und st\u00e4ndig neugierig sein, um neue nachhaltige und bessere spezialisierte K\u00e4ltetechnikl\u00f6sungen zu finden, ist das, was mich antreibt. Nat\u00fcrlich mache ich das nicht allein, sondern zusammen mit unserem Team von \u00fcber 30 engagierten und begeisterten Mitarbeitern. Ohne unsere Fachkr\u00e4fte sind wir nichts<\/em>\u201c, sagt Gijs.<\/p>\n<p><span style=\"color: #005179;\"><strong>Die Zukunft<\/strong><\/span><\/p>\n<p>Van Abeelen blickt gerne nach vorne. Stetiges Wachstum als Komplettanbieter in der Region, in den Niederlanden, aber auch international. Neben k\u00e4ltetechnischen und datengesteuerten Innovationen, wie z. B. Fern\u00fcberwachung, steht die Wahl nachhaltiger und energieeffizienter L\u00f6sungen f\u00fcr unsere Kunden im Mittelpunkt.[\/vc_column_text][\/vc_column][\/vc_row][vc_row][vc_column width=&#8220;1\/6&#8243;][\/vc_column][vc_column width=&#8220;2\/3&#8243;][vc_separator][\/vc_column][vc_column width=&#8220;1\/6&#8243;][\/vc_column][\/vc_row]<\/p>\n<\/div>","protected":false},"excerpt":{"rendered":"<p><span class=\"excerpt-hellip\"> [\u2026]<\/span><\/p>\n","protected":false},"author":1,"featured_media":0,"parent":0,"menu_order":0,"comment_status":"closed","ping_status":"closed","template":"","meta":{"footnotes":""},"class_list":["post-7890","page","type-page","status-publish","hentry"],"yoast_head":"<!-- This site is optimized with the Yoast SEO plugin v27.3 - https:\/\/yoast.com\/product\/yoast-seo-wordpress\/ -->\n<title>\u00dcber uns | Van Abeelen Gruppe<\/title>\n<meta name=\"robots\" content=\"index, follow, max-snippet:-1, max-image-preview:large, max-video-preview:-1\" \/>\n<link rel=\"canonical\" href=\"https:\/\/vanabeelen.eu\/de\/uber-uns\/\" \/>\n<meta property=\"og:locale\" content=\"de_DE\" \/>\n<meta property=\"og:type\" content=\"article\" \/>\n<meta property=\"og:title\" content=\"\u00dcber uns | Van Abeelen Gruppe\" \/>\n<meta property=\"og:description\" content=\"[\u2026]\" \/>\n<meta property=\"og:url\" content=\"https:\/\/vanabeelen.eu\/de\/uber-uns\/\" \/>\n<meta property=\"og:site_name\" content=\"Van Abeelen\" \/>\n<meta property=\"article:publisher\" content=\"https:\/\/www.facebook.com\/vanabeelen.eu\/\" \/>\n<meta property=\"article:modified_time\" content=\"2024-08-26T08:27:15+00:00\" \/>\n<meta name=\"twitter:card\" content=\"summary_large_image\" \/>\n<meta name=\"twitter:label1\" content=\"Gesch\u00e4tzte Lesezeit\" \/>\n\t<meta name=\"twitter:data1\" content=\"2\u00a0Minuten\" \/>\n<script type=\"application\/ld+json\" class=\"yoast-schema-graph\">{\"@context\":\"https:\\\/\\\/schema.org\",\"@graph\":[{\"@type\":\"WebPage\",\"@id\":\"https:\\\/\\\/vanabeelen.eu\\\/de\\\/uber-uns\\\/\",\"url\":\"https:\\\/\\\/vanabeelen.eu\\\/de\\\/uber-uns\\\/\",\"name\":\"\u00dcber uns | Van Abeelen Gruppe\",\"isPartOf\":{\"@id\":\"https:\\\/\\\/vanabeelen.eu\\\/#website\"},\"datePublished\":\"2018-10-01T10:07:39+00:00\",\"dateModified\":\"2024-08-26T08:27:15+00:00\",\"breadcrumb\":{\"@id\":\"https:\\\/\\\/vanabeelen.eu\\\/de\\\/uber-uns\\\/#breadcrumb\"},\"inLanguage\":\"de\",\"potentialAction\":[{\"@type\":\"ReadAction\",\"target\":[\"https:\\\/\\\/vanabeelen.eu\\\/de\\\/uber-uns\\\/\"]}]},{\"@type\":\"BreadcrumbList\",\"@id\":\"https:\\\/\\\/vanabeelen.eu\\\/de\\\/uber-uns\\\/#breadcrumb\",\"itemListElement\":[{\"@type\":\"ListItem\",\"position\":1,\"name\":\"Home\",\"item\":\"https:\\\/\\\/vanabeelen.eu\\\/de\\\/\"},{\"@type\":\"ListItem\",\"position\":2,\"name\":\"\u00dcber uns\"}]},{\"@type\":\"WebSite\",\"@id\":\"https:\\\/\\\/vanabeelen.eu\\\/#website\",\"url\":\"https:\\\/\\\/vanabeelen.eu\\\/\",\"name\":\"Van Abeelen\",\"description\":\"Koude- en klimaatoplossingen\",\"publisher\":{\"@id\":\"https:\\\/\\\/vanabeelen.eu\\\/#organization\"},\"potentialAction\":[{\"@type\":\"SearchAction\",\"target\":{\"@type\":\"EntryPoint\",\"urlTemplate\":\"https:\\\/\\\/vanabeelen.eu\\\/?s={search_term_string}\"},\"query-input\":{\"@type\":\"PropertyValueSpecification\",\"valueRequired\":true,\"valueName\":\"search_term_string\"}}],\"inLanguage\":\"de\"},{\"@type\":\"Organization\",\"@id\":\"https:\\\/\\\/vanabeelen.eu\\\/#organization\",\"name\":\"Van Abeelen\",\"url\":\"https:\\\/\\\/vanabeelen.eu\\\/\",\"logo\":{\"@type\":\"ImageObject\",\"inLanguage\":\"de\",\"@id\":\"https:\\\/\\\/vanabeelen.eu\\\/#\\\/schema\\\/logo\\\/image\\\/\",\"url\":\"https:\\\/\\\/vanabeelen.eu\\\/wp-content\\\/uploads\\\/2018\\\/09\\\/vanabeelen-logo-retina.png\",\"contentUrl\":\"https:\\\/\\\/vanabeelen.eu\\\/wp-content\\\/uploads\\\/2018\\\/09\\\/vanabeelen-logo-retina.png\",\"width\":516,\"height\":120,\"caption\":\"Van Abeelen\"},\"image\":{\"@id\":\"https:\\\/\\\/vanabeelen.eu\\\/#\\\/schema\\\/logo\\\/image\\\/\"},\"sameAs\":[\"https:\\\/\\\/www.facebook.com\\\/vanabeelen.eu\\\/\",\"https:\\\/\\\/www.instagram.com\\\/vanabeelengroep\\\/\",\"https:\\\/\\\/nl.linkedin.com\\\/company\\\/van-abeelen-koeltechniek\"]}]}<\/script>\n<!-- \/ Yoast SEO plugin. -->","yoast_head_json":{"title":"\u00dcber uns | Van Abeelen Gruppe","robots":{"index":"index","follow":"follow","max-snippet":"max-snippet:-1","max-image-preview":"max-image-preview:large","max-video-preview":"max-video-preview:-1"},"canonical":"https:\/\/vanabeelen.eu\/de\/uber-uns\/","og_locale":"de_DE","og_type":"article","og_title":"\u00dcber uns | Van Abeelen Gruppe","og_description":"[\u2026]","og_url":"https:\/\/vanabeelen.eu\/de\/uber-uns\/","og_site_name":"Van Abeelen","article_publisher":"https:\/\/www.facebook.com\/vanabeelen.eu\/","article_modified_time":"2024-08-26T08:27:15+00:00","twitter_card":"summary_large_image","twitter_misc":{"Gesch\u00e4tzte Lesezeit":"2\u00a0Minuten"},"schema":{"@context":"https:\/\/schema.org","@graph":[{"@type":"WebPage","@id":"https:\/\/vanabeelen.eu\/de\/uber-uns\/","url":"https:\/\/vanabeelen.eu\/de\/uber-uns\/","name":"\u00dcber uns | Van Abeelen Gruppe","isPartOf":{"@id":"https:\/\/vanabeelen.eu\/#website"},"datePublished":"2018-10-01T10:07:39+00:00","dateModified":"2024-08-26T08:27:15+00:00","breadcrumb":{"@id":"https:\/\/vanabeelen.eu\/de\/uber-uns\/#breadcrumb"},"inLanguage":"de","potentialAction":[{"@type":"ReadAction","target":["https:\/\/vanabeelen.eu\/de\/uber-uns\/"]}]},{"@type":"BreadcrumbList","@id":"https:\/\/vanabeelen.eu\/de\/uber-uns\/#breadcrumb","itemListElement":[{"@type":"ListItem","position":1,"name":"Home","item":"https:\/\/vanabeelen.eu\/de\/"},{"@type":"ListItem","position":2,"name":"\u00dcber uns"}]},{"@type":"WebSite","@id":"https:\/\/vanabeelen.eu\/#website","url":"https:\/\/vanabeelen.eu\/","name":"Van Abeelen","description":"Koude- en klimaatoplossingen","publisher":{"@id":"https:\/\/vanabeelen.eu\/#organization"},"potentialAction":[{"@type":"SearchAction","target":{"@type":"EntryPoint","urlTemplate":"https:\/\/vanabeelen.eu\/?s={search_term_string}"},"query-input":{"@type":"PropertyValueSpecification","valueRequired":true,"valueName":"search_term_string"}}],"inLanguage":"de"},{"@type":"Organization","@id":"https:\/\/vanabeelen.eu\/#organization","name":"Van Abeelen","url":"https:\/\/vanabeelen.eu\/","logo":{"@type":"ImageObject","inLanguage":"de","@id":"https:\/\/vanabeelen.eu\/#\/schema\/logo\/image\/","url":"https:\/\/vanabeelen.eu\/wp-content\/uploads\/2018\/09\/vanabeelen-logo-retina.png","contentUrl":"https:\/\/vanabeelen.eu\/wp-content\/uploads\/2018\/09\/vanabeelen-logo-retina.png","width":516,"height":120,"caption":"Van Abeelen"},"image":{"@id":"https:\/\/vanabeelen.eu\/#\/schema\/logo\/image\/"},"sameAs":["https:\/\/www.facebook.com\/vanabeelen.eu\/","https:\/\/www.instagram.com\/vanabeelengroep\/","https:\/\/nl.linkedin.com\/company\/van-abeelen-koeltechniek"]}]}},"_links":{"self":[{"href":"https:\/\/vanabeelen.eu\/de\/wp-json\/wp\/v2\/pages\/7890","targetHints":{"allow":["GET"]}}],"collection":[{"href":"https:\/\/vanabeelen.eu\/de\/wp-json\/wp\/v2\/pages"}],"about":[{"href":"https:\/\/vanabeelen.eu\/de\/wp-json\/wp\/v2\/types\/page"}],"author":[{"embeddable":true,"href":"https:\/\/vanabeelen.eu\/de\/wp-json\/wp\/v2\/users\/1"}],"replies":[{"embeddable":true,"href":"https:\/\/vanabeelen.eu\/de\/wp-json\/wp\/v2\/comments?post=7890"}],"version-history":[{"count":0,"href":"https:\/\/vanabeelen.eu\/de\/wp-json\/wp\/v2\/pages\/7890\/revisions"}],"wp:attachment":[{"href":"https:\/\/vanabeelen.eu\/de\/wp-json\/wp\/v2\/media?parent=7890"}],"curies":[{"name":"wp","href":"https:\/\/api.w.org\/{rel}","templated":true}]}}