{"id":7783,"date":"2018-11-08T08:38:45","date_gmt":"2018-11-08T06:38:45","guid":{"rendered":"https:\/\/vanabeelen.eu\/klimatechnik\/kaltwasseranlagen\/"},"modified":"2020-04-15T20:03:26","modified_gmt":"2020-04-15T20:03:26","slug":"kaltwasseranlagen","status":"publish","type":"page","link":"https:\/\/vanabeelen.eu\/de\/klimatechnik\/kaltwasseranlagen\/","title":{"rendered":"Kaltwasseranlagen"},"content":{"rendered":"<div class=\"wpb-content-wrapper\"><p>[vc_row css=&#8220;.vc_custom_1538039531679{padding-top: 60px !important;padding-bottom: 15px !important;}&#8220;][vc_column][vc_custom_heading text=&#8220;Kaltwasseranlagen &#8220; font_container=&#8220;tag:h1|text_align:left&#8220; use_theme_fonts=&#8220;yes&#8220;][vc_empty_space][vc_row_inner][vc_column_inner width=&#8220;2\/3&#8243;][vc_column_text]Produktionsprozesse in der Lebensmittelindustrie m\u00fcssen bei einer gleichbleibend niedrigen Temperatur stattfinden. Zur K\u00fchlung von Produktionsprozessen werden in der Industrie daher h\u00e4ufig Kaltwasseranlagen eingesetzt. Die Effizienz h\u00e4ngt dabei vom Aufbau des Systems und der Steuerung der <a href=\"https:\/\/vanabeelen.eu\/de\/kaltetechnik\/sps-technologie\/\">SPS-Technologie<\/a> ab. Je intelligenter die Steuerung, desto niedriger der Energieverbrauch.<\/p>\n<p>Wir bieten standardm\u00e4\u00dfige Kaltwasseranlagen an, entwerfen aber auch ma\u00dfgeschneiderte Anlagen.[\/vc_column_text][vc_custom_heading text=&#8220;Energieeinsparung mit Kaltwasseranlagen&#8220; font_container=&#8220;tag:h3|text_align:left&#8220; use_theme_fonts=&#8220;yes&#8220;][vc_column_text]<\/p>\n<p data-wp-editing=\"1\"><img decoding=\"async\" class=\"alignleft wp-image-1338 size-medium\" src=\"https:\/\/vanabeelen.eu\/wp-content\/uploads\/2019\/02\/Propaanchiller-VACU-300x200.jpg\" alt=\"Koudwatermachine Van Abeelen - klimaatinstallatie\" width=\"300\" height=\"200\" srcset=\"https:\/\/vanabeelen.eu\/wp-content\/uploads\/2019\/02\/Propaanchiller-VACU-300x200.jpg 300w, https:\/\/vanabeelen.eu\/wp-content\/uploads\/2019\/02\/Propaanchiller-VACU-768x512.jpg 768w, https:\/\/vanabeelen.eu\/wp-content\/uploads\/2019\/02\/Propaanchiller-VACU-219x146.jpg 219w, https:\/\/vanabeelen.eu\/wp-content\/uploads\/2019\/02\/Propaanchiller-VACU-50x33.jpg 50w, https:\/\/vanabeelen.eu\/wp-content\/uploads\/2019\/02\/Propaanchiller-VACU-112x75.jpg 112w, https:\/\/vanabeelen.eu\/wp-content\/uploads\/2019\/02\/Propaanchiller-VACU.jpg 1000w\" sizes=\"(max-width:767px) 300px, 300px\" \/><\/p>\n<p>Kaltwasseranlagen zur K\u00fchlung von Geb\u00e4uden verbrauchen Energie. In der Entwurfsphase legen wir standardm\u00e4\u00dfig die Energieeinsparung zugrunde. Wir rechnen alle m\u00f6glichen Szenarien von Anfang bis Ende durch, denn wir m\u00f6gen nur sch\u00f6ne \u00dcberraschungen. Unsere energischen Konstruktionen f\u00fcr Kaltwasser beweisen dabei immer wieder, dass sie sich schnell amortisieren. Energieeinsparungen von 20 bis 30 % sind keine Seltenheit. Und das schont nicht nur Ihre Ressourcen, sondern auch die Umwelt.<br \/>\n[\/vc_column_text][vc_custom_heading text=&#8220;Klimaanlagen f\u00fcr verschiedene Sektoren&#8220; font_container=&#8220;tag:h3|text_align:left&#8220; use_theme_fonts=&#8220;yes&#8220;][vc_column_text]Sowohl Unternehmen als auch Fabriken ben\u00f6tigen die verschiedensten Klimaanlagen. Je nach Problem reichen die <a href=\"https:\/\/vanabeelen.eu\/de\/klimatechnik\/\">Klimal\u00f6sungen<\/a> von einfach bis komplex. Van Abeelen liefert u. a. Kaltwasseranlagen f\u00fcr die Lebensmittelindustrie, Reinr\u00e4ume in Laboratorien oder Krankenh\u00e4user, Sporthallen und Schwimmb\u00e4der.<\/p>\n<p>Nat\u00fcrlich k\u00f6nnen Sie sich dabei immer auf unseren <a href=\"https:\/\/vanabeelen.eu\/de\/24-stunden-service\/\">24-Stunden-Service<\/a> verlassen.[\/vc_column_text][\/vc_column_inner][vc_column_inner width=&#8220;1\/3&#8243;][vc_column_text el_class=&#8220;BoxShadow&#8220;]<\/p>\n<h3>Mehr erfahren?<\/h3>\n<p>Kein Problem! Sie erreichen uns unter <strong style=\"color: #00527a;\">+31 (0)161 228 043<\/strong> oder f\u00fcllen Sie das nachfolgende Kontaktformular aus. Wir melden uns schnellstm\u00f6glich bei Ihnen.<\/p>\n<div class=\"wpcf7 no-js\" id=\"wpcf7-f7179-o1\" lang=\"nl-NL\" dir=\"ltr\" data-wpcf7-id=\"7179\">\n<div class=\"screen-reader-response\"><p role=\"status\" aria-live=\"polite\" aria-atomic=\"true\"><\/p> <ul><\/ul><\/div>\n<form action=\"\/de\/wp-json\/wp\/v2\/pages\/7783#wpcf7-f7179-o1\" method=\"post\" class=\"wpcf7-form init\" aria-label=\"Contactformulier\" novalidate=\"novalidate\" data-status=\"init\">\n<fieldset class=\"hidden-fields-container\"><input type=\"hidden\" name=\"_wpcf7\" value=\"7179\" \/><input type=\"hidden\" name=\"_wpcf7_version\" value=\"6.1.5\" \/><input type=\"hidden\" name=\"_wpcf7_locale\" value=\"nl_NL\" \/><input type=\"hidden\" name=\"_wpcf7_unit_tag\" value=\"wpcf7-f7179-o1\" \/><input type=\"hidden\" name=\"_wpcf7_container_post\" value=\"0\" \/><input type=\"hidden\" name=\"_wpcf7_posted_data_hash\" value=\"\" \/><input type=\"hidden\" name=\"_wpcf7_recaptcha_response\" value=\"\" \/>\n<\/fieldset>\n<p><span class=\"wpcf7-form-control-wrap\" data-name=\"naam\"><input size=\"40\" maxlength=\"400\" class=\"wpcf7-form-control wpcf7-text wpcf7-validates-as-required\" aria-required=\"true\" aria-invalid=\"false\" placeholder=\"Name *\" value=\"\" type=\"text\" name=\"naam\" \/><\/span><br \/>\n<span class=\"wpcf7-form-control-wrap\" data-name=\"email\"><input size=\"40\" maxlength=\"400\" class=\"wpcf7-form-control wpcf7-email wpcf7-validates-as-required wpcf7-text wpcf7-validates-as-email\" aria-required=\"true\" aria-invalid=\"false\" placeholder=\"E-Mail-Adresse*\" value=\"\" type=\"email\" name=\"email\" \/><\/span><br \/>\n<span class=\"wpcf7-form-control-wrap\" data-name=\"telefoon\"><input size=\"40\" maxlength=\"400\" class=\"wpcf7-form-control wpcf7-text\" aria-invalid=\"false\" placeholder=\"Telefon\" value=\"\" type=\"text\" name=\"telefoon\" \/><\/span><br \/>\n<span class=\"wpcf7-form-control-wrap\" data-name=\"bericht\"><textarea cols=\"40\" rows=\"10\" maxlength=\"2000\" class=\"wpcf7-form-control wpcf7-textarea wpcf7-validates-as-required\" aria-required=\"true\" aria-invalid=\"false\" placeholder=\"Nachricht *\" name=\"bericht\"><\/textarea><\/span>\n<\/p>\n<p><input class=\"wpcf7-form-control wpcf7-submit has-spinner\" type=\"submit\" value=\"Senden\" \/>\n<\/p><input type=\"hidden\" id=\"ct_checkjs_cf7_a86c450b76fb8c371afead6410d55534\" name=\"ct_checkjs_cf7\" value=\"0\" \/><div class=\"wpcf7-response-output\" aria-hidden=\"true\"><\/div>\n<\/form>\n<\/div>\n[\/vc_column_text][vc_empty_space height=&#8220;10px&#8220;][\/vc_column_inner][\/vc_row_inner][\/vc_column][\/vc_row]<\/p>\n<\/div>","protected":false},"excerpt":{"rendered":"<p><span class=\"excerpt-hellip\"> [\u2026]<\/span><\/p>\n","protected":false},"author":1,"featured_media":0,"parent":7212,"menu_order":0,"comment_status":"closed","ping_status":"closed","template":"","meta":{"footnotes":""},"class_list":["post-7783","page","type-page","status-publish","hentry"],"yoast_head":"<!-- This site is optimized with the Yoast SEO plugin v27.3 - https:\/\/yoast.com\/product\/yoast-seo-wordpress\/ -->\n<title>Kaltwasseranlagen | Van Abeelen<\/title>\n<meta name=\"robots\" content=\"index, follow, max-snippet:-1, max-image-preview:large, max-video-preview:-1\" \/>\n<link rel=\"canonical\" href=\"https:\/\/vanabeelen.eu\/de\/klimatechnik\/kaltwasseranlagen\/\" \/>\n<meta property=\"og:locale\" content=\"de_DE\" \/>\n<meta property=\"og:type\" content=\"article\" \/>\n<meta property=\"og:title\" content=\"Kaltwasseranlagen | Van Abeelen\" \/>\n<meta property=\"og:description\" content=\"[\u2026]\" \/>\n<meta property=\"og:url\" content=\"https:\/\/vanabeelen.eu\/de\/klimatechnik\/kaltwasseranlagen\/\" \/>\n<meta property=\"og:site_name\" content=\"Van Abeelen\" \/>\n<meta property=\"article:publisher\" content=\"https:\/\/www.facebook.com\/vanabeelen.eu\/\" \/>\n<meta property=\"article:modified_time\" content=\"2020-04-15T20:03:26+00:00\" \/>\n<meta property=\"og:image\" content=\"https:\/\/vanabeelen.eu\/wp-content\/uploads\/2019\/02\/Propaanchiller-VACU-300x200.jpg\" \/>\n<meta name=\"twitter:card\" content=\"summary_large_image\" \/>\n<meta name=\"twitter:label1\" content=\"Gesch\u00e4tzte Lesezeit\" \/>\n\t<meta name=\"twitter:data1\" content=\"2\u00a0Minuten\" \/>\n<script type=\"application\/ld+json\" class=\"yoast-schema-graph\">{\"@context\":\"https:\\\/\\\/schema.org\",\"@graph\":[{\"@type\":\"WebPage\",\"@id\":\"https:\\\/\\\/vanabeelen.eu\\\/de\\\/klimatechnik\\\/kaltwasseranlagen\\\/\",\"url\":\"https:\\\/\\\/vanabeelen.eu\\\/de\\\/klimatechnik\\\/kaltwasseranlagen\\\/\",\"name\":\"Kaltwasseranlagen | Van Abeelen\",\"isPartOf\":{\"@id\":\"https:\\\/\\\/vanabeelen.eu\\\/#website\"},\"primaryImageOfPage\":{\"@id\":\"https:\\\/\\\/vanabeelen.eu\\\/de\\\/klimatechnik\\\/kaltwasseranlagen\\\/#primaryimage\"},\"image\":{\"@id\":\"https:\\\/\\\/vanabeelen.eu\\\/de\\\/klimatechnik\\\/kaltwasseranlagen\\\/#primaryimage\"},\"thumbnailUrl\":\"https:\\\/\\\/vanabeelen.eu\\\/wp-content\\\/uploads\\\/2019\\\/02\\\/Propaanchiller-VACU-300x200.jpg\",\"datePublished\":\"2018-11-08T06:38:45+00:00\",\"dateModified\":\"2020-04-15T20:03:26+00:00\",\"breadcrumb\":{\"@id\":\"https:\\\/\\\/vanabeelen.eu\\\/de\\\/klimatechnik\\\/kaltwasseranlagen\\\/#breadcrumb\"},\"inLanguage\":\"de\",\"potentialAction\":[{\"@type\":\"ReadAction\",\"target\":[\"https:\\\/\\\/vanabeelen.eu\\\/de\\\/klimatechnik\\\/kaltwasseranlagen\\\/\"]}]},{\"@type\":\"ImageObject\",\"inLanguage\":\"de\",\"@id\":\"https:\\\/\\\/vanabeelen.eu\\\/de\\\/klimatechnik\\\/kaltwasseranlagen\\\/#primaryimage\",\"url\":\"https:\\\/\\\/vanabeelen.eu\\\/wp-content\\\/uploads\\\/2019\\\/02\\\/Propaanchiller-VACU-300x200.jpg\",\"contentUrl\":\"https:\\\/\\\/vanabeelen.eu\\\/wp-content\\\/uploads\\\/2019\\\/02\\\/Propaanchiller-VACU-300x200.jpg\"},{\"@type\":\"BreadcrumbList\",\"@id\":\"https:\\\/\\\/vanabeelen.eu\\\/de\\\/klimatechnik\\\/kaltwasseranlagen\\\/#breadcrumb\",\"itemListElement\":[{\"@type\":\"ListItem\",\"position\":1,\"name\":\"Home\",\"item\":\"https:\\\/\\\/vanabeelen.eu\\\/de\\\/\"},{\"@type\":\"ListItem\",\"position\":2,\"name\":\"Klimatechnik\",\"item\":\"https:\\\/\\\/vanabeelen.eu\\\/de\\\/klimatechnik\\\/\"},{\"@type\":\"ListItem\",\"position\":3,\"name\":\"Kaltwasseranlagen\"}]},{\"@type\":\"WebSite\",\"@id\":\"https:\\\/\\\/vanabeelen.eu\\\/#website\",\"url\":\"https:\\\/\\\/vanabeelen.eu\\\/\",\"name\":\"Van Abeelen\",\"description\":\"Koude- en klimaatoplossingen\",\"publisher\":{\"@id\":\"https:\\\/\\\/vanabeelen.eu\\\/#organization\"},\"potentialAction\":[{\"@type\":\"SearchAction\",\"target\":{\"@type\":\"EntryPoint\",\"urlTemplate\":\"https:\\\/\\\/vanabeelen.eu\\\/?s={search_term_string}\"},\"query-input\":{\"@type\":\"PropertyValueSpecification\",\"valueRequired\":true,\"valueName\":\"search_term_string\"}}],\"inLanguage\":\"de\"},{\"@type\":\"Organization\",\"@id\":\"https:\\\/\\\/vanabeelen.eu\\\/#organization\",\"name\":\"Van Abeelen\",\"url\":\"https:\\\/\\\/vanabeelen.eu\\\/\",\"logo\":{\"@type\":\"ImageObject\",\"inLanguage\":\"de\",\"@id\":\"https:\\\/\\\/vanabeelen.eu\\\/#\\\/schema\\\/logo\\\/image\\\/\",\"url\":\"https:\\\/\\\/vanabeelen.eu\\\/wp-content\\\/uploads\\\/2018\\\/09\\\/vanabeelen-logo-retina.png\",\"contentUrl\":\"https:\\\/\\\/vanabeelen.eu\\\/wp-content\\\/uploads\\\/2018\\\/09\\\/vanabeelen-logo-retina.png\",\"width\":516,\"height\":120,\"caption\":\"Van Abeelen\"},\"image\":{\"@id\":\"https:\\\/\\\/vanabeelen.eu\\\/#\\\/schema\\\/logo\\\/image\\\/\"},\"sameAs\":[\"https:\\\/\\\/www.facebook.com\\\/vanabeelen.eu\\\/\",\"https:\\\/\\\/www.instagram.com\\\/vanabeelengroep\\\/\",\"https:\\\/\\\/nl.linkedin.com\\\/company\\\/van-abeelen-koeltechniek\"]}]}<\/script>\n<!-- \/ Yoast SEO plugin. -->","yoast_head_json":{"title":"Kaltwasseranlagen | Van Abeelen","robots":{"index":"index","follow":"follow","max-snippet":"max-snippet:-1","max-image-preview":"max-image-preview:large","max-video-preview":"max-video-preview:-1"},"canonical":"https:\/\/vanabeelen.eu\/de\/klimatechnik\/kaltwasseranlagen\/","og_locale":"de_DE","og_type":"article","og_title":"Kaltwasseranlagen | Van Abeelen","og_description":"[\u2026]","og_url":"https:\/\/vanabeelen.eu\/de\/klimatechnik\/kaltwasseranlagen\/","og_site_name":"Van Abeelen","article_publisher":"https:\/\/www.facebook.com\/vanabeelen.eu\/","article_modified_time":"2020-04-15T20:03:26+00:00","og_image":[{"url":"https:\/\/vanabeelen.eu\/wp-content\/uploads\/2019\/02\/Propaanchiller-VACU-300x200.jpg","type":"","width":"","height":""}],"twitter_card":"summary_large_image","twitter_misc":{"Gesch\u00e4tzte Lesezeit":"2\u00a0Minuten"},"schema":{"@context":"https:\/\/schema.org","@graph":[{"@type":"WebPage","@id":"https:\/\/vanabeelen.eu\/de\/klimatechnik\/kaltwasseranlagen\/","url":"https:\/\/vanabeelen.eu\/de\/klimatechnik\/kaltwasseranlagen\/","name":"Kaltwasseranlagen | Van Abeelen","isPartOf":{"@id":"https:\/\/vanabeelen.eu\/#website"},"primaryImageOfPage":{"@id":"https:\/\/vanabeelen.eu\/de\/klimatechnik\/kaltwasseranlagen\/#primaryimage"},"image":{"@id":"https:\/\/vanabeelen.eu\/de\/klimatechnik\/kaltwasseranlagen\/#primaryimage"},"thumbnailUrl":"https:\/\/vanabeelen.eu\/wp-content\/uploads\/2019\/02\/Propaanchiller-VACU-300x200.jpg","datePublished":"2018-11-08T06:38:45+00:00","dateModified":"2020-04-15T20:03:26+00:00","breadcrumb":{"@id":"https:\/\/vanabeelen.eu\/de\/klimatechnik\/kaltwasseranlagen\/#breadcrumb"},"inLanguage":"de","potentialAction":[{"@type":"ReadAction","target":["https:\/\/vanabeelen.eu\/de\/klimatechnik\/kaltwasseranlagen\/"]}]},{"@type":"ImageObject","inLanguage":"de","@id":"https:\/\/vanabeelen.eu\/de\/klimatechnik\/kaltwasseranlagen\/#primaryimage","url":"https:\/\/vanabeelen.eu\/wp-content\/uploads\/2019\/02\/Propaanchiller-VACU-300x200.jpg","contentUrl":"https:\/\/vanabeelen.eu\/wp-content\/uploads\/2019\/02\/Propaanchiller-VACU-300x200.jpg"},{"@type":"BreadcrumbList","@id":"https:\/\/vanabeelen.eu\/de\/klimatechnik\/kaltwasseranlagen\/#breadcrumb","itemListElement":[{"@type":"ListItem","position":1,"name":"Home","item":"https:\/\/vanabeelen.eu\/de\/"},{"@type":"ListItem","position":2,"name":"Klimatechnik","item":"https:\/\/vanabeelen.eu\/de\/klimatechnik\/"},{"@type":"ListItem","position":3,"name":"Kaltwasseranlagen"}]},{"@type":"WebSite","@id":"https:\/\/vanabeelen.eu\/#website","url":"https:\/\/vanabeelen.eu\/","name":"Van Abeelen","description":"Koude- en klimaatoplossingen","publisher":{"@id":"https:\/\/vanabeelen.eu\/#organization"},"potentialAction":[{"@type":"SearchAction","target":{"@type":"EntryPoint","urlTemplate":"https:\/\/vanabeelen.eu\/?s={search_term_string}"},"query-input":{"@type":"PropertyValueSpecification","valueRequired":true,"valueName":"search_term_string"}}],"inLanguage":"de"},{"@type":"Organization","@id":"https:\/\/vanabeelen.eu\/#organization","name":"Van Abeelen","url":"https:\/\/vanabeelen.eu\/","logo":{"@type":"ImageObject","inLanguage":"de","@id":"https:\/\/vanabeelen.eu\/#\/schema\/logo\/image\/","url":"https:\/\/vanabeelen.eu\/wp-content\/uploads\/2018\/09\/vanabeelen-logo-retina.png","contentUrl":"https:\/\/vanabeelen.eu\/wp-content\/uploads\/2018\/09\/vanabeelen-logo-retina.png","width":516,"height":120,"caption":"Van Abeelen"},"image":{"@id":"https:\/\/vanabeelen.eu\/#\/schema\/logo\/image\/"},"sameAs":["https:\/\/www.facebook.com\/vanabeelen.eu\/","https:\/\/www.instagram.com\/vanabeelengroep\/","https:\/\/nl.linkedin.com\/company\/van-abeelen-koeltechniek"]}]}},"_links":{"self":[{"href":"https:\/\/vanabeelen.eu\/de\/wp-json\/wp\/v2\/pages\/7783","targetHints":{"allow":["GET"]}}],"collection":[{"href":"https:\/\/vanabeelen.eu\/de\/wp-json\/wp\/v2\/pages"}],"about":[{"href":"https:\/\/vanabeelen.eu\/de\/wp-json\/wp\/v2\/types\/page"}],"author":[{"embeddable":true,"href":"https:\/\/vanabeelen.eu\/de\/wp-json\/wp\/v2\/users\/1"}],"replies":[{"embeddable":true,"href":"https:\/\/vanabeelen.eu\/de\/wp-json\/wp\/v2\/comments?post=7783"}],"version-history":[{"count":0,"href":"https:\/\/vanabeelen.eu\/de\/wp-json\/wp\/v2\/pages\/7783\/revisions"}],"up":[{"embeddable":true,"href":"https:\/\/vanabeelen.eu\/de\/wp-json\/wp\/v2\/pages\/7212"}],"wp:attachment":[{"href":"https:\/\/vanabeelen.eu\/de\/wp-json\/wp\/v2\/media?parent=7783"}],"curies":[{"name":"wp","href":"https:\/\/api.w.org\/{rel}","templated":true}]}}