{"id":7777,"date":"2018-11-08T08:39:29","date_gmt":"2018-11-08T06:39:29","guid":{"rendered":"https:\/\/vanabeelen.eu\/klimatechnik\/klimaanlage\/"},"modified":"2020-04-15T19:53:22","modified_gmt":"2020-04-15T19:53:22","slug":"klimaanlage","status":"publish","type":"page","link":"https:\/\/vanabeelen.eu\/de\/klimatechnik\/klimaanlage\/","title":{"rendered":"Klimaanlage"},"content":{"rendered":"<div class=\"wpb-content-wrapper\"><p>[vc_row full_width=&#8220;stretch_row_content_no_spaces&#8220; equal_height=&#8220;yes&#8220; css=&#8220;.vc_custom_1582195298555{margin-bottom: -65px !important;}&#8220;][vc_column offset=&#8220;vc_hidden-xs&#8220;][vc_media_grid element_width=&#8220;3&#8243; grid_id=&#8220;vc_gid:1586979189278-e271bc5b-ce93-9&#8243; include=&#8220;6363,6812,6365,6366&#8243;][\/vc_column][\/vc_row][vc_row full_width=&#8220;stretch_row&#8220; equal_height=&#8220;yes&#8220; css=&#8220;.vc_custom_1582195303366{background-color: #00527a !important;}&#8220;][vc_column][vc_column_text]<\/p>\n<h1 style=\"color: #fff;\">Klimaanlage<\/h1>\n<p>[\/vc_column_text][\/vc_column][\/vc_row][vc_row][vc_column width=&#8220;2\/3&#8243; css=&#8220;.vc_custom_1582119839642{margin-right: 25px !important;}&#8220;][vc_column_text]<\/p>\n<h5>Eine Klimaanlage ist f\u00fcr ein angenehmes Raumklima unverzichtbar. Monosplit- oder Multisplit-Klimaanlagen oder VRV-Anlagen: Van Abeelen ist Experte f\u00fcr intelligente Klimaanlagen, die energiesparend arbeiten und die Restw\u00e4rme optimal nutzen. Wir alle kennen die Klimaanlagen, die die Raumluft k\u00fchlen und die W\u00e4rme nach au\u00dfen abf\u00fchren. Es geht aber auch umgekehrt. In diesem Fall wird die Klimaanlage an eine W\u00e4rmepumpe angeschlossen. Das Raumklima wird mit modernster SPS-Technologie automatisch im Gleichgewicht gehalten.<\/h5>\n<p>[\/vc_column_text][vc_btn title=&#8220;Angebot anfordern&#8220; link=&#8220;url:https%3A%2F%2Fvanabeelen.eu%2Fde%2Fkontakt%2F|&#8220;][\/vc_column][vc_column width=&#8220;1\/3&#8243; offset=&#8220;vc_hidden-md vc_hidden-sm vc_hidden-xs&#8220;][vc_single_image image=&#8220;6368&#8243; img_size=&#8220;450&#215;600&#8243; alignment=&#8220;center&#8220; css=&#8220;.vc_custom_1582195969893{margin-top: -100px !important;}&#8220;][\/vc_column][\/vc_row][vc_row full_width=&#8220;stretch_row&#8220; content_placement=&#8220;middle&#8220; css=&#8220;.vc_custom_1585570393538{background-image: url(https:\/\/vanabeelen.eu\/wp-content\/uploads\/2020\/02\/vanabeelen_row-background-oranje.jpg?id=5918) !important;background-position: center !important;background-repeat: no-repeat !important;background-size: cover !important;}&#8220;][vc_column][vc_column_text]<\/p>\n<h1 style=\"color: #ffffff; text-align: center;\">Mehr zur Klimatechnik erfahren? Rufen Sie uns unter +31 (0) 161 228 043 an<\/h1>\n<p>[\/vc_column_text][\/vc_column][\/vc_row][vc_row css=&#8220;.vc_custom_1538039531679{padding-top: 60px !important;padding-bottom: 15px !important;}&#8220;][vc_column][vc_row_inner][vc_column_inner width=&#8220;2\/3&#8243;][vc_custom_heading text=&#8220;Klimaanlagen mit Investitionsabzug f\u00fcr Unternehmen&#8220; font_container=&#8220;tag:h3|text_align:left&#8220; use_theme_fonts=&#8220;yes&#8220;][vc_column_text]Unternehmen, die ihre Klimaanlage an eine W\u00e4rmepumpe anschlie\u00dfen, erhalten eventuell einen sogenannten Energieinvestitionsabzug, da diese speziellen Klimaanlagen umweltschonend sind.<\/p>\n<p><a href=\"https:\/\/www.rvo.nl\/subsidies-regelingen\/energie-investeringsaftrek-eia?utm_campaign=1826500490&amp;utm_source=google&amp;utm_medium=cpc&amp;utm_content=345309727092&amp;utm_term=energie%20investerings%20aftrek&amp;adgroupid=72373785274\" target=\"_blank\" rel=\"noopener noreferrer\">Weitere Informationen zum Energieinvestitionsabzug ><\/a>[\/vc_column_text][vc_custom_heading text=&#8220;Drei Arten von Klimaanlagen&#8220; font_container=&#8220;tag:h3|text_align:left&#8220; use_theme_fonts=&#8220;yes&#8220;][vc_column_text]Wir unterscheiden drei Arten von Klimaanlagen.<\/p>\n<h3 style=\"font-size: 18px;\">Monosplit-Klimaanlage<\/h3>\n<p>Als Monosplit-Klimaanlagen werden Systeme bezeichnet, bei denen ein Au\u00dfenger\u00e4t an ein Innenger\u00e4t angeschlossen wird. Sie werden in der Regel eingesetzt, wenn ein Raum mittels Klimaanlage gek\u00fchlt oder geheizt werden soll.<\/p>\n<h3 style=\"font-size: 18px;\">Multisplit-Klimaanlage<\/h3>\n<p>Bei einer Multisplit-Klimaanlage wird ein Au\u00dfenger\u00e4t an bis zu f\u00fcnf Innenger\u00e4te angeschlossen. Dieses System wird haupts\u00e4chlich dann eingesetzt, wenn mehrere kleine R\u00e4ume gek\u00fchlt werden m\u00fcssen.<\/p>\n<h3 style=\"font-size: 18px;\">VRV-System oder VRF-System<\/h3>\n<p>Bei einem VRV- oder VRF-System werden mehrere Innenger\u00e4te mit einem oder mehreren koppelbaren Au\u00dfenger\u00e4ten verbunden. Dies f\u00fchrt zu einem sehr angenehmen und energiesparenden Raumklima. Diese Anlagen k\u00f6nnen als sogenannte Zwei- oder Dreirohrsysteme ausgef\u00fchrt werden. Ein Zweirohrsystem kann k\u00fchlen oder heizen, ein Dreirohrsystem kann gleichzeitig k\u00fchlen und heizen.[\/vc_column_text][vc_media_grid item=&#8220;masonryGrid_GoTop&#8220; grid_id=&#8220;vc_gid:1586979189280-0ea8bf61-77ae-0&#8243; include=&#8220;1391,1392,1393&#8243;][vc_custom_heading text=&#8220;Verschiedene Innenger\u00e4te f\u00fcr Klimaanlagen&#8220; font_container=&#8220;tag:h3|text_align:left&#8220; use_theme_fonts=&#8220;yes&#8220;][vc_column_text]Es gibt verschieden Ausf\u00fchrungen der Innenger\u00e4te f\u00fcr Klimaanlagen.<\/p>\n<p><img decoding=\"async\" class=\"alignleft wp-image-1350\" style=\"padding-bottom: 25px;\" src=\"https:\/\/vanabeelen.eu\/wp-content\/uploads\/2019\/02\/wandmodel-airco-300x109.png\" alt=\"Wandmodel airco\" width=\"149\" height=\"75\" \/><\/p>\n<h3 style=\"font-size: 18px;\">Wandklimager\u00e4t<\/h3>\n<p>Das Wandklimager\u00e4t wird am h\u00e4ufigsten als Innenger\u00e4t eingesetzt. Finanziell g\u00fcnstig und sehr effektiv.<\/p>\n<p><img decoding=\"async\" class=\"alignleft wp-image-1387\" src=\"https:\/\/vanabeelen.eu\/wp-content\/uploads\/2019\/02\/plafondonderbouw-airco-300x148.png\" alt=\"Plafondonderbouw airco\" width=\"150\" height=\"74\" srcset=\"https:\/\/vanabeelen.eu\/wp-content\/uploads\/2019\/02\/plafondonderbouw-airco-300x148.png 300w, https:\/\/vanabeelen.eu\/wp-content\/uploads\/2019\/02\/plafondonderbouw-airco-768x379.png 768w, https:\/\/vanabeelen.eu\/wp-content\/uploads\/2019\/02\/plafondonderbouw-airco-1024x505.png 1024w, https:\/\/vanabeelen.eu\/wp-content\/uploads\/2019\/02\/plafondonderbouw-airco-260x128.png 260w, https:\/\/vanabeelen.eu\/wp-content\/uploads\/2019\/02\/plafondonderbouw-airco-50x25.png 50w, https:\/\/vanabeelen.eu\/wp-content\/uploads\/2019\/02\/plafondonderbouw-airco-150x75.png 150w, https:\/\/vanabeelen.eu\/wp-content\/uploads\/2019\/02\/plafondonderbouw-airco.png 1923w\" sizes=\"(max-width:767px) 150px, 150px\" \/><\/p>\n<h3 style=\"font-size: 18px;\">Deckenklimager\u00e4t<\/h3>\n<p>Das Deckenklimager\u00e4t wird in gr\u00f6\u00dferen R\u00e4umen installiert, in denen die Luft in eine bestimmte Richtung str\u00f6men soll.<\/p>\n<p><img decoding=\"async\" class=\"alignleft wp-image-1383\" style=\"padding-bottom: 15px;\" src=\"https:\/\/vanabeelen.eu\/wp-content\/uploads\/2019\/02\/cassette-airco-300x184.png\" alt=\"Cassettemodel airco\" width=\"150\" height=\"92\" srcset=\"https:\/\/vanabeelen.eu\/wp-content\/uploads\/2019\/02\/cassette-airco-300x184.png 300w, https:\/\/vanabeelen.eu\/wp-content\/uploads\/2019\/02\/cassette-airco-768x471.png 768w, https:\/\/vanabeelen.eu\/wp-content\/uploads\/2019\/02\/cassette-airco-1024x629.png 1024w, https:\/\/vanabeelen.eu\/wp-content\/uploads\/2019\/02\/cassette-airco-238x146.png 238w, https:\/\/vanabeelen.eu\/wp-content\/uploads\/2019\/02\/cassette-airco-50x31.png 50w, https:\/\/vanabeelen.eu\/wp-content\/uploads\/2019\/02\/cassette-airco-122x75.png 122w, https:\/\/vanabeelen.eu\/wp-content\/uploads\/2019\/02\/cassette-airco.png 1181w\" sizes=\"(max-width:767px) 150px, 150px\" \/><\/p>\n<h3 style=\"font-size: 18px;\">Kassettenklimager\u00e4t<\/h3>\n<p>Kassettenklimager\u00e4te werden h\u00e4ufig in abgeh\u00e4ngten Decken installiert. Die Luft str\u00f6mt nach vier Seiten aus, wodurch eine bessere Luftverteilung erzielt wird.<\/p>\n<p><img decoding=\"async\" class=\"alignleft wp-image-1353\" style=\"padding-bottom: 15px;\" src=\"https:\/\/vanabeelen.eu\/wp-content\/uploads\/2019\/02\/kanaalmodel-airco-300x133.png\" alt=\"Kanaal- of satellietmodel airco\" width=\"150\" height=\"67\" \/><\/p>\n<h3 style=\"font-size: 18px;\">Kanalklima- oder Satellitenger\u00e4t<\/h3>\n<p>Kanalklimager\u00e4te setzen wir haupts\u00e4chlich in Kombination mit Ausblasgittern ein. Die Gitter befinden sich in der Regel in der Decke und dar\u00fcber wird das Klimager\u00e4t installiert. Durch das Ausblasen \u00fcber die Gitter kann eine optimale Luftverteilung mit einem Minimum an Zug erzeugt werden.[\/vc_column_text][vc_custom_heading text=&#8220;Service und Wartung&#8220; font_container=&#8220;tag:h3|text_align:left&#8220; use_theme_fonts=&#8220;yes&#8220;][vc_column_text]Eine Klimaanlage muss regelm\u00e4\u00dfig gewartet werden, u. a. weil sie mit K\u00e4ltemitteln arbeitet. Nat\u00fcrlich k\u00f6nnen Sie sich dabei immer auf unseren <a href=\"https:\/\/vanabeelen.eu\/de\/24-stunden-service\/\">24-Stunden-Service<\/a> verlassen.[\/vc_column_text][\/vc_column_inner][vc_column_inner width=&#8220;1\/3&#8243;][vc_column_text el_class=&#8220;BoxShadow&#8220;]<\/p>\n<h3>Mehr zur Klimatechnik erfahren?<\/h3>\n<p>Kein Problem! Sie erreichen uns unter <strong style=\"color: #00527a;\">+31 (0) 161 228 043<\/strong> oder f\u00fcllen Sie das nachfolgende Kontaktformular aus. Wir melden uns schnellstm\u00f6glich bei Ihnen.<\/p>\n<div class=\"wpcf7 no-js\" id=\"wpcf7-f7179-o1\" lang=\"nl-NL\" dir=\"ltr\" data-wpcf7-id=\"7179\">\n<div class=\"screen-reader-response\"><p role=\"status\" aria-live=\"polite\" aria-atomic=\"true\"><\/p> <ul><\/ul><\/div>\n<form action=\"\/de\/wp-json\/wp\/v2\/pages\/7777#wpcf7-f7179-o1\" method=\"post\" class=\"wpcf7-form init\" aria-label=\"Contactformulier\" novalidate=\"novalidate\" data-status=\"init\">\n<fieldset class=\"hidden-fields-container\"><input type=\"hidden\" name=\"_wpcf7\" value=\"7179\" \/><input type=\"hidden\" name=\"_wpcf7_version\" value=\"6.1.5\" \/><input type=\"hidden\" name=\"_wpcf7_locale\" value=\"nl_NL\" \/><input type=\"hidden\" name=\"_wpcf7_unit_tag\" value=\"wpcf7-f7179-o1\" \/><input type=\"hidden\" name=\"_wpcf7_container_post\" value=\"0\" \/><input type=\"hidden\" name=\"_wpcf7_posted_data_hash\" value=\"\" \/><input type=\"hidden\" name=\"_wpcf7_recaptcha_response\" value=\"\" \/>\n<\/fieldset>\n<p><span class=\"wpcf7-form-control-wrap\" data-name=\"naam\"><input size=\"40\" maxlength=\"400\" class=\"wpcf7-form-control wpcf7-text wpcf7-validates-as-required\" aria-required=\"true\" aria-invalid=\"false\" placeholder=\"Name *\" value=\"\" type=\"text\" name=\"naam\" \/><\/span><br \/>\n<span class=\"wpcf7-form-control-wrap\" data-name=\"email\"><input size=\"40\" maxlength=\"400\" class=\"wpcf7-form-control wpcf7-email wpcf7-validates-as-required wpcf7-text wpcf7-validates-as-email\" aria-required=\"true\" aria-invalid=\"false\" placeholder=\"E-Mail-Adresse*\" value=\"\" type=\"email\" name=\"email\" \/><\/span><br \/>\n<span class=\"wpcf7-form-control-wrap\" data-name=\"telefoon\"><input size=\"40\" maxlength=\"400\" class=\"wpcf7-form-control wpcf7-text\" aria-invalid=\"false\" placeholder=\"Telefon\" value=\"\" type=\"text\" name=\"telefoon\" \/><\/span><br \/>\n<span class=\"wpcf7-form-control-wrap\" data-name=\"bericht\"><textarea cols=\"40\" rows=\"10\" maxlength=\"2000\" class=\"wpcf7-form-control wpcf7-textarea wpcf7-validates-as-required\" aria-required=\"true\" aria-invalid=\"false\" placeholder=\"Nachricht *\" name=\"bericht\"><\/textarea><\/span>\n<\/p>\n<p><input class=\"wpcf7-form-control wpcf7-submit has-spinner\" type=\"submit\" value=\"Senden\" \/>\n<\/p><input type=\"hidden\" id=\"ct_checkjs_cf7_285e19f20beded7d215102b49d5c09a0\" name=\"ct_checkjs_cf7\" value=\"0\" \/><div class=\"wpcf7-response-output\" aria-hidden=\"true\"><\/div>\n<\/form>\n<\/div>\n[\/vc_column_text][vc_empty_space height=&#8220;10px&#8220;][\/vc_column_inner][\/vc_row_inner][\/vc_column][\/vc_row][vc_row][vc_column width=&#8220;1\/6&#8243;][\/vc_column][vc_column width=&#8220;2\/3&#8243;][vc_separator][\/vc_column][vc_column width=&#8220;1\/6&#8243;][\/vc_column][\/vc_row]<\/p>\n<\/div>","protected":false},"excerpt":{"rendered":"<p><span class=\"excerpt-hellip\"> [\u2026]<\/span><\/p>\n","protected":false},"author":1,"featured_media":0,"parent":7212,"menu_order":0,"comment_status":"closed","ping_status":"closed","template":"","meta":{"footnotes":""},"class_list":["post-7777","page","type-page","status-publish","hentry"],"yoast_head":"<!-- This site is optimized with the Yoast SEO plugin v27.3 - https:\/\/yoast.com\/product\/yoast-seo-wordpress\/ -->\n<title>Klimaanlage | Van Abeelen<\/title>\n<meta name=\"description\" content=\"Eine Klimaanlage ist f\u00fcr ein angenehmes Raumklima unverzichtbar. Monosplit- oder Multisplit-Klimaanlagen oder VRV-Anlagen: Van Abeelen ist Experte f\u00fcr intelligente Klimaanlagen, die energiesparend arbeiten und die Restw\u00e4rme optimal nutzen.\" \/>\n<meta name=\"robots\" content=\"index, follow, max-snippet:-1, max-image-preview:large, max-video-preview:-1\" \/>\n<link rel=\"canonical\" href=\"https:\/\/vanabeelen.eu\/de\/klimatechnik\/klimaanlage\/\" \/>\n<meta property=\"og:locale\" content=\"de_DE\" \/>\n<meta property=\"og:type\" content=\"article\" \/>\n<meta property=\"og:title\" content=\"Klimaanlage | Van Abeelen\" \/>\n<meta property=\"og:description\" content=\"Eine Klimaanlage ist f\u00fcr ein angenehmes Raumklima unverzichtbar. Monosplit- oder Multisplit-Klimaanlagen oder VRV-Anlagen: Van Abeelen ist Experte f\u00fcr intelligente Klimaanlagen, die energiesparend arbeiten und die Restw\u00e4rme optimal nutzen.\" \/>\n<meta property=\"og:url\" content=\"https:\/\/vanabeelen.eu\/de\/klimatechnik\/klimaanlage\/\" \/>\n<meta property=\"og:site_name\" content=\"Van Abeelen\" \/>\n<meta property=\"article:publisher\" content=\"https:\/\/www.facebook.com\/vanabeelen.eu\/\" \/>\n<meta property=\"article:modified_time\" content=\"2020-04-15T19:53:22+00:00\" \/>\n<meta property=\"og:image\" content=\"https:\/\/vanabeelen.eu\/wp-content\/uploads\/2019\/02\/wandmodel-airco-300x109.png\" \/>\n<meta name=\"twitter:card\" content=\"summary_large_image\" \/>\n<meta name=\"twitter:label1\" content=\"Gesch\u00e4tzte Lesezeit\" \/>\n\t<meta name=\"twitter:data1\" content=\"4\u00a0Minuten\" \/>\n<script type=\"application\/ld+json\" class=\"yoast-schema-graph\">{\"@context\":\"https:\\\/\\\/schema.org\",\"@graph\":[{\"@type\":\"WebPage\",\"@id\":\"https:\\\/\\\/vanabeelen.eu\\\/de\\\/klimatechnik\\\/klimaanlage\\\/\",\"url\":\"https:\\\/\\\/vanabeelen.eu\\\/de\\\/klimatechnik\\\/klimaanlage\\\/\",\"name\":\"Klimaanlage | Van Abeelen\",\"isPartOf\":{\"@id\":\"https:\\\/\\\/vanabeelen.eu\\\/#website\"},\"primaryImageOfPage\":{\"@id\":\"https:\\\/\\\/vanabeelen.eu\\\/de\\\/klimatechnik\\\/klimaanlage\\\/#primaryimage\"},\"image\":{\"@id\":\"https:\\\/\\\/vanabeelen.eu\\\/de\\\/klimatechnik\\\/klimaanlage\\\/#primaryimage\"},\"thumbnailUrl\":\"https:\\\/\\\/vanabeelen.eu\\\/wp-content\\\/uploads\\\/2019\\\/02\\\/wandmodel-airco-300x109.png\",\"datePublished\":\"2018-11-08T06:39:29+00:00\",\"dateModified\":\"2020-04-15T19:53:22+00:00\",\"description\":\"Eine Klimaanlage ist f\u00fcr ein angenehmes Raumklima unverzichtbar. Monosplit- oder Multisplit-Klimaanlagen oder VRV-Anlagen: Van Abeelen ist Experte f\u00fcr intelligente Klimaanlagen, die energiesparend arbeiten und die Restw\u00e4rme optimal nutzen.\",\"breadcrumb\":{\"@id\":\"https:\\\/\\\/vanabeelen.eu\\\/de\\\/klimatechnik\\\/klimaanlage\\\/#breadcrumb\"},\"inLanguage\":\"de\",\"potentialAction\":[{\"@type\":\"ReadAction\",\"target\":[\"https:\\\/\\\/vanabeelen.eu\\\/de\\\/klimatechnik\\\/klimaanlage\\\/\"]}]},{\"@type\":\"ImageObject\",\"inLanguage\":\"de\",\"@id\":\"https:\\\/\\\/vanabeelen.eu\\\/de\\\/klimatechnik\\\/klimaanlage\\\/#primaryimage\",\"url\":\"https:\\\/\\\/vanabeelen.eu\\\/wp-content\\\/uploads\\\/2019\\\/02\\\/wandmodel-airco-300x109.png\",\"contentUrl\":\"https:\\\/\\\/vanabeelen.eu\\\/wp-content\\\/uploads\\\/2019\\\/02\\\/wandmodel-airco-300x109.png\"},{\"@type\":\"BreadcrumbList\",\"@id\":\"https:\\\/\\\/vanabeelen.eu\\\/de\\\/klimatechnik\\\/klimaanlage\\\/#breadcrumb\",\"itemListElement\":[{\"@type\":\"ListItem\",\"position\":1,\"name\":\"Home\",\"item\":\"https:\\\/\\\/vanabeelen.eu\\\/de\\\/\"},{\"@type\":\"ListItem\",\"position\":2,\"name\":\"Klimatechnik\",\"item\":\"https:\\\/\\\/vanabeelen.eu\\\/de\\\/klimatechnik\\\/\"},{\"@type\":\"ListItem\",\"position\":3,\"name\":\"Klimaanlage\"}]},{\"@type\":\"WebSite\",\"@id\":\"https:\\\/\\\/vanabeelen.eu\\\/#website\",\"url\":\"https:\\\/\\\/vanabeelen.eu\\\/\",\"name\":\"Van Abeelen\",\"description\":\"Koude- en klimaatoplossingen\",\"publisher\":{\"@id\":\"https:\\\/\\\/vanabeelen.eu\\\/#organization\"},\"potentialAction\":[{\"@type\":\"SearchAction\",\"target\":{\"@type\":\"EntryPoint\",\"urlTemplate\":\"https:\\\/\\\/vanabeelen.eu\\\/?s={search_term_string}\"},\"query-input\":{\"@type\":\"PropertyValueSpecification\",\"valueRequired\":true,\"valueName\":\"search_term_string\"}}],\"inLanguage\":\"de\"},{\"@type\":\"Organization\",\"@id\":\"https:\\\/\\\/vanabeelen.eu\\\/#organization\",\"name\":\"Van Abeelen\",\"url\":\"https:\\\/\\\/vanabeelen.eu\\\/\",\"logo\":{\"@type\":\"ImageObject\",\"inLanguage\":\"de\",\"@id\":\"https:\\\/\\\/vanabeelen.eu\\\/#\\\/schema\\\/logo\\\/image\\\/\",\"url\":\"https:\\\/\\\/vanabeelen.eu\\\/wp-content\\\/uploads\\\/2018\\\/09\\\/vanabeelen-logo-retina.png\",\"contentUrl\":\"https:\\\/\\\/vanabeelen.eu\\\/wp-content\\\/uploads\\\/2018\\\/09\\\/vanabeelen-logo-retina.png\",\"width\":516,\"height\":120,\"caption\":\"Van Abeelen\"},\"image\":{\"@id\":\"https:\\\/\\\/vanabeelen.eu\\\/#\\\/schema\\\/logo\\\/image\\\/\"},\"sameAs\":[\"https:\\\/\\\/www.facebook.com\\\/vanabeelen.eu\\\/\",\"https:\\\/\\\/www.instagram.com\\\/vanabeelengroep\\\/\",\"https:\\\/\\\/nl.linkedin.com\\\/company\\\/van-abeelen-koeltechniek\"]}]}<\/script>\n<!-- \/ Yoast SEO plugin. -->","yoast_head_json":{"title":"Klimaanlage | Van Abeelen","description":"Eine Klimaanlage ist f\u00fcr ein angenehmes Raumklima unverzichtbar. Monosplit- oder Multisplit-Klimaanlagen oder VRV-Anlagen: Van Abeelen ist Experte f\u00fcr intelligente Klimaanlagen, die energiesparend arbeiten und die Restw\u00e4rme optimal nutzen.","robots":{"index":"index","follow":"follow","max-snippet":"max-snippet:-1","max-image-preview":"max-image-preview:large","max-video-preview":"max-video-preview:-1"},"canonical":"https:\/\/vanabeelen.eu\/de\/klimatechnik\/klimaanlage\/","og_locale":"de_DE","og_type":"article","og_title":"Klimaanlage | Van Abeelen","og_description":"Eine Klimaanlage ist f\u00fcr ein angenehmes Raumklima unverzichtbar. Monosplit- oder Multisplit-Klimaanlagen oder VRV-Anlagen: Van Abeelen ist Experte f\u00fcr intelligente Klimaanlagen, die energiesparend arbeiten und die Restw\u00e4rme optimal nutzen.","og_url":"https:\/\/vanabeelen.eu\/de\/klimatechnik\/klimaanlage\/","og_site_name":"Van Abeelen","article_publisher":"https:\/\/www.facebook.com\/vanabeelen.eu\/","article_modified_time":"2020-04-15T19:53:22+00:00","og_image":[{"url":"https:\/\/vanabeelen.eu\/wp-content\/uploads\/2019\/02\/wandmodel-airco-300x109.png","type":"","width":"","height":""}],"twitter_card":"summary_large_image","twitter_misc":{"Gesch\u00e4tzte Lesezeit":"4\u00a0Minuten"},"schema":{"@context":"https:\/\/schema.org","@graph":[{"@type":"WebPage","@id":"https:\/\/vanabeelen.eu\/de\/klimatechnik\/klimaanlage\/","url":"https:\/\/vanabeelen.eu\/de\/klimatechnik\/klimaanlage\/","name":"Klimaanlage | Van Abeelen","isPartOf":{"@id":"https:\/\/vanabeelen.eu\/#website"},"primaryImageOfPage":{"@id":"https:\/\/vanabeelen.eu\/de\/klimatechnik\/klimaanlage\/#primaryimage"},"image":{"@id":"https:\/\/vanabeelen.eu\/de\/klimatechnik\/klimaanlage\/#primaryimage"},"thumbnailUrl":"https:\/\/vanabeelen.eu\/wp-content\/uploads\/2019\/02\/wandmodel-airco-300x109.png","datePublished":"2018-11-08T06:39:29+00:00","dateModified":"2020-04-15T19:53:22+00:00","description":"Eine Klimaanlage ist f\u00fcr ein angenehmes Raumklima unverzichtbar. Monosplit- oder Multisplit-Klimaanlagen oder VRV-Anlagen: Van Abeelen ist Experte f\u00fcr intelligente Klimaanlagen, die energiesparend arbeiten und die Restw\u00e4rme optimal nutzen.","breadcrumb":{"@id":"https:\/\/vanabeelen.eu\/de\/klimatechnik\/klimaanlage\/#breadcrumb"},"inLanguage":"de","potentialAction":[{"@type":"ReadAction","target":["https:\/\/vanabeelen.eu\/de\/klimatechnik\/klimaanlage\/"]}]},{"@type":"ImageObject","inLanguage":"de","@id":"https:\/\/vanabeelen.eu\/de\/klimatechnik\/klimaanlage\/#primaryimage","url":"https:\/\/vanabeelen.eu\/wp-content\/uploads\/2019\/02\/wandmodel-airco-300x109.png","contentUrl":"https:\/\/vanabeelen.eu\/wp-content\/uploads\/2019\/02\/wandmodel-airco-300x109.png"},{"@type":"BreadcrumbList","@id":"https:\/\/vanabeelen.eu\/de\/klimatechnik\/klimaanlage\/#breadcrumb","itemListElement":[{"@type":"ListItem","position":1,"name":"Home","item":"https:\/\/vanabeelen.eu\/de\/"},{"@type":"ListItem","position":2,"name":"Klimatechnik","item":"https:\/\/vanabeelen.eu\/de\/klimatechnik\/"},{"@type":"ListItem","position":3,"name":"Klimaanlage"}]},{"@type":"WebSite","@id":"https:\/\/vanabeelen.eu\/#website","url":"https:\/\/vanabeelen.eu\/","name":"Van Abeelen","description":"Koude- en klimaatoplossingen","publisher":{"@id":"https:\/\/vanabeelen.eu\/#organization"},"potentialAction":[{"@type":"SearchAction","target":{"@type":"EntryPoint","urlTemplate":"https:\/\/vanabeelen.eu\/?s={search_term_string}"},"query-input":{"@type":"PropertyValueSpecification","valueRequired":true,"valueName":"search_term_string"}}],"inLanguage":"de"},{"@type":"Organization","@id":"https:\/\/vanabeelen.eu\/#organization","name":"Van Abeelen","url":"https:\/\/vanabeelen.eu\/","logo":{"@type":"ImageObject","inLanguage":"de","@id":"https:\/\/vanabeelen.eu\/#\/schema\/logo\/image\/","url":"https:\/\/vanabeelen.eu\/wp-content\/uploads\/2018\/09\/vanabeelen-logo-retina.png","contentUrl":"https:\/\/vanabeelen.eu\/wp-content\/uploads\/2018\/09\/vanabeelen-logo-retina.png","width":516,"height":120,"caption":"Van Abeelen"},"image":{"@id":"https:\/\/vanabeelen.eu\/#\/schema\/logo\/image\/"},"sameAs":["https:\/\/www.facebook.com\/vanabeelen.eu\/","https:\/\/www.instagram.com\/vanabeelengroep\/","https:\/\/nl.linkedin.com\/company\/van-abeelen-koeltechniek"]}]}},"_links":{"self":[{"href":"https:\/\/vanabeelen.eu\/de\/wp-json\/wp\/v2\/pages\/7777","targetHints":{"allow":["GET"]}}],"collection":[{"href":"https:\/\/vanabeelen.eu\/de\/wp-json\/wp\/v2\/pages"}],"about":[{"href":"https:\/\/vanabeelen.eu\/de\/wp-json\/wp\/v2\/types\/page"}],"author":[{"embeddable":true,"href":"https:\/\/vanabeelen.eu\/de\/wp-json\/wp\/v2\/users\/1"}],"replies":[{"embeddable":true,"href":"https:\/\/vanabeelen.eu\/de\/wp-json\/wp\/v2\/comments?post=7777"}],"version-history":[{"count":0,"href":"https:\/\/vanabeelen.eu\/de\/wp-json\/wp\/v2\/pages\/7777\/revisions"}],"up":[{"embeddable":true,"href":"https:\/\/vanabeelen.eu\/de\/wp-json\/wp\/v2\/pages\/7212"}],"wp:attachment":[{"href":"https:\/\/vanabeelen.eu\/de\/wp-json\/wp\/v2\/media?parent=7777"}],"curies":[{"name":"wp","href":"https:\/\/api.w.org\/{rel}","templated":true}]}}