{"id":7763,"date":"2018-10-01T11:52:12","date_gmt":"2018-10-01T09:52:12","guid":{"rendered":"https:\/\/vanabeelen.eu\/24-stunden-service\/"},"modified":"2022-03-02T14:24:19","modified_gmt":"2022-03-02T12:24:19","slug":"24-stunden-service","status":"publish","type":"page","link":"https:\/\/vanabeelen.eu\/de\/24-stunden-service\/","title":{"rendered":"24-Stunden-Service"},"content":{"rendered":"<div class=\"wpb-content-wrapper\"><p>[vc_row full_width=&#8220;stretch_row_content_no_spaces&#8220; equal_height=&#8220;yes&#8220; css=&#8220;.vc_custom_1582195298555{margin-bottom: -65px !important;}&#8220;][vc_column offset=&#8220;vc_hidden-xs&#8220;][vc_media_grid element_width=&#8220;3&#8243; grid_id=&#8220;vc_gid:1646223409825-a0b55d4b-a523-8&#8243; include=&#8220;6489,6490,6492,26569&#8243;][\/vc_column][\/vc_row][vc_row full_width=&#8220;stretch_row&#8220; equal_height=&#8220;yes&#8220; css=&#8220;.vc_custom_1582195303366{background-color: #00527a !important;}&#8220;][vc_column][vc_column_text]<\/p>\n<h1 style=\"color: #fff;\">24-Stunden-Service<\/h1>\n<p>[\/vc_column_text][\/vc_column][\/vc_row][vc_row][vc_column width=&#8220;2\/3&#8243; css=&#8220;.vc_custom_1582119839642{margin-right: 25px !important;}&#8220;][vc_column_text]<\/p>\n<h5>F\u00fcr uns ist der 24-Stunden-Service f\u00fcr Ihre K\u00e4lte- und Klimatechnik bzw. gewerblichen Gefrieranlagen eine Selbstverst\u00e4ndlichkeit. Als Unternehmen m\u00fcssen Sie sich einfach auf das Wesentliche konzentrieren k\u00f6nnen. Ein kontinuierlich gek\u00fchlter Produktionsprozess darf sich nicht erw\u00e4rmen, Lebensmittel d\u00fcrfen nicht auftauen und in einem B\u00fcrogeb\u00e4ude sind tropische Temperaturen aus Sicht des Arbeitsschutzes nicht gerechtfertigt. Ger\u00e4t das Raumklima au\u00dfer Kontrolle, k\u00f6nnen erhebliche Sch\u00e4den entstehen. Im Notfall ist es wichtig, dass Anpassungen schnell durchgef\u00fchrt werden k\u00f6nnen. Van Abeelen versteht das wie kein anderes Unternehmen.<\/h5>\n<h3>24-Stunden-Service f\u00fcr SPS-Technologie<\/h3>\n<h5>Heutzutage sind alle Anlagen automatisiert und werden per SPS-Technologie gesteuert. Daher ist ein 24-Stunden-Service wichtiger denn je. Der Vorteil dieser technischen Neuerung ist, dass der Computer anzeigt, wo St\u00f6rungen auftreten. Dadurch k\u00f6nnen Anpassungen schnell erfolgen. Die Monteure sind heutzutage nicht nur Techniker, sondern auch Programmierer. Sie nehmen regelm\u00e4\u00dfig an Weiterbildungen teil, um auf dem neuesten Stand zu bleiben und Sie noch besser unterst\u00fctzen zu k\u00f6nnen.<\/h5>\n<h5>Bei St\u00f6rungen, notwendigen Anpassungen, Sch\u00e4den oder Notf\u00e4llen finden unsere Experten schnell eine L\u00f6sung. Ersatzteile k\u00f6nnen per Kurier geliefert werden. Der 24-Stunden-Service von Van Abeelen bietet Sicherheit und Zuverl\u00e4ssigkeit.<\/h5>\n<p>[\/vc_column_text][vc_btn title=&#8220;Mehr zur SPS-Technologie&#8220; link=&#8220;url:https%3A%2F%2Fvanabeelen.eu%2Fde%2Fkaltetechnik%2Fsps-technologie%2F|title:SPS-Technologie||&#8220; css=&#8220;.vc_custom_1587409769709{margin-right: 20px !important;}&#8220;][vc_btn title=&#8220;Mehr zu Kontaktdaten&#8220; link=&#8220;url:https%3A%2F%2Fvanabeelen.eu%2Fde%2Fkontakt%2F|&#8220;][\/vc_column][vc_column width=&#8220;1\/3&#8243;][vc_single_image image=&#8220;6084&#8243; img_size=&#8220;450&#215;350&#8243; css=&#8220;.vc_custom_1585571281729{margin-top: -100px !important;}&#8220; el_class=&#8220;.content-desktop&#8220;][vc_single_image image=&#8220;6084&#8243; img_size=&#8220;450&#215;350&#8243; el_class=&#8220;content-mobile&#8220;][vc_column_text css=&#8220;.vc_custom_1586977301621{margin-top: -50px !important;padding-top: 30px !important;padding-right: 30px !important;padding-bottom: 50px !important;padding-left: 30px !important;background-image: url(https:\/\/vanabeelen.eu\/wp-content\/uploads\/2020\/02\/vanabeelen_row-background-oranje.jpg?id=5918) !important;}&#8220;]<\/p>\n<h2 style=\"color: white; line-height: 40px;\">Telefon:<\/h2>\n<h2 style=\"color: white; font-size: 20px; line-height: 20px; padding-top: 20px;\">K\u00e4ltetechnik<\/h2>\n<h3 style=\"color: white; line-height: 20px;\">+31 (0)161 230 052<\/h3>\n<h2 style=\"color: white; font-size: 20px; line-height: 20px; padding-top: 20px;\">Klimatechnik<\/h2>\n<h3 style=\"color: white; line-height: 20px;\">+31 (0)161 228 043<\/h3>\n<h2 style=\"color: white; font-size: 20px; line-height: 20px; padding-top: 20px;\">Food Processing Technology<\/h2>\n<h3 style=\"color: white; line-height: 20px;\">+31 (0)161 226 597<\/h3>\n<h2 style=\"color: white; font-size: 20px; line-height: 20px; padding-top: 20px;\">Solarfridge<\/h2>\n<h3 style=\"color: white; line-height: 20px;\">+31 (0)161 226 857<\/h3>\n<h2 style=\"color: white; font-size: 20px; line-height: 20px; padding-top: 20px;\">Rental Solutions<\/h2>\n<h3 style=\"color: white; line-height: 20px;\">+31 (0)161 219 031<\/h3>\n<p>[\/vc_column_text][\/vc_column][\/vc_row][vc_row][vc_column][vc_empty_space][\/vc_column][\/vc_row][vc_row][vc_column width=&#8220;1\/6&#8243;][\/vc_column][vc_column width=&#8220;2\/3&#8243;][vc_separator][\/vc_column][vc_column width=&#8220;1\/6&#8243;][\/vc_column][\/vc_row]<\/p>\n<\/div>","protected":false},"excerpt":{"rendered":"<p><span class=\"excerpt-hellip\"> [\u2026]<\/span><\/p>\n","protected":false},"author":1,"featured_media":0,"parent":0,"menu_order":0,"comment_status":"closed","ping_status":"closed","template":"","meta":{"footnotes":""},"class_list":["post-7763","page","type-page","status-publish","hentry"],"yoast_head":"<!-- This site is optimized with the Yoast SEO plugin v27.3 - https:\/\/yoast.com\/product\/yoast-seo-wordpress\/ -->\n<title>24-Stunden-Service - Van Abeelen<\/title>\n<meta name=\"robots\" content=\"index, follow, max-snippet:-1, max-image-preview:large, max-video-preview:-1\" \/>\n<link rel=\"canonical\" href=\"https:\/\/vanabeelen.eu\/de\/24-stunden-service\/\" \/>\n<meta property=\"og:locale\" content=\"de_DE\" \/>\n<meta property=\"og:type\" content=\"article\" \/>\n<meta property=\"og:title\" content=\"24-Stunden-Service - Van Abeelen\" \/>\n<meta property=\"og:description\" content=\"[\u2026]\" \/>\n<meta property=\"og:url\" content=\"https:\/\/vanabeelen.eu\/de\/24-stunden-service\/\" \/>\n<meta property=\"og:site_name\" content=\"Van Abeelen\" \/>\n<meta property=\"article:publisher\" content=\"https:\/\/www.facebook.com\/vanabeelen.eu\/\" \/>\n<meta property=\"article:modified_time\" content=\"2022-03-02T12:24:19+00:00\" \/>\n<meta name=\"twitter:card\" content=\"summary_large_image\" \/>\n<meta name=\"twitter:label1\" content=\"Gesch\u00e4tzte Lesezeit\" \/>\n\t<meta name=\"twitter:data1\" content=\"2\u00a0Minuten\" \/>\n<script type=\"application\/ld+json\" class=\"yoast-schema-graph\">{\"@context\":\"https:\\\/\\\/schema.org\",\"@graph\":[{\"@type\":\"WebPage\",\"@id\":\"https:\\\/\\\/vanabeelen.eu\\\/de\\\/24-stunden-service\\\/\",\"url\":\"https:\\\/\\\/vanabeelen.eu\\\/de\\\/24-stunden-service\\\/\",\"name\":\"24-Stunden-Service - Van Abeelen\",\"isPartOf\":{\"@id\":\"https:\\\/\\\/vanabeelen.eu\\\/#website\"},\"datePublished\":\"2018-10-01T09:52:12+00:00\",\"dateModified\":\"2022-03-02T12:24:19+00:00\",\"breadcrumb\":{\"@id\":\"https:\\\/\\\/vanabeelen.eu\\\/de\\\/24-stunden-service\\\/#breadcrumb\"},\"inLanguage\":\"de\",\"potentialAction\":[{\"@type\":\"ReadAction\",\"target\":[\"https:\\\/\\\/vanabeelen.eu\\\/de\\\/24-stunden-service\\\/\"]}]},{\"@type\":\"BreadcrumbList\",\"@id\":\"https:\\\/\\\/vanabeelen.eu\\\/de\\\/24-stunden-service\\\/#breadcrumb\",\"itemListElement\":[{\"@type\":\"ListItem\",\"position\":1,\"name\":\"Home\",\"item\":\"https:\\\/\\\/vanabeelen.eu\\\/de\\\/\"},{\"@type\":\"ListItem\",\"position\":2,\"name\":\"24-Stunden-Service\"}]},{\"@type\":\"WebSite\",\"@id\":\"https:\\\/\\\/vanabeelen.eu\\\/#website\",\"url\":\"https:\\\/\\\/vanabeelen.eu\\\/\",\"name\":\"Van Abeelen\",\"description\":\"Koude- en klimaatoplossingen\",\"publisher\":{\"@id\":\"https:\\\/\\\/vanabeelen.eu\\\/#organization\"},\"potentialAction\":[{\"@type\":\"SearchAction\",\"target\":{\"@type\":\"EntryPoint\",\"urlTemplate\":\"https:\\\/\\\/vanabeelen.eu\\\/?s={search_term_string}\"},\"query-input\":{\"@type\":\"PropertyValueSpecification\",\"valueRequired\":true,\"valueName\":\"search_term_string\"}}],\"inLanguage\":\"de\"},{\"@type\":\"Organization\",\"@id\":\"https:\\\/\\\/vanabeelen.eu\\\/#organization\",\"name\":\"Van Abeelen\",\"url\":\"https:\\\/\\\/vanabeelen.eu\\\/\",\"logo\":{\"@type\":\"ImageObject\",\"inLanguage\":\"de\",\"@id\":\"https:\\\/\\\/vanabeelen.eu\\\/#\\\/schema\\\/logo\\\/image\\\/\",\"url\":\"https:\\\/\\\/vanabeelen.eu\\\/wp-content\\\/uploads\\\/2018\\\/09\\\/vanabeelen-logo-retina.png\",\"contentUrl\":\"https:\\\/\\\/vanabeelen.eu\\\/wp-content\\\/uploads\\\/2018\\\/09\\\/vanabeelen-logo-retina.png\",\"width\":516,\"height\":120,\"caption\":\"Van Abeelen\"},\"image\":{\"@id\":\"https:\\\/\\\/vanabeelen.eu\\\/#\\\/schema\\\/logo\\\/image\\\/\"},\"sameAs\":[\"https:\\\/\\\/www.facebook.com\\\/vanabeelen.eu\\\/\",\"https:\\\/\\\/www.instagram.com\\\/vanabeelengroep\\\/\",\"https:\\\/\\\/nl.linkedin.com\\\/company\\\/van-abeelen-koeltechniek\"]}]}<\/script>\n<!-- \/ Yoast SEO plugin. -->","yoast_head_json":{"title":"24-Stunden-Service - Van Abeelen","robots":{"index":"index","follow":"follow","max-snippet":"max-snippet:-1","max-image-preview":"max-image-preview:large","max-video-preview":"max-video-preview:-1"},"canonical":"https:\/\/vanabeelen.eu\/de\/24-stunden-service\/","og_locale":"de_DE","og_type":"article","og_title":"24-Stunden-Service - Van Abeelen","og_description":"[\u2026]","og_url":"https:\/\/vanabeelen.eu\/de\/24-stunden-service\/","og_site_name":"Van Abeelen","article_publisher":"https:\/\/www.facebook.com\/vanabeelen.eu\/","article_modified_time":"2022-03-02T12:24:19+00:00","twitter_card":"summary_large_image","twitter_misc":{"Gesch\u00e4tzte Lesezeit":"2\u00a0Minuten"},"schema":{"@context":"https:\/\/schema.org","@graph":[{"@type":"WebPage","@id":"https:\/\/vanabeelen.eu\/de\/24-stunden-service\/","url":"https:\/\/vanabeelen.eu\/de\/24-stunden-service\/","name":"24-Stunden-Service - Van Abeelen","isPartOf":{"@id":"https:\/\/vanabeelen.eu\/#website"},"datePublished":"2018-10-01T09:52:12+00:00","dateModified":"2022-03-02T12:24:19+00:00","breadcrumb":{"@id":"https:\/\/vanabeelen.eu\/de\/24-stunden-service\/#breadcrumb"},"inLanguage":"de","potentialAction":[{"@type":"ReadAction","target":["https:\/\/vanabeelen.eu\/de\/24-stunden-service\/"]}]},{"@type":"BreadcrumbList","@id":"https:\/\/vanabeelen.eu\/de\/24-stunden-service\/#breadcrumb","itemListElement":[{"@type":"ListItem","position":1,"name":"Home","item":"https:\/\/vanabeelen.eu\/de\/"},{"@type":"ListItem","position":2,"name":"24-Stunden-Service"}]},{"@type":"WebSite","@id":"https:\/\/vanabeelen.eu\/#website","url":"https:\/\/vanabeelen.eu\/","name":"Van Abeelen","description":"Koude- en klimaatoplossingen","publisher":{"@id":"https:\/\/vanabeelen.eu\/#organization"},"potentialAction":[{"@type":"SearchAction","target":{"@type":"EntryPoint","urlTemplate":"https:\/\/vanabeelen.eu\/?s={search_term_string}"},"query-input":{"@type":"PropertyValueSpecification","valueRequired":true,"valueName":"search_term_string"}}],"inLanguage":"de"},{"@type":"Organization","@id":"https:\/\/vanabeelen.eu\/#organization","name":"Van Abeelen","url":"https:\/\/vanabeelen.eu\/","logo":{"@type":"ImageObject","inLanguage":"de","@id":"https:\/\/vanabeelen.eu\/#\/schema\/logo\/image\/","url":"https:\/\/vanabeelen.eu\/wp-content\/uploads\/2018\/09\/vanabeelen-logo-retina.png","contentUrl":"https:\/\/vanabeelen.eu\/wp-content\/uploads\/2018\/09\/vanabeelen-logo-retina.png","width":516,"height":120,"caption":"Van Abeelen"},"image":{"@id":"https:\/\/vanabeelen.eu\/#\/schema\/logo\/image\/"},"sameAs":["https:\/\/www.facebook.com\/vanabeelen.eu\/","https:\/\/www.instagram.com\/vanabeelengroep\/","https:\/\/nl.linkedin.com\/company\/van-abeelen-koeltechniek"]}]}},"_links":{"self":[{"href":"https:\/\/vanabeelen.eu\/de\/wp-json\/wp\/v2\/pages\/7763","targetHints":{"allow":["GET"]}}],"collection":[{"href":"https:\/\/vanabeelen.eu\/de\/wp-json\/wp\/v2\/pages"}],"about":[{"href":"https:\/\/vanabeelen.eu\/de\/wp-json\/wp\/v2\/types\/page"}],"author":[{"embeddable":true,"href":"https:\/\/vanabeelen.eu\/de\/wp-json\/wp\/v2\/users\/1"}],"replies":[{"embeddable":true,"href":"https:\/\/vanabeelen.eu\/de\/wp-json\/wp\/v2\/comments?post=7763"}],"version-history":[{"count":0,"href":"https:\/\/vanabeelen.eu\/de\/wp-json\/wp\/v2\/pages\/7763\/revisions"}],"wp:attachment":[{"href":"https:\/\/vanabeelen.eu\/de\/wp-json\/wp\/v2\/media?parent=7763"}],"curies":[{"name":"wp","href":"https:\/\/api.w.org\/{rel}","templated":true}]}}