{"id":7671,"date":"2018-10-01T13:12:08","date_gmt":"2018-10-01T11:12:08","guid":{"rendered":"https:\/\/vanabeelen.eu\/food-processing-technology\/spiralkuhler-und-froster-mit-direktantrieb\/"},"modified":"2020-04-10T14:53:19","modified_gmt":"2020-04-10T14:53:19","slug":"spiralkuhler-und-froster-mit-direktantrieb","status":"publish","type":"page","link":"https:\/\/vanabeelen.eu\/de\/food-processing-technology\/spiralkuhler-und-froster-mit-direktantrieb\/","title":{"rendered":"Spiralk\u00fchler und -froster mit Direktantrieb"},"content":{"rendered":"<div class=\"wpb-content-wrapper\"><p>[vc_row css=&#8220;.vc_custom_1544431300054{margin-bottom: 0px !important;padding-top: 60px !important;padding-bottom: 0px !important;}&#8220;][vc_column][vc_custom_heading text=&#8220;Spiralk\u00fchler und -froster mit Direktantrieb&#8220; font_container=&#8220;tag:h1|text_align:left&#8220; use_theme_fonts=&#8220;yes&#8220;][vc_empty_space height=&#8220;30px&#8220;][vc_row_inner gap=&#8220;30&#8243;][vc_column_inner width=&#8220;2\/3&#8243;][vc_single_image image=&#8220;864&#8243; img_size=&#8220;full&#8220; alignment=&#8220;center&#8220;][vc_column_text]Spiralmodulen aus Edelstahl, das die h\u00f6chsten Anforderungen an die Lebensmittelsicherheit erf\u00fcllt. Jedes Modul besteht aus einem isolierten, nahtlos verschwei\u00dften Edelstahlgeh\u00e4use, das mit einem vollst\u00e4ndig verschwei\u00dften Spiralrahmen und einem Verdampfer ausgestattet ist. Durch das vollautomatische Cleaning In Place (CIP) wird die optimale Hygiene des gesamten Spiralfrostersystems gew\u00e4hrleistet. Wir liefern diese Systeme mit einem Edelstahlband oder einem Kunststoffband.[\/vc_column_text][vc_btn title=&#8220;Flyer herunterladen&#8220; link=&#8220;url:%2Fwp-content%2Fuploads%2F2018%2F12%2FDirect-Drive-Spiral-EN.pdf|target:%20_blank|&#8220;][vc_column_text]<div class=\"button_align align_left\"><a class=\"button CustomButton button_full_width button_size_2\" href=\"\/de\/food-processing-technology\/\"     style=\"color:#ffffff;\"     title=\"\"><span class=\"button_label\">Weitere L\u00f6sungen der Food Processing Technology<\/span><\/a><\/div>\n[\/vc_column_text][\/vc_column_inner][vc_column_inner width=&#8220;1\/3&#8243;][vc_column_text]<\/p>\n<h5>Spiralfroster:<\/h5>\n<p>[\/vc_column_text][vc_btn title=&#8220;Umgebung&#8220; link=&#8220;url:https%3A%2F%2Fvanabeelen.eu%2Fde%2Ffood-processing-technology%2Fumgebungs-spiralkuhler%2F|title:Umgebungs-Spiralk%C3%BChler|&#8220; css=&#8220;.vc_custom_1582191934695{margin-right: 20px !important;}&#8220;][vc_btn title=&#8220;Direktantrieb&#8220; link=&#8220;url:https%3A%2F%2Fvanabeelen.eu%2Fde%2Ffood-processing-technology%2Fspiralkuhler-und-froster-mit-direktantrieb%2F|title:Spiralk%C3%BChler%20und%20-froster%20mit%20Direktantrieb|&#8220; css=&#8220;.vc_custom_1582191939947{margin-right: 20px !important;}&#8220;][vc_btn title=&#8220;Modular&#8220; link=&#8220;url:https%3A%2F%2Fvanabeelen.eu%2Fde%2Ffood-processing-technology%2Fmodularer-spiralfroster%2F|title:Modularer%20Spiralfroster|&#8220;][vc_column_text]<\/p>\n<h5>Sonstige Gefriertechnologien:<\/h5>\n<p>[\/vc_column_text][vc_btn title=&#8220;Tunnel&#8220; link=&#8220;url:https%3A%2F%2Fvanabeelen.eu%2Fde%2Ffood-processing-technology%2Ftunnelfroster%2F|title:Tunnelfroster|&#8220; css=&#8220;.vc_custom_1582192624206{margin-right: 20px !important;}&#8220;][vc_btn title=&#8220;Karton&#8220; link=&#8220;url:https%3A%2F%2Fvanabeelen.eu%2Fde%2Ffood-processing-technology%2Ffroster-fur-kartons%2F|title:Froster%20f%C3%BCr%20Kartons|&#8220; css=&#8220;.vc_custom_1582192630110{margin-right: 20px !important;}&#8220;][vc_btn title=&#8220;Band&#8220; link=&#8220;url:https%3A%2F%2Fvanabeelen.eu%2Fde%2Ffood-processing-technology%2Fbandfroster%2F|title:Bandfroster|&#8220; css=&#8220;.vc_custom_1582192636479{margin-right: 20px !important;}&#8220;][vc_btn title=&#8220;Kontakt&#8220; link=&#8220;url:https%3A%2F%2Fvanabeelen.eu%2Fde%2Ffood-processing-technology%2Fkontaktfroster%2F|title:Food%20processing%20technology|&#8220; css=&#8220;.vc_custom_1582192643589{margin-right: 20px !important;}&#8220;][vc_btn title=&#8220;Platte&#8220; link=&#8220;url:https%3A%2F%2Fvanabeelen.eu%2Fde%2Ffood-processing-technology%2Fplattenfroster%2F|title:Plattenfroster|&#8220;][\/vc_column_inner][\/vc_row_inner][\/vc_column][\/vc_row]<\/p>\n<\/div>","protected":false},"excerpt":{"rendered":"<p><span class=\"excerpt-hellip\"> [\u2026]<\/span><\/p>\n","protected":false},"author":1,"featured_media":0,"parent":7571,"menu_order":3,"comment_status":"closed","ping_status":"closed","template":"","meta":{"footnotes":""},"class_list":["post-7671","page","type-page","status-publish","hentry"],"yoast_head":"<!-- This site is optimized with the Yoast SEO plugin v27.3 - https:\/\/yoast.com\/product\/yoast-seo-wordpress\/ -->\n<title>Spiralk\u00fchler und -froster mit Direktantrieb - Van Abeelen<\/title>\n<meta name=\"robots\" content=\"index, follow, max-snippet:-1, max-image-preview:large, max-video-preview:-1\" \/>\n<link rel=\"canonical\" href=\"https:\/\/vanabeelen.eu\/de\/food-processing-technology\/spiralkuhler-und-froster-mit-direktantrieb\/\" \/>\n<meta property=\"og:locale\" content=\"de_DE\" \/>\n<meta property=\"og:type\" content=\"article\" \/>\n<meta property=\"og:title\" content=\"Spiralk\u00fchler und -froster mit Direktantrieb - Van Abeelen\" \/>\n<meta property=\"og:description\" content=\"[\u2026]\" \/>\n<meta property=\"og:url\" content=\"https:\/\/vanabeelen.eu\/de\/food-processing-technology\/spiralkuhler-und-froster-mit-direktantrieb\/\" \/>\n<meta property=\"og:site_name\" content=\"Van Abeelen\" \/>\n<meta property=\"article:publisher\" content=\"https:\/\/www.facebook.com\/vanabeelen.eu\/\" \/>\n<meta property=\"article:modified_time\" content=\"2020-04-10T14:53:19+00:00\" \/>\n<meta name=\"twitter:card\" content=\"summary_large_image\" \/>\n<meta name=\"twitter:label1\" content=\"Gesch\u00e4tzte Lesezeit\" \/>\n\t<meta name=\"twitter:data1\" content=\"2\u00a0Minuten\" \/>\n<script type=\"application\/ld+json\" class=\"yoast-schema-graph\">{\"@context\":\"https:\\\/\\\/schema.org\",\"@graph\":[{\"@type\":\"WebPage\",\"@id\":\"https:\\\/\\\/vanabeelen.eu\\\/de\\\/food-processing-technology\\\/spiralkuhler-und-froster-mit-direktantrieb\\\/\",\"url\":\"https:\\\/\\\/vanabeelen.eu\\\/de\\\/food-processing-technology\\\/spiralkuhler-und-froster-mit-direktantrieb\\\/\",\"name\":\"Spiralk\u00fchler und -froster mit Direktantrieb - Van Abeelen\",\"isPartOf\":{\"@id\":\"https:\\\/\\\/vanabeelen.eu\\\/#website\"},\"datePublished\":\"2018-10-01T11:12:08+00:00\",\"dateModified\":\"2020-04-10T14:53:19+00:00\",\"breadcrumb\":{\"@id\":\"https:\\\/\\\/vanabeelen.eu\\\/de\\\/food-processing-technology\\\/spiralkuhler-und-froster-mit-direktantrieb\\\/#breadcrumb\"},\"inLanguage\":\"de\",\"potentialAction\":[{\"@type\":\"ReadAction\",\"target\":[\"https:\\\/\\\/vanabeelen.eu\\\/de\\\/food-processing-technology\\\/spiralkuhler-und-froster-mit-direktantrieb\\\/\"]}]},{\"@type\":\"BreadcrumbList\",\"@id\":\"https:\\\/\\\/vanabeelen.eu\\\/de\\\/food-processing-technology\\\/spiralkuhler-und-froster-mit-direktantrieb\\\/#breadcrumb\",\"itemListElement\":[{\"@type\":\"ListItem\",\"position\":1,\"name\":\"Home\",\"item\":\"https:\\\/\\\/vanabeelen.eu\\\/de\\\/\"},{\"@type\":\"ListItem\",\"position\":2,\"name\":\"Food processing technology\",\"item\":\"https:\\\/\\\/vanabeelen.eu\\\/de\\\/food-processing-technology\\\/\"},{\"@type\":\"ListItem\",\"position\":3,\"name\":\"Spiralk\u00fchler und -froster mit Direktantrieb\"}]},{\"@type\":\"WebSite\",\"@id\":\"https:\\\/\\\/vanabeelen.eu\\\/#website\",\"url\":\"https:\\\/\\\/vanabeelen.eu\\\/\",\"name\":\"Van Abeelen\",\"description\":\"Koude- en klimaatoplossingen\",\"publisher\":{\"@id\":\"https:\\\/\\\/vanabeelen.eu\\\/#organization\"},\"potentialAction\":[{\"@type\":\"SearchAction\",\"target\":{\"@type\":\"EntryPoint\",\"urlTemplate\":\"https:\\\/\\\/vanabeelen.eu\\\/?s={search_term_string}\"},\"query-input\":{\"@type\":\"PropertyValueSpecification\",\"valueRequired\":true,\"valueName\":\"search_term_string\"}}],\"inLanguage\":\"de\"},{\"@type\":\"Organization\",\"@id\":\"https:\\\/\\\/vanabeelen.eu\\\/#organization\",\"name\":\"Van Abeelen\",\"url\":\"https:\\\/\\\/vanabeelen.eu\\\/\",\"logo\":{\"@type\":\"ImageObject\",\"inLanguage\":\"de\",\"@id\":\"https:\\\/\\\/vanabeelen.eu\\\/#\\\/schema\\\/logo\\\/image\\\/\",\"url\":\"https:\\\/\\\/vanabeelen.eu\\\/wp-content\\\/uploads\\\/2018\\\/09\\\/vanabeelen-logo-retina.png\",\"contentUrl\":\"https:\\\/\\\/vanabeelen.eu\\\/wp-content\\\/uploads\\\/2018\\\/09\\\/vanabeelen-logo-retina.png\",\"width\":516,\"height\":120,\"caption\":\"Van Abeelen\"},\"image\":{\"@id\":\"https:\\\/\\\/vanabeelen.eu\\\/#\\\/schema\\\/logo\\\/image\\\/\"},\"sameAs\":[\"https:\\\/\\\/www.facebook.com\\\/vanabeelen.eu\\\/\",\"https:\\\/\\\/www.instagram.com\\\/vanabeelengroep\\\/\",\"https:\\\/\\\/nl.linkedin.com\\\/company\\\/van-abeelen-koeltechniek\"]}]}<\/script>\n<!-- \/ Yoast SEO plugin. -->","yoast_head_json":{"title":"Spiralk\u00fchler und -froster mit Direktantrieb - Van Abeelen","robots":{"index":"index","follow":"follow","max-snippet":"max-snippet:-1","max-image-preview":"max-image-preview:large","max-video-preview":"max-video-preview:-1"},"canonical":"https:\/\/vanabeelen.eu\/de\/food-processing-technology\/spiralkuhler-und-froster-mit-direktantrieb\/","og_locale":"de_DE","og_type":"article","og_title":"Spiralk\u00fchler und -froster mit Direktantrieb - Van Abeelen","og_description":"[\u2026]","og_url":"https:\/\/vanabeelen.eu\/de\/food-processing-technology\/spiralkuhler-und-froster-mit-direktantrieb\/","og_site_name":"Van Abeelen","article_publisher":"https:\/\/www.facebook.com\/vanabeelen.eu\/","article_modified_time":"2020-04-10T14:53:19+00:00","twitter_card":"summary_large_image","twitter_misc":{"Gesch\u00e4tzte Lesezeit":"2\u00a0Minuten"},"schema":{"@context":"https:\/\/schema.org","@graph":[{"@type":"WebPage","@id":"https:\/\/vanabeelen.eu\/de\/food-processing-technology\/spiralkuhler-und-froster-mit-direktantrieb\/","url":"https:\/\/vanabeelen.eu\/de\/food-processing-technology\/spiralkuhler-und-froster-mit-direktantrieb\/","name":"Spiralk\u00fchler und -froster mit Direktantrieb - Van Abeelen","isPartOf":{"@id":"https:\/\/vanabeelen.eu\/#website"},"datePublished":"2018-10-01T11:12:08+00:00","dateModified":"2020-04-10T14:53:19+00:00","breadcrumb":{"@id":"https:\/\/vanabeelen.eu\/de\/food-processing-technology\/spiralkuhler-und-froster-mit-direktantrieb\/#breadcrumb"},"inLanguage":"de","potentialAction":[{"@type":"ReadAction","target":["https:\/\/vanabeelen.eu\/de\/food-processing-technology\/spiralkuhler-und-froster-mit-direktantrieb\/"]}]},{"@type":"BreadcrumbList","@id":"https:\/\/vanabeelen.eu\/de\/food-processing-technology\/spiralkuhler-und-froster-mit-direktantrieb\/#breadcrumb","itemListElement":[{"@type":"ListItem","position":1,"name":"Home","item":"https:\/\/vanabeelen.eu\/de\/"},{"@type":"ListItem","position":2,"name":"Food processing technology","item":"https:\/\/vanabeelen.eu\/de\/food-processing-technology\/"},{"@type":"ListItem","position":3,"name":"Spiralk\u00fchler und -froster mit Direktantrieb"}]},{"@type":"WebSite","@id":"https:\/\/vanabeelen.eu\/#website","url":"https:\/\/vanabeelen.eu\/","name":"Van Abeelen","description":"Koude- en klimaatoplossingen","publisher":{"@id":"https:\/\/vanabeelen.eu\/#organization"},"potentialAction":[{"@type":"SearchAction","target":{"@type":"EntryPoint","urlTemplate":"https:\/\/vanabeelen.eu\/?s={search_term_string}"},"query-input":{"@type":"PropertyValueSpecification","valueRequired":true,"valueName":"search_term_string"}}],"inLanguage":"de"},{"@type":"Organization","@id":"https:\/\/vanabeelen.eu\/#organization","name":"Van Abeelen","url":"https:\/\/vanabeelen.eu\/","logo":{"@type":"ImageObject","inLanguage":"de","@id":"https:\/\/vanabeelen.eu\/#\/schema\/logo\/image\/","url":"https:\/\/vanabeelen.eu\/wp-content\/uploads\/2018\/09\/vanabeelen-logo-retina.png","contentUrl":"https:\/\/vanabeelen.eu\/wp-content\/uploads\/2018\/09\/vanabeelen-logo-retina.png","width":516,"height":120,"caption":"Van Abeelen"},"image":{"@id":"https:\/\/vanabeelen.eu\/#\/schema\/logo\/image\/"},"sameAs":["https:\/\/www.facebook.com\/vanabeelen.eu\/","https:\/\/www.instagram.com\/vanabeelengroep\/","https:\/\/nl.linkedin.com\/company\/van-abeelen-koeltechniek"]}]}},"_links":{"self":[{"href":"https:\/\/vanabeelen.eu\/de\/wp-json\/wp\/v2\/pages\/7671","targetHints":{"allow":["GET"]}}],"collection":[{"href":"https:\/\/vanabeelen.eu\/de\/wp-json\/wp\/v2\/pages"}],"about":[{"href":"https:\/\/vanabeelen.eu\/de\/wp-json\/wp\/v2\/types\/page"}],"author":[{"embeddable":true,"href":"https:\/\/vanabeelen.eu\/de\/wp-json\/wp\/v2\/users\/1"}],"replies":[{"embeddable":true,"href":"https:\/\/vanabeelen.eu\/de\/wp-json\/wp\/v2\/comments?post=7671"}],"version-history":[{"count":0,"href":"https:\/\/vanabeelen.eu\/de\/wp-json\/wp\/v2\/pages\/7671\/revisions"}],"up":[{"embeddable":true,"href":"https:\/\/vanabeelen.eu\/de\/wp-json\/wp\/v2\/pages\/7571"}],"wp:attachment":[{"href":"https:\/\/vanabeelen.eu\/de\/wp-json\/wp\/v2\/media?parent=7671"}],"curies":[{"name":"wp","href":"https:\/\/api.w.org\/{rel}","templated":true}]}}