{"id":7623,"date":"2019-07-08T12:54:57","date_gmt":"2019-07-08T10:54:57","guid":{"rendered":"https:\/\/vanabeelen.eu\/food-processing-technology\/handler-fur-food-processing-technology\/"},"modified":"2022-05-24T08:39:34","modified_gmt":"2022-05-24T06:39:34","slug":"handler-fur-food-processing-technology","status":"publish","type":"page","link":"https:\/\/vanabeelen.eu\/de\/food-processing-technology\/handler-fur-food-processing-technology\/","title":{"rendered":"H\u00e4ndler f\u00fcr Food Processing Technology"},"content":{"rendered":"<div class=\"wpb-content-wrapper\"><p>[vc_row css=&#8220;.vc_custom_1538465857464{padding-top: 60px !important;}&#8220;][vc_column][vc_custom_heading text=&#8220;H\u00e4ndler f\u00fcr Food Processing Technology&#8220; font_container=&#8220;tag:h1|text_align:left&#8220; use_theme_fonts=&#8220;yes&#8220;][vc_empty_space height=&#8220;30px&#8220;][vc_row_inner][vc_column_inner width=&#8220;2\/3&#8243;][vc_column_text]F\u00fcr Produkte im Bereich Food Processing Technology (ehemals Unifreezing) stehen Ihnen verschiedene H\u00e4ndler zur Verf\u00fcgung:[\/vc_column_text][vc_column_text css=&#8220;.vc_custom_1653374356565{padding-right: 0px !important;padding-left: 0px !important;}&#8220;]<strong>Deutschland:<\/strong><br \/>\nFerber Concept GmbH<br \/>\nHerr Wolfgang Ferber<\/p>\n<p>Adlergasse 36<br \/>\nD-64372 Ober-Ramstadt<\/p>\n<p>Tel: +49 615 45 778 918<br \/>\nMob: +49 171 30 23 989<\/p>\n<p>E-mail: service@ferberconcept.de<br \/>\nWebsite: www.ferberconcept.de<\/p>\n<p style=\"text-align: left;\"><strong>Deutschland, \u00d6sterreich und die Schweiz:<br \/>\n<\/strong><em>Herr Stefan M\u00e4rtens<\/em><\/p>\n<p>Gl\u00fccksburger Str. 13C<br \/>\nD-24977 Ringsberg<\/p>\n<p>Tel: +49 463 62 409 997<br \/>\nHandy: +49 173 23 22 230<\/p>\n<p>E-mail: <a href=\"mailto:maertens.stefan@gmx.de\">maertens.stefan@gmx.de<\/a><\/p>\n<p><strong>Naher Osten:<\/strong><br \/>\n<em>Hr. Axel Arras<\/em><\/p>\n<p>FPT Food Process Technology Co., Ltd<br \/>\n64 Moo 2 Soi Wat Nam Daeng, Srinakarin Road,<br \/>\nBangkaew, Bangplee, Samutprakarn 10540, Thailand<\/p>\n<p>Handy Asien: +66 (0) 81-414-6667<br \/>\nB\u00fcro Tel: +66 (0) 2753-7794-6 (Ext.14)<br \/>\nFax: +66 (0) 2753-7791<\/p>\n<p>E-mail: <a href=\"mailto:olarig@fpt-asia.com\">sales.rep@fpt-asia.com<\/a><br \/>\nWebsite: <a href=\"http:\/\/www.fpt-asia.com\/\">www.fpt-asia.com<\/a>[\/vc_column_text][\/vc_column_inner][vc_column_inner width=&#8220;1\/3&#8243;][vc_column_text el_class=&#8220;BoxShadow&#8220;]<img decoding=\"async\" class=\"aligncenter wp-image-6230 size-full\" src=\"https:\/\/nieuw.vanabeelen.eu\/wp-content\/uploads\/2020\/02\/vanabeelen-unifreezing-food-processing-technology_logo.jpg\" alt=\"\" width=\"940\" height=\"220\" srcset=\"https:\/\/vanabeelen.eu\/wp-content\/uploads\/2020\/02\/vanabeelen-unifreezing-food-processing-technology_logo.jpg 940w, https:\/\/vanabeelen.eu\/wp-content\/uploads\/2020\/02\/vanabeelen-unifreezing-food-processing-technology_logo-300x70.jpg 300w, https:\/\/vanabeelen.eu\/wp-content\/uploads\/2020\/02\/vanabeelen-unifreezing-food-processing-technology_logo-768x180.jpg 768w, https:\/\/vanabeelen.eu\/wp-content\/uploads\/2020\/02\/vanabeelen-unifreezing-food-processing-technology_logo-260x61.jpg 260w, https:\/\/vanabeelen.eu\/wp-content\/uploads\/2020\/02\/vanabeelen-unifreezing-food-processing-technology_logo-50x12.jpg 50w, https:\/\/vanabeelen.eu\/wp-content\/uploads\/2020\/02\/vanabeelen-unifreezing-food-processing-technology_logo-150x35.jpg 150w\" sizes=\"(max-width:767px) 480px, (max-width:940px) 100vw, 940px\" \/><br \/>\n<hr class=\"no_line\" style=\"margin: 0 auto 10px auto\"\/>\n<\/p>\n<h3>Mehr erfahren?<\/h3>\n<p>Kein Problem! Sie erreichen uns unter <strong style=\"color: #00527a;\">+31 (0) 161 226 597<\/strong> oder f\u00fcllen Sie das nachfolgende Kontaktformular aus. Wir melden uns schnellstm\u00f6glich bei Ihnen.<\/p>\n<div class=\"wpcf7 no-js\" id=\"wpcf7-f7179-o1\" lang=\"nl-NL\" dir=\"ltr\" data-wpcf7-id=\"7179\">\n<div class=\"screen-reader-response\"><p role=\"status\" aria-live=\"polite\" aria-atomic=\"true\"><\/p> <ul><\/ul><\/div>\n<form action=\"\/de\/wp-json\/wp\/v2\/pages\/7623#wpcf7-f7179-o1\" method=\"post\" class=\"wpcf7-form init\" aria-label=\"Contactformulier\" novalidate=\"novalidate\" data-status=\"init\">\n<fieldset class=\"hidden-fields-container\"><input type=\"hidden\" name=\"_wpcf7\" value=\"7179\" \/><input type=\"hidden\" name=\"_wpcf7_version\" value=\"6.1.5\" \/><input type=\"hidden\" name=\"_wpcf7_locale\" value=\"nl_NL\" \/><input type=\"hidden\" name=\"_wpcf7_unit_tag\" value=\"wpcf7-f7179-o1\" \/><input type=\"hidden\" name=\"_wpcf7_container_post\" value=\"0\" \/><input type=\"hidden\" name=\"_wpcf7_posted_data_hash\" value=\"\" \/><input type=\"hidden\" name=\"_wpcf7_recaptcha_response\" value=\"\" \/>\n<\/fieldset>\n<p><span class=\"wpcf7-form-control-wrap\" data-name=\"naam\"><input size=\"40\" maxlength=\"400\" class=\"wpcf7-form-control wpcf7-text wpcf7-validates-as-required\" aria-required=\"true\" aria-invalid=\"false\" placeholder=\"Name *\" value=\"\" type=\"text\" name=\"naam\" \/><\/span><br \/>\n<span class=\"wpcf7-form-control-wrap\" data-name=\"email\"><input size=\"40\" maxlength=\"400\" class=\"wpcf7-form-control wpcf7-email wpcf7-validates-as-required wpcf7-text wpcf7-validates-as-email\" aria-required=\"true\" aria-invalid=\"false\" placeholder=\"E-Mail-Adresse*\" value=\"\" type=\"email\" name=\"email\" \/><\/span><br \/>\n<span class=\"wpcf7-form-control-wrap\" data-name=\"telefoon\"><input size=\"40\" maxlength=\"400\" class=\"wpcf7-form-control wpcf7-text\" aria-invalid=\"false\" placeholder=\"Telefon\" value=\"\" type=\"text\" name=\"telefoon\" \/><\/span><br \/>\n<span class=\"wpcf7-form-control-wrap\" data-name=\"bericht\"><textarea cols=\"40\" rows=\"10\" maxlength=\"2000\" class=\"wpcf7-form-control wpcf7-textarea wpcf7-validates-as-required\" aria-required=\"true\" aria-invalid=\"false\" placeholder=\"Nachricht *\" name=\"bericht\"><\/textarea><\/span>\n<\/p>\n<p><input class=\"wpcf7-form-control wpcf7-submit has-spinner\" type=\"submit\" value=\"Senden\" \/>\n<\/p><input type=\"hidden\" id=\"ct_checkjs_cf7_f9028faec74be6ec9b852b0a542e2f39\" name=\"ct_checkjs_cf7\" value=\"0\" \/><div class=\"wpcf7-response-output\" aria-hidden=\"true\"><\/div>\n<\/form>\n<\/div>\n[\/vc_column_text][vc_empty_space height=&#8220;10px&#8220;][\/vc_column_inner][\/vc_row_inner][\/vc_column][\/vc_row][vc_row][vc_column width=&#8220;1\/6&#8243;][\/vc_column][vc_column width=&#8220;2\/3&#8243;][vc_separator css=&#8220;.vc_custom_1582116655184{margin-bottom: -35px !important;}&#8220;][\/vc_column][vc_column width=&#8220;1\/6&#8243;][\/vc_column][\/vc_row]<\/p>\n<\/div>","protected":false},"excerpt":{"rendered":"<p><span class=\"excerpt-hellip\"> [\u2026]<\/span><\/p>\n","protected":false},"author":1,"featured_media":0,"parent":7571,"menu_order":0,"comment_status":"closed","ping_status":"closed","template":"","meta":{"footnotes":""},"class_list":["post-7623","page","type-page","status-publish","hentry"],"yoast_head":"<!-- This site is optimized with the Yoast SEO plugin v27.3 - https:\/\/yoast.com\/product\/yoast-seo-wordpress\/ -->\n<title>H\u00e4ndler f\u00fcr Food Processing Technology worldwide | Van Abeelen<\/title>\n<meta name=\"robots\" content=\"index, follow, max-snippet:-1, max-image-preview:large, max-video-preview:-1\" \/>\n<link rel=\"canonical\" href=\"https:\/\/vanabeelen.eu\/de\/food-processing-technology\/handler-fur-food-processing-technology\/\" \/>\n<meta property=\"og:locale\" content=\"de_DE\" \/>\n<meta property=\"og:type\" content=\"article\" \/>\n<meta property=\"og:title\" content=\"H\u00e4ndler f\u00fcr Food Processing Technology worldwide | Van Abeelen\" \/>\n<meta property=\"og:description\" content=\"[\u2026]\" \/>\n<meta property=\"og:url\" content=\"https:\/\/vanabeelen.eu\/de\/food-processing-technology\/handler-fur-food-processing-technology\/\" \/>\n<meta property=\"og:site_name\" content=\"Van Abeelen\" \/>\n<meta property=\"article:publisher\" content=\"https:\/\/www.facebook.com\/vanabeelen.eu\/\" \/>\n<meta property=\"article:modified_time\" content=\"2022-05-24T06:39:34+00:00\" \/>\n<meta property=\"og:image\" content=\"https:\/\/nieuw.vanabeelen.eu\/wp-content\/uploads\/2020\/02\/vanabeelen-unifreezing-food-processing-technology_logo.jpg\" \/>\n<meta name=\"twitter:card\" content=\"summary_large_image\" \/>\n<meta name=\"twitter:label1\" content=\"Gesch\u00e4tzte Lesezeit\" \/>\n\t<meta name=\"twitter:data1\" content=\"2\u00a0Minuten\" \/>\n<script type=\"application\/ld+json\" class=\"yoast-schema-graph\">{\"@context\":\"https:\\\/\\\/schema.org\",\"@graph\":[{\"@type\":\"WebPage\",\"@id\":\"https:\\\/\\\/vanabeelen.eu\\\/de\\\/food-processing-technology\\\/handler-fur-food-processing-technology\\\/\",\"url\":\"https:\\\/\\\/vanabeelen.eu\\\/de\\\/food-processing-technology\\\/handler-fur-food-processing-technology\\\/\",\"name\":\"H\u00e4ndler f\u00fcr Food Processing Technology worldwide | Van Abeelen\",\"isPartOf\":{\"@id\":\"https:\\\/\\\/vanabeelen.eu\\\/#website\"},\"primaryImageOfPage\":{\"@id\":\"https:\\\/\\\/vanabeelen.eu\\\/de\\\/food-processing-technology\\\/handler-fur-food-processing-technology\\\/#primaryimage\"},\"image\":{\"@id\":\"https:\\\/\\\/vanabeelen.eu\\\/de\\\/food-processing-technology\\\/handler-fur-food-processing-technology\\\/#primaryimage\"},\"thumbnailUrl\":\"https:\\\/\\\/nieuw.vanabeelen.eu\\\/wp-content\\\/uploads\\\/2020\\\/02\\\/vanabeelen-unifreezing-food-processing-technology_logo.jpg\",\"datePublished\":\"2019-07-08T10:54:57+00:00\",\"dateModified\":\"2022-05-24T06:39:34+00:00\",\"breadcrumb\":{\"@id\":\"https:\\\/\\\/vanabeelen.eu\\\/de\\\/food-processing-technology\\\/handler-fur-food-processing-technology\\\/#breadcrumb\"},\"inLanguage\":\"de\",\"potentialAction\":[{\"@type\":\"ReadAction\",\"target\":[\"https:\\\/\\\/vanabeelen.eu\\\/de\\\/food-processing-technology\\\/handler-fur-food-processing-technology\\\/\"]}]},{\"@type\":\"ImageObject\",\"inLanguage\":\"de\",\"@id\":\"https:\\\/\\\/vanabeelen.eu\\\/de\\\/food-processing-technology\\\/handler-fur-food-processing-technology\\\/#primaryimage\",\"url\":\"https:\\\/\\\/nieuw.vanabeelen.eu\\\/wp-content\\\/uploads\\\/2020\\\/02\\\/vanabeelen-unifreezing-food-processing-technology_logo.jpg\",\"contentUrl\":\"https:\\\/\\\/nieuw.vanabeelen.eu\\\/wp-content\\\/uploads\\\/2020\\\/02\\\/vanabeelen-unifreezing-food-processing-technology_logo.jpg\"},{\"@type\":\"BreadcrumbList\",\"@id\":\"https:\\\/\\\/vanabeelen.eu\\\/de\\\/food-processing-technology\\\/handler-fur-food-processing-technology\\\/#breadcrumb\",\"itemListElement\":[{\"@type\":\"ListItem\",\"position\":1,\"name\":\"Home\",\"item\":\"https:\\\/\\\/vanabeelen.eu\\\/de\\\/\"},{\"@type\":\"ListItem\",\"position\":2,\"name\":\"Food processing technology\",\"item\":\"https:\\\/\\\/vanabeelen.eu\\\/de\\\/food-processing-technology\\\/\"},{\"@type\":\"ListItem\",\"position\":3,\"name\":\"H\u00e4ndler f\u00fcr Food Processing Technology\"}]},{\"@type\":\"WebSite\",\"@id\":\"https:\\\/\\\/vanabeelen.eu\\\/#website\",\"url\":\"https:\\\/\\\/vanabeelen.eu\\\/\",\"name\":\"Van Abeelen\",\"description\":\"Koude- en klimaatoplossingen\",\"publisher\":{\"@id\":\"https:\\\/\\\/vanabeelen.eu\\\/#organization\"},\"potentialAction\":[{\"@type\":\"SearchAction\",\"target\":{\"@type\":\"EntryPoint\",\"urlTemplate\":\"https:\\\/\\\/vanabeelen.eu\\\/?s={search_term_string}\"},\"query-input\":{\"@type\":\"PropertyValueSpecification\",\"valueRequired\":true,\"valueName\":\"search_term_string\"}}],\"inLanguage\":\"de\"},{\"@type\":\"Organization\",\"@id\":\"https:\\\/\\\/vanabeelen.eu\\\/#organization\",\"name\":\"Van Abeelen\",\"url\":\"https:\\\/\\\/vanabeelen.eu\\\/\",\"logo\":{\"@type\":\"ImageObject\",\"inLanguage\":\"de\",\"@id\":\"https:\\\/\\\/vanabeelen.eu\\\/#\\\/schema\\\/logo\\\/image\\\/\",\"url\":\"https:\\\/\\\/vanabeelen.eu\\\/wp-content\\\/uploads\\\/2018\\\/09\\\/vanabeelen-logo-retina.png\",\"contentUrl\":\"https:\\\/\\\/vanabeelen.eu\\\/wp-content\\\/uploads\\\/2018\\\/09\\\/vanabeelen-logo-retina.png\",\"width\":516,\"height\":120,\"caption\":\"Van Abeelen\"},\"image\":{\"@id\":\"https:\\\/\\\/vanabeelen.eu\\\/#\\\/schema\\\/logo\\\/image\\\/\"},\"sameAs\":[\"https:\\\/\\\/www.facebook.com\\\/vanabeelen.eu\\\/\",\"https:\\\/\\\/www.instagram.com\\\/vanabeelengroep\\\/\",\"https:\\\/\\\/nl.linkedin.com\\\/company\\\/van-abeelen-koeltechniek\"]}]}<\/script>\n<!-- \/ Yoast SEO plugin. -->","yoast_head_json":{"title":"H\u00e4ndler f\u00fcr Food Processing Technology worldwide | Van Abeelen","robots":{"index":"index","follow":"follow","max-snippet":"max-snippet:-1","max-image-preview":"max-image-preview:large","max-video-preview":"max-video-preview:-1"},"canonical":"https:\/\/vanabeelen.eu\/de\/food-processing-technology\/handler-fur-food-processing-technology\/","og_locale":"de_DE","og_type":"article","og_title":"H\u00e4ndler f\u00fcr Food Processing Technology worldwide | Van Abeelen","og_description":"[\u2026]","og_url":"https:\/\/vanabeelen.eu\/de\/food-processing-technology\/handler-fur-food-processing-technology\/","og_site_name":"Van Abeelen","article_publisher":"https:\/\/www.facebook.com\/vanabeelen.eu\/","article_modified_time":"2022-05-24T06:39:34+00:00","og_image":[{"url":"https:\/\/nieuw.vanabeelen.eu\/wp-content\/uploads\/2020\/02\/vanabeelen-unifreezing-food-processing-technology_logo.jpg","type":"","width":"","height":""}],"twitter_card":"summary_large_image","twitter_misc":{"Gesch\u00e4tzte Lesezeit":"2\u00a0Minuten"},"schema":{"@context":"https:\/\/schema.org","@graph":[{"@type":"WebPage","@id":"https:\/\/vanabeelen.eu\/de\/food-processing-technology\/handler-fur-food-processing-technology\/","url":"https:\/\/vanabeelen.eu\/de\/food-processing-technology\/handler-fur-food-processing-technology\/","name":"H\u00e4ndler f\u00fcr Food Processing Technology worldwide | Van Abeelen","isPartOf":{"@id":"https:\/\/vanabeelen.eu\/#website"},"primaryImageOfPage":{"@id":"https:\/\/vanabeelen.eu\/de\/food-processing-technology\/handler-fur-food-processing-technology\/#primaryimage"},"image":{"@id":"https:\/\/vanabeelen.eu\/de\/food-processing-technology\/handler-fur-food-processing-technology\/#primaryimage"},"thumbnailUrl":"https:\/\/nieuw.vanabeelen.eu\/wp-content\/uploads\/2020\/02\/vanabeelen-unifreezing-food-processing-technology_logo.jpg","datePublished":"2019-07-08T10:54:57+00:00","dateModified":"2022-05-24T06:39:34+00:00","breadcrumb":{"@id":"https:\/\/vanabeelen.eu\/de\/food-processing-technology\/handler-fur-food-processing-technology\/#breadcrumb"},"inLanguage":"de","potentialAction":[{"@type":"ReadAction","target":["https:\/\/vanabeelen.eu\/de\/food-processing-technology\/handler-fur-food-processing-technology\/"]}]},{"@type":"ImageObject","inLanguage":"de","@id":"https:\/\/vanabeelen.eu\/de\/food-processing-technology\/handler-fur-food-processing-technology\/#primaryimage","url":"https:\/\/nieuw.vanabeelen.eu\/wp-content\/uploads\/2020\/02\/vanabeelen-unifreezing-food-processing-technology_logo.jpg","contentUrl":"https:\/\/nieuw.vanabeelen.eu\/wp-content\/uploads\/2020\/02\/vanabeelen-unifreezing-food-processing-technology_logo.jpg"},{"@type":"BreadcrumbList","@id":"https:\/\/vanabeelen.eu\/de\/food-processing-technology\/handler-fur-food-processing-technology\/#breadcrumb","itemListElement":[{"@type":"ListItem","position":1,"name":"Home","item":"https:\/\/vanabeelen.eu\/de\/"},{"@type":"ListItem","position":2,"name":"Food processing technology","item":"https:\/\/vanabeelen.eu\/de\/food-processing-technology\/"},{"@type":"ListItem","position":3,"name":"H\u00e4ndler f\u00fcr Food Processing Technology"}]},{"@type":"WebSite","@id":"https:\/\/vanabeelen.eu\/#website","url":"https:\/\/vanabeelen.eu\/","name":"Van Abeelen","description":"Koude- en klimaatoplossingen","publisher":{"@id":"https:\/\/vanabeelen.eu\/#organization"},"potentialAction":[{"@type":"SearchAction","target":{"@type":"EntryPoint","urlTemplate":"https:\/\/vanabeelen.eu\/?s={search_term_string}"},"query-input":{"@type":"PropertyValueSpecification","valueRequired":true,"valueName":"search_term_string"}}],"inLanguage":"de"},{"@type":"Organization","@id":"https:\/\/vanabeelen.eu\/#organization","name":"Van Abeelen","url":"https:\/\/vanabeelen.eu\/","logo":{"@type":"ImageObject","inLanguage":"de","@id":"https:\/\/vanabeelen.eu\/#\/schema\/logo\/image\/","url":"https:\/\/vanabeelen.eu\/wp-content\/uploads\/2018\/09\/vanabeelen-logo-retina.png","contentUrl":"https:\/\/vanabeelen.eu\/wp-content\/uploads\/2018\/09\/vanabeelen-logo-retina.png","width":516,"height":120,"caption":"Van Abeelen"},"image":{"@id":"https:\/\/vanabeelen.eu\/#\/schema\/logo\/image\/"},"sameAs":["https:\/\/www.facebook.com\/vanabeelen.eu\/","https:\/\/www.instagram.com\/vanabeelengroep\/","https:\/\/nl.linkedin.com\/company\/van-abeelen-koeltechniek"]}]}},"_links":{"self":[{"href":"https:\/\/vanabeelen.eu\/de\/wp-json\/wp\/v2\/pages\/7623","targetHints":{"allow":["GET"]}}],"collection":[{"href":"https:\/\/vanabeelen.eu\/de\/wp-json\/wp\/v2\/pages"}],"about":[{"href":"https:\/\/vanabeelen.eu\/de\/wp-json\/wp\/v2\/types\/page"}],"author":[{"embeddable":true,"href":"https:\/\/vanabeelen.eu\/de\/wp-json\/wp\/v2\/users\/1"}],"replies":[{"embeddable":true,"href":"https:\/\/vanabeelen.eu\/de\/wp-json\/wp\/v2\/comments?post=7623"}],"version-history":[{"count":0,"href":"https:\/\/vanabeelen.eu\/de\/wp-json\/wp\/v2\/pages\/7623\/revisions"}],"up":[{"embeddable":true,"href":"https:\/\/vanabeelen.eu\/de\/wp-json\/wp\/v2\/pages\/7571"}],"wp:attachment":[{"href":"https:\/\/vanabeelen.eu\/de\/wp-json\/wp\/v2\/media?parent=7623"}],"curies":[{"name":"wp","href":"https:\/\/api.w.org\/{rel}","templated":true}]}}