{"id":7612,"date":"2019-02-07T10:11:46","date_gmt":"2019-02-07T08:11:46","guid":{"rendered":"https:\/\/vanabeelen.eu\/rental\/"},"modified":"2023-03-14T22:00:22","modified_gmt":"2023-03-14T20:00:22","slug":"rental-solutions","status":"publish","type":"page","link":"https:\/\/vanabeelen.eu\/de\/rental-solutions\/","title":{"rendered":"Rental Solutions"},"content":{"rendered":"<div class=\"wpb-content-wrapper\"><p>[vc_row full_width=&#8220;stretch_row&#8220; css=&#8220;.vc_custom_1581948692510{margin-top: -100px !important;padding-bottom: 30px !important;}&#8220; el_class=&#8220;menu-icons&#8220;][vc_column][vc_row_inner equal_height=&#8220;yes&#8220; content_placement=&#8220;top&#8220; css=&#8220;.vc_custom_1581940877843{background-color: #ffffff !important;background-position: center !important;background-repeat: no-repeat !important;background-size: cover !important;}&#8220; el_class=&#8220;boxshadow&#8220;][vc_column_inner width=&#8220;1\/5&#8243; css=&#8220;.vc_custom_1587630347900{background-color: #ffffff !important;}&#8220; offset=&#8220;vc_hidden-xs&#8220;][vc_single_image image=&#8220;8002&#8243; img_size=&#8220;large&#8220; alignment=&#8220;center&#8220; onclick=&#8220;custom_link&#8220; css_animation=&#8220;none&#8220; link=&#8220;\/de\/kaltetechnik\/&#8220; el_class=&#8220;divisieknop&#8220;][\/vc_column_inner][vc_column_inner width=&#8220;1\/5&#8243; offset=&#8220;vc_hidden-xs&#8220;][vc_single_image image=&#8220;7999&#8243; img_size=&#8220;large&#8220; alignment=&#8220;center&#8220; onclick=&#8220;custom_link&#8220; link=&#8220;\/de\/klimatechnik\/&#8220; el_class=&#8220;divisieknop&#8220;][\/vc_column_inner][vc_column_inner width=&#8220;1\/5&#8243; offset=&#8220;vc_hidden-xs&#8220;][vc_single_image image=&#8220;5981&#8243; img_size=&#8220;large&#8220; alignment=&#8220;center&#8220; onclick=&#8220;custom_link&#8220; link=&#8220;\/de\/food-processing-technology\/&#8220; el_class=&#8220;divisieknop&#8220;][\/vc_column_inner][vc_column_inner width=&#8220;1\/5&#8243; offset=&#8220;vc_hidden-xs&#8220;][vc_single_image image=&#8220;5985&#8243; img_size=&#8220;large&#8220; alignment=&#8220;center&#8220; onclick=&#8220;custom_link&#8220; link=&#8220;\/de\/solarfridge\/&#8220; el_class=&#8220;divisieknop&#8220;][\/vc_column_inner][vc_column_inner width=&#8220;1\/5&#8243;][vc_single_image image=&#8220;6202&#8243; img_size=&#8220;large&#8220; alignment=&#8220;center&#8220; onclick=&#8220;custom_link&#8220; link=&#8220;\/de\/rental-solutions\/&#8220; el_class=&#8220;divisieknop&#8220;][\/vc_column_inner][\/vc_row_inner][\/vc_column][\/vc_row][vc_row full_width=&#8220;stretch_row&#8220; equal_height=&#8220;yes&#8220; css=&#8220;.vc_custom_1582126203569{margin-top: -200px !important;padding-top: 150px !important;padding-bottom: 25px !important;background-color: #00527a !important;}&#8220;][vc_column][vc_column_text css=&#8220;.vc_custom_1586523630345{padding-top: 50px !important;}&#8220;]<\/p>\n<h1 style=\"color: #fff;\"><span style=\"font-weight: 300;\">Rental Solutions \u2013<\/span> Schnelle L\u00f6sung<br \/>\n<span style=\"font-weight: 300;\">ohne viel Aufhebens!<\/span><\/h1>\n<p>[\/vc_column_text][\/vc_column][\/vc_row][vc_row][vc_column width=&#8220;2\/3&#8243;][vc_column_text]<\/p>\n<h5>Van Abeelen Rental Solutions B.V. ist ein Spezialbereich von Van Abeelen. Dieser Gesch\u00e4ftsbereich vermietet Kaltwasseranlagen und kundenspezifische Ger\u00e4te zur K\u00fchlung, Heizung, Klimatisierung und Stromversorgung.<\/h5>\n<h5><strong>Rental Solutions ist dabei in zwei M\u00e4rkten t\u00e4tig:<\/strong><br \/>\n\u2022 Vermietung von <strong>Standardanlagen<\/strong>;<br \/>\n\u2022 Vermietung von <strong>ma\u00dfgeschneiderten<\/strong> Anlagen f\u00fcr bestimmte Anwendungen.<\/h5>\n<p>[\/vc_column_text][\/vc_column][vc_column width=&#8220;1\/3&#8243; offset=&#8220;vc_hidden-md vc_hidden-sm vc_hidden-xs&#8220; css=&#8220;.vc_custom_1585252918725{margin-top: -100px !important;}&#8220;][vc_single_image image=&#8220;29592&#8243; img_size=&#8220;450&#215;600&#8243; alignment=&#8220;center&#8220; css=&#8220;.vc_custom_1655467755521{margin-top: -100px !important;}&#8220;][\/vc_column][\/vc_row][vc_row full_width=&#8220;stretch_row&#8220; content_placement=&#8220;middle&#8220; css=&#8220;.vc_custom_1585569872952{background-image: url(https:\/\/vanabeelen.eu\/wp-content\/uploads\/2020\/02\/vanabeelen_row-background-oranje.jpg?id=5918) !important;background-position: center !important;background-repeat: no-repeat !important;background-size: cover !important;}&#8220;][vc_column][vc_column_text]<\/p>\n<h1 style=\"color: #ffffff; text-align: center;\"><span style=\"font-weight: 300;\">Entdecken Sie die Vorteile von<\/span> Van Abeelen Rental Solutions. Rufen Sie uns unter +31 (0) 161 219 031 an<\/h1>\n<p>[\/vc_column_text][\/vc_column][\/vc_row][vc_row css=&#8220;.vc_custom_1538039531679{padding-top: 60px !important;padding-bottom: 15px !important;}&#8220;][vc_column][vc_row_inner][vc_column_inner width=&#8220;2\/3&#8243;][vc_single_image image=&#8220;2268&#8243; img_size=&#8220;full&#8220;][vc_custom_heading text=&#8220;Wir vermieten:&#8220; font_container=&#8220;tag:h3|text_align:left&#8220; use_theme_fonts=&#8220;yes&#8220;][vc_column_text]\u2022 Wasser- und luftgek\u00fchlte Kaltwasseranlagen von 10 kW bis 2000 kW<br \/>\n\u2022 adiabatischer K\u00fchlturm\u00e8<br \/>\n\u2022 W\u00e4rmetauscher<br \/>\n\u2022 Luftaufbereitungsger\u00e4te<br \/>\n\u2022 Niedrigtemperatur-L\u00fcftungsanlagen<br \/>\n\u2022 Dachger\u00e4te<br \/>\n\u2022 Luftgek\u00fchlte W\u00e4rmepumpen<br \/>\n\u2022 Stromversorgung von 20 bis 2000 kVA<br \/>\n\u2022 Klimatechnik<br \/>\n\u2022 Zubeh\u00f6r wie Fl\u00fcssigkeitspumpen, Puffertanks, Glykol, Fl\u00fcssigkeitsschl\u00e4uche, Verteiler, Flanschadapter, Stromkabel, Verteilerk\u00e4sten etc.[\/vc_column_text][vc_media_grid grid_id=&#8220;vc_gid:1678823728768-cb6f2005-d5e9-2&#8243; include=&#8220;6951,6952,6956&#8243;][vc_custom_heading text=&#8220;Unser Angebot&#8220; font_container=&#8220;tag:h3|text_align:left&#8220; use_theme_fonts=&#8220;yes&#8220;][vc_column_text]Van Abeelen Rental Solutions bietet eine Vielzahl von ma\u00dfgeschneiderten Mietvertr\u00e4gen.<br \/>\nWir kombinieren unsere Erfahrung als Spezialist f\u00fcr K\u00fchll\u00f6sungen mit unserer Rental-Abteilung und sind somit ein wichtiger Akteur auf dem internationalen Markt f\u00fcr die Vermietung von Ger\u00e4ten.<br \/>\nWir bieten Ihnen die ideale L\u00f6sung bei Kapazit\u00e4tsproblemen, saisonalen Spitzen, Veranstaltungen oder dem Umbau bzw. der Instandhaltung Ihrer Anlagen f\u00fcr die K\u00e4lte- und Energieversorgungsbranche. Wir vermieten u. a. an Unternehmen der Lebensmittel-, petrochemischen und pharmazeutischen Industrie.[\/vc_column_text][vc_custom_heading text=&#8220;St\u00f6rungen&#8220; font_container=&#8220;tag:h3|text_align:left&#8220; use_theme_fonts=&#8220;yes&#8220;][vc_column_text]Bei einem pl\u00f6tzlichen Ausfall Ihrer Prozessk\u00fchlung oder einem anderen Notfall im Bereich K\u00fchlen, Frosten, Energieversorgung oder Klimatechnik&#8230; Rental Solutions l\u00f6st das Problem durch die schnelle Montage unserer Anlagen. Wir sind rund um die Uhr f\u00fcr Sie da.<\/p>\n<p>Wir k\u00f6nnen Anlagen komplett schl\u00fcsselfertig oder als Standardl\u00f6sungen aus unserem Lager f\u00fcr Ihr individuelles Projekt liefern.<\/p>\n<hr \/>\n<h2><strong>Rental Solutions<\/strong> nimmt Ihnen mit<br \/>\ntempor\u00e4ren kurz- oder langfristigen<br \/>\nL\u00f6sungen<strong> alle Sorgen ab<\/strong>.<\/h2>\n<h5>Zusammen mit unseren Experten helfen wir Ihnen, die richtige L\u00f6sung zu finden.<\/h5>\n<p>[\/vc_column_text][vc_custom_heading text=&#8220;Ma\u00dfgeschneidert&#8220; font_container=&#8220;tag:h3|text_align:left&#8220; use_theme_fonts=&#8220;yes&#8220;][vc_column_text]Neben unserer standardm\u00e4\u00dfigen Mietflotte bieten wir Ihnen die M\u00f6glichkeit, ma\u00dfgeschneiderte K\u00fchlanlagen bei Van Abeelen Rental Solutions zu mieten. Dadurch haben Sie die M\u00f6glichkeit, Ihre Wachstumspl\u00e4ne zu verwirklichen, ohne sofort gro\u00dfe Ausgaben zu t\u00e4tigen.[\/vc_column_text][vc_custom_heading text=&#8220;Transparenz der Kosten&#8220; font_container=&#8220;tag:h3|text_align:left&#8220; use_theme_fonts=&#8220;yes&#8220;][vc_column_text]Das Mieten von Anlagen bedeutet also eine Entlastung f\u00fcr Sie und die Transparenz Ihrer Kosten. Die St\u00e4rke von Van Abeelen liegt in der firmeneigenen Konstruktionsabteilung, der kompetenten Serviceabteilung, dem eigenen Produktions-\/Teststandort und dem Materiallager.[\/vc_column_text][vc_custom_heading text=&#8220;Bei uns inklusive&#8220; font_container=&#8220;tag:h3|text_align:left&#8220; use_theme_fonts=&#8220;yes&#8220;][vc_column_text]\u2022 Wartung und Service<br \/>\n\u2022 Rund um die Uhr erreichbar f\u00fcr die perfekte L\u00f6sung[\/vc_column_text][\/vc_column_inner][vc_column_inner width=&#8220;1\/3&#8243;][vc_column_text el_class=&#8220;BoxShadow&#8220;]<img decoding=\"async\" class=\"aligncenter size-full wp-image-2096\" src=\"https:\/\/vanabeelen.eu\/wp-content\/uploads\/2019\/05\/vanabeelen-rental-logo-retina.png\" alt=\"Van Abeelen Koudetechniek logo\" width=\"940\" height=\"220\" \/><br \/>\n<hr class=\"no_line\" style=\"margin: 0 auto 10px auto\"\/>\n<\/p>\n<h3>Mehr erfahren?<\/h3>\n<p>Kein Problem! Sie erreichen uns unter <strong style=\"color: #00527a;\">+31 (0) 161 219 031<\/strong> oder f\u00fcllen Sie das nachfolgende Kontaktformular aus. Wir melden uns schnellstm\u00f6glich bei Ihnen.<\/p>\n<div class=\"wpcf7 no-js\" id=\"wpcf7-f7179-o1\" lang=\"nl-NL\" dir=\"ltr\" data-wpcf7-id=\"7179\">\n<div class=\"screen-reader-response\"><p role=\"status\" aria-live=\"polite\" aria-atomic=\"true\"><\/p> <ul><\/ul><\/div>\n<form action=\"\/de\/wp-json\/wp\/v2\/pages\/7612#wpcf7-f7179-o1\" method=\"post\" class=\"wpcf7-form init\" aria-label=\"Contactformulier\" novalidate=\"novalidate\" data-status=\"init\">\n<fieldset class=\"hidden-fields-container\"><input type=\"hidden\" name=\"_wpcf7\" value=\"7179\" \/><input type=\"hidden\" name=\"_wpcf7_version\" value=\"6.1.5\" \/><input type=\"hidden\" name=\"_wpcf7_locale\" value=\"nl_NL\" \/><input type=\"hidden\" name=\"_wpcf7_unit_tag\" value=\"wpcf7-f7179-o1\" \/><input type=\"hidden\" name=\"_wpcf7_container_post\" value=\"0\" \/><input type=\"hidden\" name=\"_wpcf7_posted_data_hash\" value=\"\" \/><input type=\"hidden\" name=\"_wpcf7_recaptcha_response\" value=\"\" \/>\n<\/fieldset>\n<p><span class=\"wpcf7-form-control-wrap\" data-name=\"naam\"><input size=\"40\" maxlength=\"400\" class=\"wpcf7-form-control wpcf7-text wpcf7-validates-as-required\" aria-required=\"true\" aria-invalid=\"false\" placeholder=\"Name *\" value=\"\" type=\"text\" name=\"naam\" \/><\/span><br \/>\n<span class=\"wpcf7-form-control-wrap\" data-name=\"email\"><input size=\"40\" maxlength=\"400\" class=\"wpcf7-form-control wpcf7-email wpcf7-validates-as-required wpcf7-text wpcf7-validates-as-email\" aria-required=\"true\" aria-invalid=\"false\" placeholder=\"E-Mail-Adresse*\" value=\"\" type=\"email\" name=\"email\" \/><\/span><br \/>\n<span class=\"wpcf7-form-control-wrap\" data-name=\"telefoon\"><input size=\"40\" maxlength=\"400\" class=\"wpcf7-form-control wpcf7-text\" aria-invalid=\"false\" placeholder=\"Telefon\" value=\"\" type=\"text\" name=\"telefoon\" \/><\/span><br \/>\n<span class=\"wpcf7-form-control-wrap\" data-name=\"bericht\"><textarea cols=\"40\" rows=\"10\" maxlength=\"2000\" class=\"wpcf7-form-control wpcf7-textarea wpcf7-validates-as-required\" aria-required=\"true\" aria-invalid=\"false\" placeholder=\"Nachricht *\" name=\"bericht\"><\/textarea><\/span>\n<\/p>\n<p><input class=\"wpcf7-form-control wpcf7-submit has-spinner\" type=\"submit\" value=\"Senden\" \/>\n<\/p><input type=\"hidden\" id=\"ct_checkjs_cf7_ebd9629fc3ae5e9f6611e2ee05a31cef\" name=\"ct_checkjs_cf7\" value=\"0\" \/><div class=\"wpcf7-response-output\" aria-hidden=\"true\"><\/div>\n<\/form>\n<\/div>\n[\/vc_column_text][vc_empty_space height=&#8220;10px&#8220;][vc_column_text][\/vc_column_text][\/vc_column_inner][\/vc_row_inner][\/vc_column][\/vc_row][vc_row full_width=&#8220;stretch_row&#8220; css=&#8220;.vc_custom_1582116062441{padding-bottom: 30px !important;background-color: #e9eaec !important;}&#8220;][vc_column][vc_media_grid style=&#8220;lazy&#8220; element_width=&#8220;2&#8243; grid_id=&#8220;vc_gid:1678823728772-c65ece59-d7c5-2&#8243; include=&#8220;7034,6719,7041,6720,29592&#8243;][vc_btn title=&#8220;Realisierte Projekte ansehen&#8220; style=&#8220;custom&#8220; custom_background=&#8220;#00527a&#8220; custom_text=&#8220;#ffffff&#8220; align=&#8220;left&#8220; i_align=&#8220;right&#8220; i_icon_fontawesome=&#8220;fas fa-angle-right&#8220; add_icon=&#8220;true&#8220; link=&#8220;url:https%3A%2F%2Fvanabeelen.eu%2Fde%2Fprojekte%2F|title:Projekte||&#8220; css=&#8220;.vc_custom_1587409580677{margin-top: -20px !important;}&#8220;][\/vc_column][\/vc_row][vc_row][vc_column width=&#8220;1\/6&#8243;][\/vc_column][vc_column width=&#8220;2\/3&#8243;][vc_separator css=&#8220;.vc_custom_1582116655184{margin-bottom: -35px !important;}&#8220;][\/vc_column][vc_column width=&#8220;1\/6&#8243;][\/vc_column][\/vc_row]<\/p>\n<\/div>","protected":false},"excerpt":{"rendered":"<p><span class=\"excerpt-hellip\"> [\u2026]<\/span><\/p>\n","protected":false},"author":1,"featured_media":0,"parent":0,"menu_order":0,"comment_status":"closed","ping_status":"closed","template":"","meta":{"vkjp_title":"","vkjp_minValue":"","vkjp_maxValue":"","vkjp_applicantLocationRequirements_name":"","vkjp_name":"Van Abeelen Groep","vkjp_sameAs":"https:\/\/vanabeelen.eu\/","vkjp_logo":"","vkjp_postalCode":"5121 DM","vkjp_addressCountry":"NL","vkjp_addressRegion":"NB","vkjp_addressLocality":"","vkjp_streetAddress":"Kempenbaan 1","vkjp_validThrough":"","vkjp_identifier":"","vkjp_description":"","vkjp_unitText":"HOUR","vkjp_currency":"EUR","vkjp_employmentType":[],"vkjp_jobLocationType":[],"vkjp_directApply":[],"footnotes":""},"class_list":["post-7612","page","type-page","status-publish","hentry"],"yoast_head":"<!-- This site is optimized with the Yoast SEO plugin v27.5 - https:\/\/yoast.com\/product\/yoast-seo-wordpress\/ -->\n<title>Rental Solutions - Van Abeelen<\/title>\n<meta name=\"robots\" content=\"index, follow, max-snippet:-1, max-image-preview:large, max-video-preview:-1\" \/>\n<link rel=\"canonical\" href=\"https:\/\/vanabeelen.eu\/de\/rental-solutions\/\" \/>\n<meta property=\"og:locale\" content=\"de_DE\" \/>\n<meta property=\"og:type\" content=\"article\" \/>\n<meta property=\"og:title\" content=\"Rental Solutions - Van Abeelen\" \/>\n<meta property=\"og:description\" content=\"[\u2026]\" \/>\n<meta property=\"og:url\" content=\"https:\/\/vanabeelen.eu\/de\/rental-solutions\/\" \/>\n<meta property=\"og:site_name\" content=\"Van Abeelen\" \/>\n<meta property=\"article:publisher\" content=\"https:\/\/www.facebook.com\/vanabeelen.eu\/\" \/>\n<meta property=\"article:modified_time\" content=\"2023-03-14T20:00:22+00:00\" \/>\n<meta property=\"og:image\" content=\"https:\/\/vanabeelen.eu\/wp-content\/uploads\/2019\/05\/vanabeelen-rental-logo-retina.png\" \/>\n<meta name=\"twitter:card\" content=\"summary_large_image\" \/>\n<meta name=\"twitter:label1\" content=\"Gesch\u00e4tzte Lesezeit\" \/>\n\t<meta name=\"twitter:data1\" content=\"3\u00a0Minuten\" \/>\n<script type=\"application\/ld+json\" class=\"yoast-schema-graph\">{\"@context\":\"https:\\\/\\\/schema.org\",\"@graph\":[{\"@type\":\"WebPage\",\"@id\":\"https:\\\/\\\/vanabeelen.eu\\\/de\\\/rental-solutions\\\/\",\"url\":\"https:\\\/\\\/vanabeelen.eu\\\/de\\\/rental-solutions\\\/\",\"name\":\"Rental Solutions - Van Abeelen\",\"isPartOf\":{\"@id\":\"https:\\\/\\\/vanabeelen.eu\\\/#website\"},\"primaryImageOfPage\":{\"@id\":\"https:\\\/\\\/vanabeelen.eu\\\/de\\\/rental-solutions\\\/#primaryimage\"},\"image\":{\"@id\":\"https:\\\/\\\/vanabeelen.eu\\\/de\\\/rental-solutions\\\/#primaryimage\"},\"thumbnailUrl\":\"https:\\\/\\\/vanabeelen.eu\\\/wp-content\\\/uploads\\\/2019\\\/05\\\/vanabeelen-rental-logo-retina.png\",\"datePublished\":\"2019-02-07T08:11:46+00:00\",\"dateModified\":\"2023-03-14T20:00:22+00:00\",\"breadcrumb\":{\"@id\":\"https:\\\/\\\/vanabeelen.eu\\\/de\\\/rental-solutions\\\/#breadcrumb\"},\"inLanguage\":\"de\",\"potentialAction\":[{\"@type\":\"ReadAction\",\"target\":[\"https:\\\/\\\/vanabeelen.eu\\\/de\\\/rental-solutions\\\/\"]}]},{\"@type\":\"ImageObject\",\"inLanguage\":\"de\",\"@id\":\"https:\\\/\\\/vanabeelen.eu\\\/de\\\/rental-solutions\\\/#primaryimage\",\"url\":\"https:\\\/\\\/vanabeelen.eu\\\/wp-content\\\/uploads\\\/2019\\\/05\\\/vanabeelen-rental-logo-retina.png\",\"contentUrl\":\"https:\\\/\\\/vanabeelen.eu\\\/wp-content\\\/uploads\\\/2019\\\/05\\\/vanabeelen-rental-logo-retina.png\"},{\"@type\":\"BreadcrumbList\",\"@id\":\"https:\\\/\\\/vanabeelen.eu\\\/de\\\/rental-solutions\\\/#breadcrumb\",\"itemListElement\":[{\"@type\":\"ListItem\",\"position\":1,\"name\":\"Home\",\"item\":\"https:\\\/\\\/vanabeelen.eu\\\/de\\\/\"},{\"@type\":\"ListItem\",\"position\":2,\"name\":\"Rental Solutions\"}]},{\"@type\":\"WebSite\",\"@id\":\"https:\\\/\\\/vanabeelen.eu\\\/#website\",\"url\":\"https:\\\/\\\/vanabeelen.eu\\\/\",\"name\":\"Van Abeelen\",\"description\":\"Koude- en klimaatoplossingen\",\"publisher\":{\"@id\":\"https:\\\/\\\/vanabeelen.eu\\\/#organization\"},\"potentialAction\":[{\"@type\":\"SearchAction\",\"target\":{\"@type\":\"EntryPoint\",\"urlTemplate\":\"https:\\\/\\\/vanabeelen.eu\\\/?s={search_term_string}\"},\"query-input\":{\"@type\":\"PropertyValueSpecification\",\"valueRequired\":true,\"valueName\":\"search_term_string\"}}],\"inLanguage\":\"de\"},{\"@type\":\"Organization\",\"@id\":\"https:\\\/\\\/vanabeelen.eu\\\/#organization\",\"name\":\"Van Abeelen\",\"url\":\"https:\\\/\\\/vanabeelen.eu\\\/\",\"logo\":{\"@type\":\"ImageObject\",\"inLanguage\":\"de\",\"@id\":\"https:\\\/\\\/vanabeelen.eu\\\/#\\\/schema\\\/logo\\\/image\\\/\",\"url\":\"https:\\\/\\\/vanabeelen.eu\\\/wp-content\\\/uploads\\\/2018\\\/09\\\/vanabeelen-logo-retina.png\",\"contentUrl\":\"https:\\\/\\\/vanabeelen.eu\\\/wp-content\\\/uploads\\\/2018\\\/09\\\/vanabeelen-logo-retina.png\",\"width\":516,\"height\":120,\"caption\":\"Van Abeelen\"},\"image\":{\"@id\":\"https:\\\/\\\/vanabeelen.eu\\\/#\\\/schema\\\/logo\\\/image\\\/\"},\"sameAs\":[\"https:\\\/\\\/www.facebook.com\\\/vanabeelen.eu\\\/\",\"https:\\\/\\\/www.instagram.com\\\/vanabeelengroep\\\/\",\"https:\\\/\\\/nl.linkedin.com\\\/company\\\/van-abeelen-koeltechniek\"]}]}<\/script>\n<!-- \/ Yoast SEO plugin. -->","yoast_head_json":{"title":"Rental Solutions - Van Abeelen","robots":{"index":"index","follow":"follow","max-snippet":"max-snippet:-1","max-image-preview":"max-image-preview:large","max-video-preview":"max-video-preview:-1"},"canonical":"https:\/\/vanabeelen.eu\/de\/rental-solutions\/","og_locale":"de_DE","og_type":"article","og_title":"Rental Solutions - Van Abeelen","og_description":"[\u2026]","og_url":"https:\/\/vanabeelen.eu\/de\/rental-solutions\/","og_site_name":"Van Abeelen","article_publisher":"https:\/\/www.facebook.com\/vanabeelen.eu\/","article_modified_time":"2023-03-14T20:00:22+00:00","og_image":[{"url":"https:\/\/vanabeelen.eu\/wp-content\/uploads\/2019\/05\/vanabeelen-rental-logo-retina.png","type":"","width":"","height":""}],"twitter_card":"summary_large_image","twitter_misc":{"Gesch\u00e4tzte Lesezeit":"3\u00a0Minuten"},"schema":{"@context":"https:\/\/schema.org","@graph":[{"@type":"WebPage","@id":"https:\/\/vanabeelen.eu\/de\/rental-solutions\/","url":"https:\/\/vanabeelen.eu\/de\/rental-solutions\/","name":"Rental Solutions - Van Abeelen","isPartOf":{"@id":"https:\/\/vanabeelen.eu\/#website"},"primaryImageOfPage":{"@id":"https:\/\/vanabeelen.eu\/de\/rental-solutions\/#primaryimage"},"image":{"@id":"https:\/\/vanabeelen.eu\/de\/rental-solutions\/#primaryimage"},"thumbnailUrl":"https:\/\/vanabeelen.eu\/wp-content\/uploads\/2019\/05\/vanabeelen-rental-logo-retina.png","datePublished":"2019-02-07T08:11:46+00:00","dateModified":"2023-03-14T20:00:22+00:00","breadcrumb":{"@id":"https:\/\/vanabeelen.eu\/de\/rental-solutions\/#breadcrumb"},"inLanguage":"de","potentialAction":[{"@type":"ReadAction","target":["https:\/\/vanabeelen.eu\/de\/rental-solutions\/"]}]},{"@type":"ImageObject","inLanguage":"de","@id":"https:\/\/vanabeelen.eu\/de\/rental-solutions\/#primaryimage","url":"https:\/\/vanabeelen.eu\/wp-content\/uploads\/2019\/05\/vanabeelen-rental-logo-retina.png","contentUrl":"https:\/\/vanabeelen.eu\/wp-content\/uploads\/2019\/05\/vanabeelen-rental-logo-retina.png"},{"@type":"BreadcrumbList","@id":"https:\/\/vanabeelen.eu\/de\/rental-solutions\/#breadcrumb","itemListElement":[{"@type":"ListItem","position":1,"name":"Home","item":"https:\/\/vanabeelen.eu\/de\/"},{"@type":"ListItem","position":2,"name":"Rental Solutions"}]},{"@type":"WebSite","@id":"https:\/\/vanabeelen.eu\/#website","url":"https:\/\/vanabeelen.eu\/","name":"Van Abeelen","description":"Koude- en klimaatoplossingen","publisher":{"@id":"https:\/\/vanabeelen.eu\/#organization"},"potentialAction":[{"@type":"SearchAction","target":{"@type":"EntryPoint","urlTemplate":"https:\/\/vanabeelen.eu\/?s={search_term_string}"},"query-input":{"@type":"PropertyValueSpecification","valueRequired":true,"valueName":"search_term_string"}}],"inLanguage":"de"},{"@type":"Organization","@id":"https:\/\/vanabeelen.eu\/#organization","name":"Van Abeelen","url":"https:\/\/vanabeelen.eu\/","logo":{"@type":"ImageObject","inLanguage":"de","@id":"https:\/\/vanabeelen.eu\/#\/schema\/logo\/image\/","url":"https:\/\/vanabeelen.eu\/wp-content\/uploads\/2018\/09\/vanabeelen-logo-retina.png","contentUrl":"https:\/\/vanabeelen.eu\/wp-content\/uploads\/2018\/09\/vanabeelen-logo-retina.png","width":516,"height":120,"caption":"Van Abeelen"},"image":{"@id":"https:\/\/vanabeelen.eu\/#\/schema\/logo\/image\/"},"sameAs":["https:\/\/www.facebook.com\/vanabeelen.eu\/","https:\/\/www.instagram.com\/vanabeelengroep\/","https:\/\/nl.linkedin.com\/company\/van-abeelen-koeltechniek"]}]}},"_links":{"self":[{"href":"https:\/\/vanabeelen.eu\/de\/wp-json\/wp\/v2\/pages\/7612","targetHints":{"allow":["GET"]}}],"collection":[{"href":"https:\/\/vanabeelen.eu\/de\/wp-json\/wp\/v2\/pages"}],"about":[{"href":"https:\/\/vanabeelen.eu\/de\/wp-json\/wp\/v2\/types\/page"}],"author":[{"embeddable":true,"href":"https:\/\/vanabeelen.eu\/de\/wp-json\/wp\/v2\/users\/1"}],"replies":[{"embeddable":true,"href":"https:\/\/vanabeelen.eu\/de\/wp-json\/wp\/v2\/comments?post=7612"}],"version-history":[{"count":0,"href":"https:\/\/vanabeelen.eu\/de\/wp-json\/wp\/v2\/pages\/7612\/revisions"}],"wp:attachment":[{"href":"https:\/\/vanabeelen.eu\/de\/wp-json\/wp\/v2\/media?parent=7612"}],"curies":[{"name":"wp","href":"https:\/\/api.w.org\/{rel}","templated":true}]}}