{"id":7571,"date":"2018-10-01T10:15:04","date_gmt":"2018-10-01T08:15:04","guid":{"rendered":"https:\/\/vanabeelen.eu\/food-processing-technology\/"},"modified":"2021-12-03T15:09:25","modified_gmt":"2021-12-03T13:09:25","slug":"food-processing-technology","status":"publish","type":"page","link":"https:\/\/vanabeelen.eu\/de\/food-processing-technology\/","title":{"rendered":"Food processing technology"},"content":{"rendered":"<div class=\"wpb-content-wrapper\"><p>[vc_row full_width=&#8220;stretch_row&#8220; css=&#8220;.vc_custom_1581948692510{margin-top: -100px !important;padding-bottom: 30px !important;}&#8220; el_class=&#8220;menu-icons&#8220;][vc_column][vc_row_inner equal_height=&#8220;yes&#8220; content_placement=&#8220;top&#8220; css=&#8220;.vc_custom_1581940877843{background-color: #ffffff !important;background-position: center !important;background-repeat: no-repeat !important;background-size: cover !important;}&#8220; el_class=&#8220;boxshadow&#8220;][vc_column_inner width=&#8220;1\/5&#8243; css=&#8220;.vc_custom_1587630077576{background-color: #ffffff !important;}&#8220; offset=&#8220;vc_hidden-xs&#8220;][vc_single_image image=&#8220;8002&#8243; img_size=&#8220;large&#8220; alignment=&#8220;center&#8220; onclick=&#8220;custom_link&#8220; css_animation=&#8220;none&#8220; link=&#8220;\/de\/kaltetechnik\/&#8220; el_class=&#8220;divisieknop&#8220;][\/vc_column_inner][vc_column_inner width=&#8220;1\/5&#8243; offset=&#8220;vc_hidden-xs&#8220;][vc_single_image image=&#8220;7999&#8243; img_size=&#8220;large&#8220; alignment=&#8220;center&#8220; onclick=&#8220;custom_link&#8220; link=&#8220;\/de\/klimatechnik\/&#8220; el_class=&#8220;divisieknop&#8220;][\/vc_column_inner][vc_column_inner width=&#8220;1\/5&#8243;][vc_single_image image=&#8220;5981&#8243; img_size=&#8220;large&#8220; alignment=&#8220;center&#8220; onclick=&#8220;custom_link&#8220; link=&#8220;\/de\/food-processing-technology\/&#8220; el_class=&#8220;divisieknop&#8220;][\/vc_column_inner][vc_column_inner width=&#8220;1\/5&#8243; offset=&#8220;vc_hidden-xs&#8220;][vc_single_image image=&#8220;5985&#8243; img_size=&#8220;large&#8220; alignment=&#8220;center&#8220; onclick=&#8220;custom_link&#8220; link=&#8220;\/de\/solarfridge\/&#8220; el_class=&#8220;divisieknop&#8220;][\/vc_column_inner][vc_column_inner width=&#8220;1\/5&#8243; offset=&#8220;vc_hidden-xs&#8220;][vc_single_image image=&#8220;6202&#8243; img_size=&#8220;large&#8220; alignment=&#8220;center&#8220; onclick=&#8220;custom_link&#8220; link=&#8220;\/de\/rental-solutions&#8220; el_class=&#8220;divisieknop&#8220;][\/vc_column_inner][\/vc_row_inner][\/vc_column][\/vc_row][vc_row full_width=&#8220;stretch_row&#8220; equal_height=&#8220;yes&#8220; css=&#8220;.vc_custom_1582119453750{margin-top: -200px !important;padding-top: 100px !important;padding-bottom: 25px !important;background-color: #00527a !important;}&#8220;][vc_column][vc_column_text css=&#8220;.vc_custom_1583317319665{padding-top: 100px !important;}&#8220;]<\/p>\n<h1 style=\"color: #fff;\">Alle in Schockstarre<\/h1>\n<p>[\/vc_column_text][\/vc_column][\/vc_row][vc_row][vc_column width=&#8220;2\/3&#8243; css=&#8220;.vc_custom_1582192980862{margin-right: 25px !important;}&#8220;][vc_column_text css=&#8220;.vc_custom_1583315170604{padding-right: 25px !important;}&#8220;]<\/p>\n<h5><strong>Das Frosten<\/strong> ist eine der bew\u00e4hrtesten Methoden zur Konservierung von Lebensmitteln. Durch das Einfrieren der Produkte werden Geschmacks- und Qualit\u00e4tsverluste auf ein Minimum reduziert. Van Abeelen verf\u00fcgt \u00fcber einen <strong>speziellen Gesch\u00e4ftsbereich<\/strong> f\u00fcr K\u00fchl- und Gefrieranlagen: Food Processing Technology (ehemals Unifreezing). Unter diesem Gesch\u00e4ftsbereich fassen wir unsere hochmoderne Maschinenlinie f\u00fcr das industrielle K\u00fchlen und Frosten zusammen. F\u00fcr jedes Problem halten wir eine <strong>nachhaltige, moderne K\u00fchl- oder Gefrierl\u00f6sung bereit.<\/strong><\/h5>\n<p>[\/vc_column_text][vc_row_inner][vc_column_inner][vc_column_text]<\/p>\n<h5>Haben Sie Interesse an einem unserer Produkte? Dann f\u00fcllen Sie unseren Fragebogen aus. F\u00fcr Produkte im Bereich Food Processing Technology stehen Ihnen weltweit verschiedene H\u00e4ndler zur Verf\u00fcgung:<\/h5>\n<p>[\/vc_column_text][vc_btn title=&#8220;Zum Fragebogen&#8220; link=&#8220;url:https%3A%2F%2Fvanabeelen.eu%2Fde%2Ffood-processing-technology%2Ffragebogen-zur-food-processing-technology%2F|title:H%C3%A4ndler%20f%C3%BCr%20Food%20Processing%20Technology|target:%20_blank|&#8220; css=&#8220;.vc_custom_1585127719462{margin-right: 20px !important;}&#8220;][vc_btn title=&#8220;Food Processing Technology dealers&#8220; link=&#8220;url:https%3A%2F%2Fvanabeelen.eu%2Fde%2Ffood-processing-technology%2Fhandler-fur-food-processing-technology%2F|title:Umgebungs-Spiralk%C3%BChler|&#8220; css=&#8220;.vc_custom_1582539343989{margin-right: 20px !important;}&#8220;][\/vc_column_inner][\/vc_row_inner][\/vc_column][vc_column width=&#8220;1\/3&#8243; offset=&#8220;vc_hidden-sm vc_hidden-xs&#8220; css=&#8220;.vc_custom_1583313308366{margin-top: -150px !important;}&#8220;][vc_single_image image=&#8220;6337&#8243; img_size=&#8220;450&#215;600&#8243; alignment=&#8220;center&#8220;][\/vc_column][\/vc_row][vc_row full_width=&#8220;stretch_row&#8220; content_placement=&#8220;middle&#8220; css=&#8220;.vc_custom_1585570578684{background-image: url(https:\/\/vanabeelen.eu\/wp-content\/uploads\/2020\/02\/vanabeelen_row-background-oranje.jpg?id=5918) !important;background-position: center !important;background-repeat: no-repeat !important;background-size: cover !important;}&#8220;][vc_column][vc_column_text]<\/p>\n<h1 style=\"color: #ffffff; text-align: center;\"><span style=\"font-weight: 300;\">Mehr zur<\/span> Food Processing Technology<span style=\"font-weight: 300;\"> erfahren? Rufen Sie uns unter<\/span> +31 (0) 161 226 597 an<\/h1>\n<p>[\/vc_column_text][\/vc_column][\/vc_row][vc_row][vc_column][vc_custom_heading text=&#8220;Unsere Produkte im Bereich Food Processing Technology&#8220; font_container=&#8220;tag:h3|text_align:left&#8220; use_theme_fonts=&#8220;yes&#8220; css=&#8220;.vc_custom_1585257460646{padding-bottom: 15px !important;}&#8220;][vc_row_inner][vc_column_inner width=&#8220;1\/4&#8243;]<div class=\"sliding_box\"><a href=\"\/de\/unifreezing\/ambient-spiraal-koeler\/\"  title=\"\"><div class=\"photo_wrapper\"><img decoding=\"async\" class=\"scale-with-grid\" src=\"https:\/\/vanabeelen.eu\/wp-content\/uploads\/2018\/12\/product-ambient-freezer.jpg\" alt=\"product-ambient-freezer\" width=\"405\" height=\"293\"\/><\/div><div class=\"desc_wrapper\"><h4 class=\"title \">Umgebungs-Spiralk\u00fchler<\/h4><\/div><\/a><\/div>\n<div class=\"sliding_box\"><a href=\"\/de\/unifreezing\/modulaire-spiraalvriezer\/\"  title=\"\"><div class=\"photo_wrapper\"><img decoding=\"async\" class=\"scale-with-grid\" src=\"https:\/\/vanabeelen.eu\/wp-content\/uploads\/2019\/01\/Spiraal-vriezer-betere-kwaliteit-resized.jpg\" alt=\"Van Abeelen Unifreezing spiraalvriezer\" width=\"405\" height=\"293\"\/><\/div><div class=\"desc_wrapper\"><h4 class=\"title \">Modularer Spiralfroster<\/h4><\/div><\/a><\/div>\n<div class=\"sliding_box\"><a href=\"\/de\/unifreezing\/kartonnen-doos-vriezer\/\"  title=\"\"><div class=\"photo_wrapper\"><img decoding=\"async\" class=\"scale-with-grid\" src=\"https:\/\/vanabeelen.eu\/wp-content\/uploads\/2018\/12\/product-carton-box-freezer.jpg\" alt=\"product-carton-box-freezer\" width=\"405\" height=\"293\"\/><\/div><div class=\"desc_wrapper\"><h4 class=\"title \">Froster f\u00fcr Kartons<\/h4><\/div><\/a><\/div>\n<div class=\"sliding_box\"><a href=\"\/de\/unifreezing\/impingement-vriezer\/\"  title=\"\"><div class=\"photo_wrapper\"><img decoding=\"async\" class=\"scale-with-grid\" src=\"https:\/\/vanabeelen.eu\/wp-content\/uploads\/2018\/12\/product-impingement-freezer.jpg\" alt=\"product-impingement-freezer\" width=\"405\" height=\"293\"\/><\/div><div class=\"desc_wrapper\"><h4 class=\"title \">Kontaktfroster<\/h4><\/div><\/a><\/div>\n[\/vc_column_inner][vc_column_inner width=&#8220;1\/4&#8243;]<div class=\"sliding_box\"><a href=\"\/de\/unifreezing\/spiraalkoeler-direct-drive\/\"  title=\"\"><div class=\"photo_wrapper\"><img decoding=\"async\" class=\"scale-with-grid\" src=\"https:\/\/vanabeelen.eu\/wp-content\/uploads\/2018\/12\/Direct-drive-koeler-en-vriezer2.jpg\" alt=\"Direct drive koeler en vriezer2\" width=\"481\" height=\"345\"\/><\/div><div class=\"desc_wrapper\"><h4 class=\"title \">Spiralk\u00fchler und -froster<\/h4><\/div><\/a><\/div>\n<div class=\"sliding_box\"><a href=\"\/de\/unifreezing\/tunnelvriezer\/\"  title=\"\"><div class=\"photo_wrapper\"><img decoding=\"async\" class=\"scale-with-grid\" src=\"https:\/\/vanabeelen.eu\/wp-content\/uploads\/2018\/12\/Afbeelding_IQF_tunnel_vriezer_058-resized.jpg\" alt=\"Van Abeelen Unifreezing tunnelvriezer\" width=\"405\" height=\"293\"\/><\/div><div class=\"desc_wrapper\"><h4 class=\"title \">Tunnelfroster<\/h4><\/div><\/a><\/div>\n<div class=\"sliding_box\"><a href=\"\/de\/unifreezing\/bandvriezer\/\"  title=\"\"><div class=\"photo_wrapper\"><img decoding=\"async\" class=\"scale-with-grid\" src=\"https:\/\/vanabeelen.eu\/wp-content\/uploads\/2018\/12\/Belt-Foil-freezer-resized.jpg\" alt=\"Belt Foil freezer resized\" width=\"405\" height=\"293\"\/><\/div><div class=\"desc_wrapper\"><h4 class=\"title \">Bandfroster<\/h4><\/div><\/a><\/div>\n<div class=\"sliding_box\"><a href=\"\/de\/unifreezing\/plaatvriezer\/\"  title=\"\"><div class=\"photo_wrapper\"><img decoding=\"async\" class=\"scale-with-grid\" src=\"https:\/\/vanabeelen.eu\/wp-content\/uploads\/2018\/12\/product-vertical-plate-freezer.png\" alt=\"product-vertical plate-freezer\" width=\"405\" height=\"293\"\/><\/div><div class=\"desc_wrapper\"><h4 class=\"title \">Plattenfroster<\/h4><\/div><\/a><\/div>\n[\/vc_column_inner][vc_column_inner width=&#8220;1\/2&#8243; css=&#8220;.vc_custom_1583400415086{margin-left: 20px !important;}&#8220;][vc_custom_heading text=&#8220;Wer sind wir?&#8220; font_container=&#8220;tag:h3|text_align:left&#8220; use_theme_fonts=&#8220;yes&#8220; css=&#8220;.vc_custom_1583400127305{padding-bottom: 15px !important;}&#8220;][vc_column_text]Van Abeelen liefert K\u00fchl- und Gefrierger\u00e4te f\u00fcr die Lebensmittelindustrie weltweit \u2013 wir sind ein Technik- und Produktionsunternehmen mit Know-how. Wir streben nach kontinuierlichen Innovationen und haben uns einen Namen als Vorreiter bei K\u00fchl-, Gefrier- und Hygienetechnologien gemacht.<\/p>\n<p>Mit unserem Expertenteam sind wir in der Lage, die richtigen ma\u00dfgeschneiderten Anlagen f\u00fcr Sie zu entwickeln. Ma\u00dfgeschneiderte L\u00f6sungen sind unsere Spezialit\u00e4t! Nat\u00fcrlich erf\u00fcllen unsere Anlagen die h\u00f6chsten Anforderungen an die Lebensmittelsicherheit.<\/p>\n<p>Wir sind in fast allen Bereichen t\u00e4tig: Convenience Food, Tiernahrung, Fertiggerichte, Tiefk\u00fchlsnacks, Obst, Gem\u00fcse, H\u00fchnchen, Fisch, Gefl\u00fcgelprodukte und B\u00e4ckereiprodukte (tiefgefrorenes Brot, Kuchen und Geb\u00e4ck).<\/p>\n<p><img decoding=\"async\" class=\"alignnone size-medium wp-image-21714\" src=\"https:\/\/vanabeelen.eu\/wp-content\/uploads\/2021\/06\/Food-31-min-300x200.jpg\" alt=\"\" width=\"300\" height=\"200\" srcset=\"https:\/\/vanabeelen.eu\/wp-content\/uploads\/2021\/06\/Food-31-min-300x200.jpg 300w, https:\/\/vanabeelen.eu\/wp-content\/uploads\/2021\/06\/Food-31-min-219x146.jpg 219w, https:\/\/vanabeelen.eu\/wp-content\/uploads\/2021\/06\/Food-31-min-50x33.jpg 50w, https:\/\/vanabeelen.eu\/wp-content\/uploads\/2021\/06\/Food-31-min-112x75.jpg 112w, https:\/\/vanabeelen.eu\/wp-content\/uploads\/2021\/06\/Food-31-min.jpg 748w\" sizes=\"(max-width:767px) 300px, 300px\" \/>[\/vc_column_text][vc_custom_heading text=&#8220;Warum Produkte einfrieren?&#8220; font_container=&#8220;tag:h3|text_align:left&#8220; use_theme_fonts=&#8220;yes&#8220; css=&#8220;.vc_custom_1583400376735{padding-bottom: 15px !important;}&#8220;][vc_column_text]Die meisten Lebensmittel verderben aufgrund einer Reihe mikrobiologischer, chemischer und physikalischer Prozesse leicht und somit wird die Produktqualit\u00e4t beeintr\u00e4chtigt. Dies h\u00e4ngt direkt mit der Temperatur zusammen. Daher ist die schnelle Absenkung der Produkttemperatur (bis auf -18 \u00b0C), bei der das mikrobielle Wachstum stoppt und chemische Ver\u00e4nderungen des Produkts verlangsamt werden, entscheidend f\u00fcr die Aufrechterhaltung der Produktqualit\u00e4t.[\/vc_column_text][vc_column_text]<\/p>\n<h1><span style=\"font-weight: 300;\">Wir liefern verschiedene<\/span> Tunnel- und Spiralsysteme, <span style=\"font-weight: 300;\">mit denen Sie dies verwirklichen k\u00f6nnen!<\/span><\/h1>\n<p>[\/vc_column_text][vc_column_text]Mehr zu unseren K\u00fchl- und Gefriertechnologien erfahren? F\u00fcllen Sie den Fragebogen aus und Sie erhalten von uns ein passendes Angebot f\u00fcr Ihre W\u00fcnsche und Anforderungen.[\/vc_column_text][vc_btn title=&#8220;Zum Fragebogen&#8220; link=&#8220;url:https%3A%2F%2Fvanabeelen.eu%2Fde%2Ffood-processing-technology%2Ffragebogen-zur-food-processing-technology%2F|title:H%C3%A4ndler%20f%C3%BCr%20Food%20Processing%20Technology|&#8220; css=&#8220;.vc_custom_1585050225748{margin-right: 20px !important;}&#8220;][\/vc_column_inner][\/vc_row_inner][\/vc_column][\/vc_row][vc_row full_width=&#8220;stretch_row&#8220; css=&#8220;.vc_custom_1582116062441{padding-bottom: 30px !important;background-color: #e9eaec !important;}&#8220;][vc_column][vc_media_grid style=&#8220;lazy&#8220; items_per_page=&#8220;6&#8243; element_width=&#8220;2&#8243; grid_id=&#8220;vc_gid:1638536930696-9b3a20a4-8951-9&#8243; include=&#8220;7024,7031,7023,7022,7032&#8243;][vc_btn title=&#8220;Realisierte Projekte ansehen&#8220; style=&#8220;custom&#8220; custom_background=&#8220;#00527a&#8220; custom_text=&#8220;#ffffff&#8220; align=&#8220;left&#8220; i_align=&#8220;right&#8220; i_icon_fontawesome=&#8220;fas fa-angle-right&#8220; add_icon=&#8220;true&#8220; link=&#8220;url:https%3A%2F%2Fvanabeelen.eu%2Fde%2Fprojekte%2F|title:Projekte|&#8220; css=&#8220;.vc_custom_1582819859020{margin-top: -20px !important;}&#8220;][\/vc_column][\/vc_row][vc_row][vc_column width=&#8220;1\/6&#8243;][\/vc_column][vc_column width=&#8220;2\/3&#8243;][vc_separator css=&#8220;.vc_custom_1582116655184{margin-bottom: -35px !important;}&#8220;][\/vc_column][vc_column width=&#8220;1\/6&#8243;][\/vc_column][\/vc_row]<\/p>\n<\/div>","protected":false},"excerpt":{"rendered":"<p><span class=\"excerpt-hellip\"> [\u2026]<\/span><\/p>\n","protected":false},"author":1,"featured_media":0,"parent":0,"menu_order":0,"comment_status":"closed","ping_status":"closed","template":"","meta":{"vkjp_title":"","vkjp_minValue":"","vkjp_maxValue":"","vkjp_applicantLocationRequirements_name":"","vkjp_name":"","vkjp_sameAs":"","vkjp_logo":"","vkjp_postalCode":"","vkjp_addressCountry":"","vkjp_addressRegion":"","vkjp_addressLocality":"","vkjp_streetAddress":"","vkjp_validThrough":"","vkjp_identifier":"","vkjp_description":"","vkjp_unitText":"HOUR","vkjp_currency":"AED","vkjp_employmentType":[],"vkjp_jobLocationType":[],"vkjp_directApply":[],"footnotes":""},"class_list":["post-7571","page","type-page","status-publish","hentry"],"yoast_head":"<!-- This site is optimized with the Yoast SEO plugin v27.4 - https:\/\/yoast.com\/product\/yoast-seo-wordpress\/ -->\n<title>Food processing technology - Van Abeelen<\/title>\n<meta name=\"robots\" content=\"index, follow, max-snippet:-1, max-image-preview:large, max-video-preview:-1\" \/>\n<link rel=\"canonical\" href=\"https:\/\/vanabeelen.eu\/de\/food-processing-technology\/\" \/>\n<meta property=\"og:locale\" content=\"de_DE\" \/>\n<meta property=\"og:type\" content=\"article\" \/>\n<meta property=\"og:title\" content=\"Food processing technology - Van Abeelen\" \/>\n<meta property=\"og:description\" content=\"[\u2026]\" \/>\n<meta property=\"og:url\" content=\"https:\/\/vanabeelen.eu\/de\/food-processing-technology\/\" \/>\n<meta property=\"og:site_name\" content=\"Van Abeelen\" \/>\n<meta property=\"article:publisher\" content=\"https:\/\/www.facebook.com\/vanabeelen.eu\/\" \/>\n<meta property=\"article:modified_time\" content=\"2021-12-03T13:09:25+00:00\" \/>\n<meta property=\"og:image\" content=\"https:\/\/vanabeelen.eu\/wp-content\/uploads\/2021\/06\/Food-31-min-300x200.jpg\" \/>\n<meta name=\"twitter:card\" content=\"summary_large_image\" \/>\n<meta name=\"twitter:label1\" content=\"Gesch\u00e4tzte Lesezeit\" \/>\n\t<meta name=\"twitter:data1\" content=\"3\u00a0Minuten\" \/>\n<script type=\"application\/ld+json\" class=\"yoast-schema-graph\">{\"@context\":\"https:\\\/\\\/schema.org\",\"@graph\":[{\"@type\":\"WebPage\",\"@id\":\"https:\\\/\\\/vanabeelen.eu\\\/de\\\/food-processing-technology\\\/\",\"url\":\"https:\\\/\\\/vanabeelen.eu\\\/de\\\/food-processing-technology\\\/\",\"name\":\"Food processing technology - Van Abeelen\",\"isPartOf\":{\"@id\":\"https:\\\/\\\/vanabeelen.eu\\\/#website\"},\"primaryImageOfPage\":{\"@id\":\"https:\\\/\\\/vanabeelen.eu\\\/de\\\/food-processing-technology\\\/#primaryimage\"},\"image\":{\"@id\":\"https:\\\/\\\/vanabeelen.eu\\\/de\\\/food-processing-technology\\\/#primaryimage\"},\"thumbnailUrl\":\"https:\\\/\\\/vanabeelen.eu\\\/wp-content\\\/uploads\\\/2021\\\/06\\\/Food-31-min-300x200.jpg\",\"datePublished\":\"2018-10-01T08:15:04+00:00\",\"dateModified\":\"2021-12-03T13:09:25+00:00\",\"breadcrumb\":{\"@id\":\"https:\\\/\\\/vanabeelen.eu\\\/de\\\/food-processing-technology\\\/#breadcrumb\"},\"inLanguage\":\"de\",\"potentialAction\":[{\"@type\":\"ReadAction\",\"target\":[\"https:\\\/\\\/vanabeelen.eu\\\/de\\\/food-processing-technology\\\/\"]}]},{\"@type\":\"ImageObject\",\"inLanguage\":\"de\",\"@id\":\"https:\\\/\\\/vanabeelen.eu\\\/de\\\/food-processing-technology\\\/#primaryimage\",\"url\":\"https:\\\/\\\/vanabeelen.eu\\\/wp-content\\\/uploads\\\/2021\\\/06\\\/Food-31-min-300x200.jpg\",\"contentUrl\":\"https:\\\/\\\/vanabeelen.eu\\\/wp-content\\\/uploads\\\/2021\\\/06\\\/Food-31-min-300x200.jpg\"},{\"@type\":\"BreadcrumbList\",\"@id\":\"https:\\\/\\\/vanabeelen.eu\\\/de\\\/food-processing-technology\\\/#breadcrumb\",\"itemListElement\":[{\"@type\":\"ListItem\",\"position\":1,\"name\":\"Home\",\"item\":\"https:\\\/\\\/vanabeelen.eu\\\/de\\\/\"},{\"@type\":\"ListItem\",\"position\":2,\"name\":\"Food processing technology\"}]},{\"@type\":\"WebSite\",\"@id\":\"https:\\\/\\\/vanabeelen.eu\\\/#website\",\"url\":\"https:\\\/\\\/vanabeelen.eu\\\/\",\"name\":\"Van Abeelen\",\"description\":\"Koude- en klimaatoplossingen\",\"publisher\":{\"@id\":\"https:\\\/\\\/vanabeelen.eu\\\/#organization\"},\"potentialAction\":[{\"@type\":\"SearchAction\",\"target\":{\"@type\":\"EntryPoint\",\"urlTemplate\":\"https:\\\/\\\/vanabeelen.eu\\\/?s={search_term_string}\"},\"query-input\":{\"@type\":\"PropertyValueSpecification\",\"valueRequired\":true,\"valueName\":\"search_term_string\"}}],\"inLanguage\":\"de\"},{\"@type\":\"Organization\",\"@id\":\"https:\\\/\\\/vanabeelen.eu\\\/#organization\",\"name\":\"Van Abeelen\",\"url\":\"https:\\\/\\\/vanabeelen.eu\\\/\",\"logo\":{\"@type\":\"ImageObject\",\"inLanguage\":\"de\",\"@id\":\"https:\\\/\\\/vanabeelen.eu\\\/#\\\/schema\\\/logo\\\/image\\\/\",\"url\":\"https:\\\/\\\/vanabeelen.eu\\\/wp-content\\\/uploads\\\/2018\\\/09\\\/vanabeelen-logo-retina.png\",\"contentUrl\":\"https:\\\/\\\/vanabeelen.eu\\\/wp-content\\\/uploads\\\/2018\\\/09\\\/vanabeelen-logo-retina.png\",\"width\":516,\"height\":120,\"caption\":\"Van Abeelen\"},\"image\":{\"@id\":\"https:\\\/\\\/vanabeelen.eu\\\/#\\\/schema\\\/logo\\\/image\\\/\"},\"sameAs\":[\"https:\\\/\\\/www.facebook.com\\\/vanabeelen.eu\\\/\",\"https:\\\/\\\/www.instagram.com\\\/vanabeelengroep\\\/\",\"https:\\\/\\\/nl.linkedin.com\\\/company\\\/van-abeelen-koeltechniek\"]}]}<\/script>\n<!-- \/ Yoast SEO plugin. -->","yoast_head_json":{"title":"Food processing technology - Van Abeelen","robots":{"index":"index","follow":"follow","max-snippet":"max-snippet:-1","max-image-preview":"max-image-preview:large","max-video-preview":"max-video-preview:-1"},"canonical":"https:\/\/vanabeelen.eu\/de\/food-processing-technology\/","og_locale":"de_DE","og_type":"article","og_title":"Food processing technology - Van Abeelen","og_description":"[\u2026]","og_url":"https:\/\/vanabeelen.eu\/de\/food-processing-technology\/","og_site_name":"Van Abeelen","article_publisher":"https:\/\/www.facebook.com\/vanabeelen.eu\/","article_modified_time":"2021-12-03T13:09:25+00:00","og_image":[{"url":"https:\/\/vanabeelen.eu\/wp-content\/uploads\/2021\/06\/Food-31-min-300x200.jpg","type":"","width":"","height":""}],"twitter_card":"summary_large_image","twitter_misc":{"Gesch\u00e4tzte Lesezeit":"3\u00a0Minuten"},"schema":{"@context":"https:\/\/schema.org","@graph":[{"@type":"WebPage","@id":"https:\/\/vanabeelen.eu\/de\/food-processing-technology\/","url":"https:\/\/vanabeelen.eu\/de\/food-processing-technology\/","name":"Food processing technology - Van Abeelen","isPartOf":{"@id":"https:\/\/vanabeelen.eu\/#website"},"primaryImageOfPage":{"@id":"https:\/\/vanabeelen.eu\/de\/food-processing-technology\/#primaryimage"},"image":{"@id":"https:\/\/vanabeelen.eu\/de\/food-processing-technology\/#primaryimage"},"thumbnailUrl":"https:\/\/vanabeelen.eu\/wp-content\/uploads\/2021\/06\/Food-31-min-300x200.jpg","datePublished":"2018-10-01T08:15:04+00:00","dateModified":"2021-12-03T13:09:25+00:00","breadcrumb":{"@id":"https:\/\/vanabeelen.eu\/de\/food-processing-technology\/#breadcrumb"},"inLanguage":"de","potentialAction":[{"@type":"ReadAction","target":["https:\/\/vanabeelen.eu\/de\/food-processing-technology\/"]}]},{"@type":"ImageObject","inLanguage":"de","@id":"https:\/\/vanabeelen.eu\/de\/food-processing-technology\/#primaryimage","url":"https:\/\/vanabeelen.eu\/wp-content\/uploads\/2021\/06\/Food-31-min-300x200.jpg","contentUrl":"https:\/\/vanabeelen.eu\/wp-content\/uploads\/2021\/06\/Food-31-min-300x200.jpg"},{"@type":"BreadcrumbList","@id":"https:\/\/vanabeelen.eu\/de\/food-processing-technology\/#breadcrumb","itemListElement":[{"@type":"ListItem","position":1,"name":"Home","item":"https:\/\/vanabeelen.eu\/de\/"},{"@type":"ListItem","position":2,"name":"Food processing technology"}]},{"@type":"WebSite","@id":"https:\/\/vanabeelen.eu\/#website","url":"https:\/\/vanabeelen.eu\/","name":"Van Abeelen","description":"Koude- en klimaatoplossingen","publisher":{"@id":"https:\/\/vanabeelen.eu\/#organization"},"potentialAction":[{"@type":"SearchAction","target":{"@type":"EntryPoint","urlTemplate":"https:\/\/vanabeelen.eu\/?s={search_term_string}"},"query-input":{"@type":"PropertyValueSpecification","valueRequired":true,"valueName":"search_term_string"}}],"inLanguage":"de"},{"@type":"Organization","@id":"https:\/\/vanabeelen.eu\/#organization","name":"Van Abeelen","url":"https:\/\/vanabeelen.eu\/","logo":{"@type":"ImageObject","inLanguage":"de","@id":"https:\/\/vanabeelen.eu\/#\/schema\/logo\/image\/","url":"https:\/\/vanabeelen.eu\/wp-content\/uploads\/2018\/09\/vanabeelen-logo-retina.png","contentUrl":"https:\/\/vanabeelen.eu\/wp-content\/uploads\/2018\/09\/vanabeelen-logo-retina.png","width":516,"height":120,"caption":"Van Abeelen"},"image":{"@id":"https:\/\/vanabeelen.eu\/#\/schema\/logo\/image\/"},"sameAs":["https:\/\/www.facebook.com\/vanabeelen.eu\/","https:\/\/www.instagram.com\/vanabeelengroep\/","https:\/\/nl.linkedin.com\/company\/van-abeelen-koeltechniek"]}]}},"_links":{"self":[{"href":"https:\/\/vanabeelen.eu\/de\/wp-json\/wp\/v2\/pages\/7571","targetHints":{"allow":["GET"]}}],"collection":[{"href":"https:\/\/vanabeelen.eu\/de\/wp-json\/wp\/v2\/pages"}],"about":[{"href":"https:\/\/vanabeelen.eu\/de\/wp-json\/wp\/v2\/types\/page"}],"author":[{"embeddable":true,"href":"https:\/\/vanabeelen.eu\/de\/wp-json\/wp\/v2\/users\/1"}],"replies":[{"embeddable":true,"href":"https:\/\/vanabeelen.eu\/de\/wp-json\/wp\/v2\/comments?post=7571"}],"version-history":[{"count":0,"href":"https:\/\/vanabeelen.eu\/de\/wp-json\/wp\/v2\/pages\/7571\/revisions"}],"wp:attachment":[{"href":"https:\/\/vanabeelen.eu\/de\/wp-json\/wp\/v2\/media?parent=7571"}],"curies":[{"name":"wp","href":"https:\/\/api.w.org\/{rel}","templated":true}]}}