{"id":7212,"date":"2018-10-01T10:13:36","date_gmt":"2018-10-01T08:13:36","guid":{"rendered":"https:\/\/vanabeelen.eu\/klimatechnik\/"},"modified":"2022-03-02T11:55:01","modified_gmt":"2022-03-02T09:55:01","slug":"klimatechnik","status":"publish","type":"page","link":"https:\/\/vanabeelen.eu\/de\/klimatechnik\/","title":{"rendered":"Klimatechnik"},"content":{"rendered":"<div class=\"wpb-content-wrapper\"><p>[vc_row full_width=&#8220;stretch_row&#8220; css=&#8220;.vc_custom_1581948692510{margin-top: -100px !important;padding-bottom: 30px !important;}&#8220; el_class=&#8220;menu-icons&#8220;][vc_column][vc_row_inner equal_height=&#8220;yes&#8220; content_placement=&#8220;top&#8220; css=&#8220;.vc_custom_1581940877843{background-color: #ffffff !important;background-position: center !important;background-repeat: no-repeat !important;background-size: cover !important;}&#8220; el_class=&#8220;boxshadow&#8220;][vc_column_inner width=&#8220;1\/5&#8243; css=&#8220;.vc_custom_1587629933245{background-color: #ffffff !important;}&#8220; offset=&#8220;vc_hidden-xs&#8220;][vc_single_image image=&#8220;8002&#8243; img_size=&#8220;large&#8220; alignment=&#8220;center&#8220; onclick=&#8220;custom_link&#8220; css_animation=&#8220;none&#8220; link=&#8220;\/de\/kaltetechnik\/&#8220; el_class=&#8220;divisieknop&#8220;][\/vc_column_inner][vc_column_inner width=&#8220;1\/5&#8243;][vc_single_image image=&#8220;7999&#8243; img_size=&#8220;large&#8220; alignment=&#8220;center&#8220; onclick=&#8220;custom_link&#8220; link=&#8220;\/de\/klimatechnik\/&#8220; el_class=&#8220;divisieknop&#8220;][\/vc_column_inner][vc_column_inner width=&#8220;1\/5&#8243; offset=&#8220;vc_hidden-xs&#8220;][vc_single_image image=&#8220;5981&#8243; img_size=&#8220;large&#8220; alignment=&#8220;center&#8220; onclick=&#8220;custom_link&#8220; link=&#8220;\/de\/food-processing-technology\/&#8220; el_class=&#8220;divisieknop&#8220;][\/vc_column_inner][vc_column_inner width=&#8220;1\/5&#8243; offset=&#8220;vc_hidden-xs&#8220;][vc_single_image image=&#8220;5985&#8243; img_size=&#8220;large&#8220; alignment=&#8220;center&#8220; onclick=&#8220;custom_link&#8220; link=&#8220;\/de\/solarfridge\/&#8220; el_class=&#8220;divisieknop&#8220;][\/vc_column_inner][vc_column_inner width=&#8220;1\/5&#8243; offset=&#8220;vc_hidden-xs&#8220;][vc_single_image image=&#8220;6202&#8243; img_size=&#8220;large&#8220; alignment=&#8220;center&#8220; onclick=&#8220;custom_link&#8220; link=&#8220;\/de\/rental-solutions&#8220; el_class=&#8220;divisieknop&#8220;][\/vc_column_inner][\/vc_row_inner][\/vc_column][\/vc_row][vc_row full_width=&#8220;stretch_row&#8220; equal_height=&#8220;yes&#8220; css=&#8220;.vc_custom_1582121329680{margin-top: -200px !important;padding-top: 100px !important;padding-bottom: 25px !important;background-color: #00527a !important;}&#8220;][vc_column][vc_column_text css=&#8220;.vc_custom_1586428608070{padding-top: 100px !important;}&#8220;]<\/p>\n<h1 style=\"color: #fff;\">Wie angenehm <span style=\"font-weight: 300;\">es hier ist!<\/span><\/h1>\n<p>[\/vc_column_text][\/vc_column][\/vc_row][vc_row css=&#8220;.vc_custom_1582121367472{margin-top: 50px !important;}&#8220;][vc_column width=&#8220;2\/3&#8243; css=&#8220;.vc_custom_1582120953503{margin-right: 25px !important;}&#8220;][vc_column_text]<\/p>\n<h5>Die Klimatechnik, auch Klimatisierung genannt, ist heutzutage in fast jedem Unternehmen Standard. Das Arbeiten oder der Aufenthalt in R\u00e4umen, in denen die Luft abgestanden, zu kalt oder zu feucht ist, ist erm\u00fcdend. Dies kann sogar gesundheitssch\u00e4dlich sein. Eine gute Klimatechnik sorgt f\u00fcr die richtige Temperatur, einen gesunden Sauerstoffgehalt der Luft und die richtige Luftfeuchtigkeit.<\/h5>\n<p>Mehr zur Klimatechnik:[\/vc_column_text][vc_btn title=&#8220;Klimaanlage&#8220; link=&#8220;url:https%3A%2F%2Fvanabeelen.eu%2Fde%2Fklimatechnik%2Fklimaanlage%2F|title:Klimaanlage%20||&#8220; css=&#8220;.vc_custom_1587395341354{margin-right: 20px !important;}&#8220;][vc_btn title=&#8220;Luftaufbereitung&#8220; link=&#8220;url:https%3A%2F%2Fvanabeelen.eu%2Fde%2Fklimatechnik%2Fluftaufbereitung%2F|title:Luftaufbereitung%20||&#8220; css=&#8220;.vc_custom_1587395355211{margin-right: 20px !important;}&#8220;][vc_btn title=&#8220;Kaltwasseranlagen&#8220; link=&#8220;url:https%3A%2F%2Fvanabeelen.eu%2Fde%2Fklimatechnik%2Fkaltwasseranlagen%2F|title:Kaltwasseranlagen%20||&#8220; css=&#8220;.vc_custom_1587395370576{margin-right: 20px !important;}&#8220;][vc_btn title=&#8220;W\u00e4rmepumpen&#8220; link=&#8220;url:https%3A%2F%2Fvanabeelen.eu%2Fde%2Fklimatechnik%2Fwarmepumpen%2F|title:W%C3%A4rmepumpen||&#8220;][\/vc_column][vc_column width=&#8220;1\/3&#8243; offset=&#8220;vc_hidden-md vc_hidden-sm vc_hidden-xs&#8220;][vc_single_image image=&#8220;11033&#8243; img_size=&#8220;450&#215;600&#8243; alignment=&#8220;center&#8220; css=&#8220;.vc_custom_1646214895658{margin-top: -200px !important;}&#8220;][\/vc_column][\/vc_row][vc_row full_width=&#8220;stretch_row&#8220; content_placement=&#8220;middle&#8220; css=&#8220;.vc_custom_1585569589284{background-image: url(https:\/\/vanabeelen.eu\/wp-content\/uploads\/2020\/02\/vanabeelen_row-background-oranje.jpg?id=5918) !important;background-position: center !important;background-repeat: no-repeat !important;background-size: cover !important;}&#8220;][vc_column][vc_column_text]<\/p>\n<h1 style=\"color: #ffffff; text-align: center;\"><span style=\"font-weight: 300;\">Mehr zur <\/span>Klimatechnik <span style=\"font-weight: 300;\">erfahren? Rufen Sie uns unter<\/span><br \/>\n+31 (0) 161 228 043 an.<\/h1>\n<p>[\/vc_column_text][\/vc_column][\/vc_row][vc_row css=&#8220;.vc_custom_1538039531679{padding-top: 60px !important;padding-bottom: 15px !important;}&#8220;][vc_column][vc_row_inner][vc_column_inner width=&#8220;2\/3&#8243;][vc_column_text]Die idealen Klimabedingungen k\u00f6nnen auch mittels SPS-Technologie aus der Ferne gesteuert werden. Wie funktioniert das? Vielleicht mit (einer Kombination von) Klimaanlagen, Kaltwasseranlagen, Luftaufbereitungsger\u00e4ten und W\u00e4rmepumpen? Van Abeelen steht Ihnen gerne als Berater zur Seite.[\/vc_column_text][vc_custom_heading text=&#8220;Ma\u00dfgeschneidertes Raumklima&#8220; font_container=&#8220;tag:h3|text_align:left&#8220; use_theme_fonts=&#8220;yes&#8220;][vc_column_text]Kein Raumklima ist wie das andere. Die Klimatisierung eines mittelgro\u00dfen B\u00fcrogeb\u00e4udes erfordert einen anderen Ansatz als bei einer Sporthalle. Schlie\u00dflich sind auch die Umst\u00e4nde anders. Als Raumklimaexperte bespricht Van Abeelen dies mit Ihnen und ermittelt Ihren Bedarf. Danach sprechen wir eine erste Empfehlung aus. Dann entwerfen wir eine Klimaanlagen, die auf Ihre W\u00fcnsche und Anforderungen zugeschnitten sowie zukunftsbest\u00e4ndig ist. Zur Steuerung des Raumklimas umfasst unsere Produktpalette verschiedene Produkte: von kompakten Split-Klimaanlagen bis hin zu gro\u00dfen industriellen W\u00e4rmepumpen. Selbstverst\u00e4ndlich ist unsere Serviceabteilung rund um die Uhr f\u00fcr Notf\u00e4lle und Wartungsarbeiten einsatzbereit.[\/vc_column_text][vc_custom_heading text=&#8220;Angenehmeres Arbeiten mit Klimatechnik&#8220; font_container=&#8220;tag:h3|text_align:left&#8220; use_theme_fonts=&#8220;yes&#8220;][vc_column_text]Die Klimatechnik sorgt f\u00fcr ein perfektes Gleichgewicht zwischen L\u00fcftung, Heizung, K\u00fchlung und Feuchtigkeit. Sie unterst\u00fctzt Menschen dabei, leistungsf\u00e4higer zu sein und sich dabei wohlzuf\u00fchlen. F\u00fcr Arbeitgeber lohnt es sich also auf alle F\u00e4lle, in eine optimale Klimatisierung zu investieren. F\u00fcr diejenigen, die zwischen den Zeilen lesen: Ein angenehmes Raumklima kann zu einer Reduzierung von Fehlzeiten durch Krankheit beitragen. Van Abeelen installiert regelm\u00e4\u00dfig Klimaanlagen in \u00f6ffentlichen Geb\u00e4uden, B\u00fcros und Produktionshallen der Lebensmittel- und Non-Food-Industrie.<\/p>\n<hr \/>\n<h2>Ein angenehmes Raumklima kann zu einer <strong>Reduzierung von Fehlzeiten durch Krankheit<\/strong> beitragen<\/h2>\n<p>[\/vc_column_text][vc_custom_heading text=&#8220;Angenehme Temperatur&#8220; font_container=&#8220;tag:h3|text_align:left&#8220; use_theme_fonts=&#8220;yes&#8220;][vc_column_text]Eine professionelle Beratung zu der Klimaanlage, die am besten zu Ihren Bed\u00fcrfnissen und W\u00fcnschen passt, ist wichtig. Ist es in der Produktionshalle h\u00e4ufig zu warm oder doch zu kalt? K\u00f6nnen Sie die Temperatur in Ihrem B\u00fcro einfach nicht richtig steuern? Der Raumklimaexperte Van Abeelen ber\u00e4t Sie gern zu den M\u00f6glichkeiten und l\u00f6st Ihr Problem schnell.<\/p>\n<p><strong>Beispiele f\u00fcr Anwendungsbereiche in der Klimatechnik<\/strong><\/p>\n<p>\u2022 Klimaanlagen f\u00fcr Pasteurisierungsr\u00e4ume<br \/>\n\u2022 Reinr\u00e4ume in Laboratorien<br \/>\n\u2022 Klimatechnik in Schwimmb\u00e4dern<br \/>\n\u2022 Klimatechnik f\u00fcr Gesch\u00e4ftsr\u00e4ume[\/vc_column_text][\/vc_column_inner][vc_column_inner width=&#8220;1\/3&#8243;][vc_column_text el_class=&#8220;BoxShadow&#8220;]<img decoding=\"async\" class=\"aligncenter size-full wp-image-2096\" src=\"https:\/\/vanabeelen.eu\/wp-content\/uploads\/2019\/05\/vanabeelen-klimaattechniek-logo-retina.png\" alt=\"Van Abeelen Koudetechniek logo\" width=\"940\" height=\"220\" \/><br \/>\n<hr class=\"no_line\" style=\"margin: 0 auto 10px auto\"\/>\n<\/p>\n<h3>Mehr erfahren?<\/h3>\n<p>Kein Problem! Sie erreichen uns unter <strong style=\"color: #00527a;\">+31 (0) 161 228 043<\/strong> oder f\u00fcllen Sie das nachfolgende Kontaktformular aus. Wir melden uns schnellstm\u00f6glich bei Ihnen.<\/p>\n<div class=\"wpcf7 no-js\" id=\"wpcf7-f7179-o1\" lang=\"nl-NL\" dir=\"ltr\" data-wpcf7-id=\"7179\">\n<div class=\"screen-reader-response\"><p role=\"status\" aria-live=\"polite\" aria-atomic=\"true\"><\/p> <ul><\/ul><\/div>\n<form action=\"\/de\/wp-json\/wp\/v2\/pages\/7212#wpcf7-f7179-o1\" method=\"post\" class=\"wpcf7-form init\" aria-label=\"Contactformulier\" novalidate=\"novalidate\" data-status=\"init\">\n<fieldset class=\"hidden-fields-container\"><input type=\"hidden\" name=\"_wpcf7\" value=\"7179\" \/><input type=\"hidden\" name=\"_wpcf7_version\" value=\"6.1.5\" \/><input type=\"hidden\" name=\"_wpcf7_locale\" value=\"nl_NL\" \/><input type=\"hidden\" name=\"_wpcf7_unit_tag\" value=\"wpcf7-f7179-o1\" \/><input type=\"hidden\" name=\"_wpcf7_container_post\" value=\"0\" \/><input type=\"hidden\" name=\"_wpcf7_posted_data_hash\" value=\"\" \/><input type=\"hidden\" name=\"_wpcf7_recaptcha_response\" value=\"\" \/>\n<\/fieldset>\n<p><span class=\"wpcf7-form-control-wrap\" data-name=\"naam\"><input size=\"40\" maxlength=\"400\" class=\"wpcf7-form-control wpcf7-text wpcf7-validates-as-required\" aria-required=\"true\" aria-invalid=\"false\" placeholder=\"Name *\" value=\"\" type=\"text\" name=\"naam\" \/><\/span><br \/>\n<span class=\"wpcf7-form-control-wrap\" data-name=\"email\"><input size=\"40\" maxlength=\"400\" class=\"wpcf7-form-control wpcf7-email wpcf7-validates-as-required wpcf7-text wpcf7-validates-as-email\" aria-required=\"true\" aria-invalid=\"false\" placeholder=\"E-Mail-Adresse*\" value=\"\" type=\"email\" name=\"email\" \/><\/span><br \/>\n<span class=\"wpcf7-form-control-wrap\" data-name=\"telefoon\"><input size=\"40\" maxlength=\"400\" class=\"wpcf7-form-control wpcf7-text\" aria-invalid=\"false\" placeholder=\"Telefon\" value=\"\" type=\"text\" name=\"telefoon\" \/><\/span><br \/>\n<span class=\"wpcf7-form-control-wrap\" data-name=\"bericht\"><textarea cols=\"40\" rows=\"10\" maxlength=\"2000\" class=\"wpcf7-form-control wpcf7-textarea wpcf7-validates-as-required\" aria-required=\"true\" aria-invalid=\"false\" placeholder=\"Nachricht *\" name=\"bericht\"><\/textarea><\/span>\n<\/p>\n<p><input class=\"wpcf7-form-control wpcf7-submit has-spinner\" type=\"submit\" value=\"Senden\" \/>\n<\/p><input type=\"hidden\" id=\"ct_checkjs_cf7_d81f9c1be2e08964bf9f24b15f0e4900\" name=\"ct_checkjs_cf7\" value=\"0\" \/><div class=\"wpcf7-response-output\" aria-hidden=\"true\"><\/div>\n<\/form>\n<\/div>\n[\/vc_column_text][vc_empty_space height=&#8220;10px&#8220;][vc_column_text][\/vc_column_text][vc_media_grid element_width=&#8220;6&#8243; grid_id=&#8220;vc_gid:1646214594313-83623b3b-20b5-3&#8243; include=&#8220;1312,1311&#8243;][\/vc_column_inner][\/vc_row_inner][\/vc_column][\/vc_row][vc_row full_width=&#8220;stretch_row&#8220; css=&#8220;.vc_custom_1582116062441{padding-bottom: 30px !important;background-color: #e9eaec !important;}&#8220;][vc_column][vc_media_grid element_width=&#8220;2&#8243; grid_id=&#8220;vc_gid:1646214594314-3a99f30b-4611-0&#8243; include=&#8220;6553,6368,6537,6548&#8243;][vc_btn title=&#8220;Realisierte Projekte ansehen&#8220; style=&#8220;custom&#8220; custom_background=&#8220;#00527a&#8220; custom_text=&#8220;#ffffff&#8220; align=&#8220;left&#8220; i_align=&#8220;right&#8220; i_icon_fontawesome=&#8220;fas fa-angle-right&#8220; add_icon=&#8220;true&#8220; link=&#8220;url:https%3A%2F%2Fvanabeelen.eu%2Fde%2Fprojekte%2F|title:Projekte||&#8220; css=&#8220;.vc_custom_1587395409705{margin-top: -20px !important;}&#8220;][\/vc_column][\/vc_row][vc_row][vc_column width=&#8220;1\/6&#8243;][\/vc_column][vc_column width=&#8220;2\/3&#8243;][vc_separator css=&#8220;.vc_custom_1582116655184{margin-bottom: -35px !important;}&#8220;][\/vc_column][vc_column width=&#8220;1\/6&#8243;][\/vc_column][\/vc_row]<\/p>\n<\/div>","protected":false},"excerpt":{"rendered":"<p><span class=\"excerpt-hellip\"> [\u2026]<\/span><\/p>\n","protected":false},"author":1,"featured_media":0,"parent":0,"menu_order":0,"comment_status":"closed","ping_status":"closed","template":"","meta":{"footnotes":""},"class_list":["post-7212","page","type-page","status-publish","hentry"],"yoast_head":"<!-- This site is optimized with the Yoast SEO plugin v27.3 - https:\/\/yoast.com\/product\/yoast-seo-wordpress\/ -->\n<title>Klimatechnik - Van Abeelen<\/title>\n<meta name=\"robots\" content=\"index, follow, max-snippet:-1, max-image-preview:large, max-video-preview:-1\" \/>\n<link rel=\"canonical\" href=\"https:\/\/vanabeelen.eu\/de\/klimatechnik\/\" \/>\n<meta property=\"og:locale\" content=\"de_DE\" \/>\n<meta property=\"og:type\" content=\"article\" \/>\n<meta property=\"og:title\" content=\"Klimatechnik - Van Abeelen\" \/>\n<meta property=\"og:description\" content=\"[\u2026]\" \/>\n<meta property=\"og:url\" content=\"https:\/\/vanabeelen.eu\/de\/klimatechnik\/\" \/>\n<meta property=\"og:site_name\" content=\"Van Abeelen\" \/>\n<meta property=\"article:publisher\" content=\"https:\/\/www.facebook.com\/vanabeelen.eu\/\" \/>\n<meta property=\"article:modified_time\" content=\"2022-03-02T09:55:01+00:00\" \/>\n<meta property=\"og:image\" content=\"https:\/\/vanabeelen.eu\/wp-content\/uploads\/2019\/05\/vanabeelen-klimaattechniek-logo-retina.png\" \/>\n<meta name=\"twitter:card\" content=\"summary_large_image\" \/>\n<meta name=\"twitter:label1\" content=\"Gesch\u00e4tzte Lesezeit\" \/>\n\t<meta name=\"twitter:data1\" content=\"4\u00a0Minuten\" \/>\n<script type=\"application\/ld+json\" class=\"yoast-schema-graph\">{\"@context\":\"https:\\\/\\\/schema.org\",\"@graph\":[{\"@type\":\"WebPage\",\"@id\":\"https:\\\/\\\/vanabeelen.eu\\\/de\\\/klimatechnik\\\/\",\"url\":\"https:\\\/\\\/vanabeelen.eu\\\/de\\\/klimatechnik\\\/\",\"name\":\"Klimatechnik - Van Abeelen\",\"isPartOf\":{\"@id\":\"https:\\\/\\\/vanabeelen.eu\\\/#website\"},\"primaryImageOfPage\":{\"@id\":\"https:\\\/\\\/vanabeelen.eu\\\/de\\\/klimatechnik\\\/#primaryimage\"},\"image\":{\"@id\":\"https:\\\/\\\/vanabeelen.eu\\\/de\\\/klimatechnik\\\/#primaryimage\"},\"thumbnailUrl\":\"https:\\\/\\\/vanabeelen.eu\\\/wp-content\\\/uploads\\\/2019\\\/05\\\/vanabeelen-klimaattechniek-logo-retina.png\",\"datePublished\":\"2018-10-01T08:13:36+00:00\",\"dateModified\":\"2022-03-02T09:55:01+00:00\",\"breadcrumb\":{\"@id\":\"https:\\\/\\\/vanabeelen.eu\\\/de\\\/klimatechnik\\\/#breadcrumb\"},\"inLanguage\":\"de\",\"potentialAction\":[{\"@type\":\"ReadAction\",\"target\":[\"https:\\\/\\\/vanabeelen.eu\\\/de\\\/klimatechnik\\\/\"]}]},{\"@type\":\"ImageObject\",\"inLanguage\":\"de\",\"@id\":\"https:\\\/\\\/vanabeelen.eu\\\/de\\\/klimatechnik\\\/#primaryimage\",\"url\":\"https:\\\/\\\/vanabeelen.eu\\\/wp-content\\\/uploads\\\/2019\\\/05\\\/vanabeelen-klimaattechniek-logo-retina.png\",\"contentUrl\":\"https:\\\/\\\/vanabeelen.eu\\\/wp-content\\\/uploads\\\/2019\\\/05\\\/vanabeelen-klimaattechniek-logo-retina.png\"},{\"@type\":\"BreadcrumbList\",\"@id\":\"https:\\\/\\\/vanabeelen.eu\\\/de\\\/klimatechnik\\\/#breadcrumb\",\"itemListElement\":[{\"@type\":\"ListItem\",\"position\":1,\"name\":\"Home\",\"item\":\"https:\\\/\\\/vanabeelen.eu\\\/de\\\/\"},{\"@type\":\"ListItem\",\"position\":2,\"name\":\"Klimatechnik\"}]},{\"@type\":\"WebSite\",\"@id\":\"https:\\\/\\\/vanabeelen.eu\\\/#website\",\"url\":\"https:\\\/\\\/vanabeelen.eu\\\/\",\"name\":\"Van Abeelen\",\"description\":\"Koude- en klimaatoplossingen\",\"publisher\":{\"@id\":\"https:\\\/\\\/vanabeelen.eu\\\/#organization\"},\"potentialAction\":[{\"@type\":\"SearchAction\",\"target\":{\"@type\":\"EntryPoint\",\"urlTemplate\":\"https:\\\/\\\/vanabeelen.eu\\\/?s={search_term_string}\"},\"query-input\":{\"@type\":\"PropertyValueSpecification\",\"valueRequired\":true,\"valueName\":\"search_term_string\"}}],\"inLanguage\":\"de\"},{\"@type\":\"Organization\",\"@id\":\"https:\\\/\\\/vanabeelen.eu\\\/#organization\",\"name\":\"Van Abeelen\",\"url\":\"https:\\\/\\\/vanabeelen.eu\\\/\",\"logo\":{\"@type\":\"ImageObject\",\"inLanguage\":\"de\",\"@id\":\"https:\\\/\\\/vanabeelen.eu\\\/#\\\/schema\\\/logo\\\/image\\\/\",\"url\":\"https:\\\/\\\/vanabeelen.eu\\\/wp-content\\\/uploads\\\/2018\\\/09\\\/vanabeelen-logo-retina.png\",\"contentUrl\":\"https:\\\/\\\/vanabeelen.eu\\\/wp-content\\\/uploads\\\/2018\\\/09\\\/vanabeelen-logo-retina.png\",\"width\":516,\"height\":120,\"caption\":\"Van Abeelen\"},\"image\":{\"@id\":\"https:\\\/\\\/vanabeelen.eu\\\/#\\\/schema\\\/logo\\\/image\\\/\"},\"sameAs\":[\"https:\\\/\\\/www.facebook.com\\\/vanabeelen.eu\\\/\",\"https:\\\/\\\/www.instagram.com\\\/vanabeelengroep\\\/\",\"https:\\\/\\\/nl.linkedin.com\\\/company\\\/van-abeelen-koeltechniek\"]}]}<\/script>\n<!-- \/ Yoast SEO plugin. -->","yoast_head_json":{"title":"Klimatechnik - Van Abeelen","robots":{"index":"index","follow":"follow","max-snippet":"max-snippet:-1","max-image-preview":"max-image-preview:large","max-video-preview":"max-video-preview:-1"},"canonical":"https:\/\/vanabeelen.eu\/de\/klimatechnik\/","og_locale":"de_DE","og_type":"article","og_title":"Klimatechnik - Van Abeelen","og_description":"[\u2026]","og_url":"https:\/\/vanabeelen.eu\/de\/klimatechnik\/","og_site_name":"Van Abeelen","article_publisher":"https:\/\/www.facebook.com\/vanabeelen.eu\/","article_modified_time":"2022-03-02T09:55:01+00:00","og_image":[{"url":"https:\/\/vanabeelen.eu\/wp-content\/uploads\/2019\/05\/vanabeelen-klimaattechniek-logo-retina.png","type":"","width":"","height":""}],"twitter_card":"summary_large_image","twitter_misc":{"Gesch\u00e4tzte Lesezeit":"4\u00a0Minuten"},"schema":{"@context":"https:\/\/schema.org","@graph":[{"@type":"WebPage","@id":"https:\/\/vanabeelen.eu\/de\/klimatechnik\/","url":"https:\/\/vanabeelen.eu\/de\/klimatechnik\/","name":"Klimatechnik - Van Abeelen","isPartOf":{"@id":"https:\/\/vanabeelen.eu\/#website"},"primaryImageOfPage":{"@id":"https:\/\/vanabeelen.eu\/de\/klimatechnik\/#primaryimage"},"image":{"@id":"https:\/\/vanabeelen.eu\/de\/klimatechnik\/#primaryimage"},"thumbnailUrl":"https:\/\/vanabeelen.eu\/wp-content\/uploads\/2019\/05\/vanabeelen-klimaattechniek-logo-retina.png","datePublished":"2018-10-01T08:13:36+00:00","dateModified":"2022-03-02T09:55:01+00:00","breadcrumb":{"@id":"https:\/\/vanabeelen.eu\/de\/klimatechnik\/#breadcrumb"},"inLanguage":"de","potentialAction":[{"@type":"ReadAction","target":["https:\/\/vanabeelen.eu\/de\/klimatechnik\/"]}]},{"@type":"ImageObject","inLanguage":"de","@id":"https:\/\/vanabeelen.eu\/de\/klimatechnik\/#primaryimage","url":"https:\/\/vanabeelen.eu\/wp-content\/uploads\/2019\/05\/vanabeelen-klimaattechniek-logo-retina.png","contentUrl":"https:\/\/vanabeelen.eu\/wp-content\/uploads\/2019\/05\/vanabeelen-klimaattechniek-logo-retina.png"},{"@type":"BreadcrumbList","@id":"https:\/\/vanabeelen.eu\/de\/klimatechnik\/#breadcrumb","itemListElement":[{"@type":"ListItem","position":1,"name":"Home","item":"https:\/\/vanabeelen.eu\/de\/"},{"@type":"ListItem","position":2,"name":"Klimatechnik"}]},{"@type":"WebSite","@id":"https:\/\/vanabeelen.eu\/#website","url":"https:\/\/vanabeelen.eu\/","name":"Van Abeelen","description":"Koude- en klimaatoplossingen","publisher":{"@id":"https:\/\/vanabeelen.eu\/#organization"},"potentialAction":[{"@type":"SearchAction","target":{"@type":"EntryPoint","urlTemplate":"https:\/\/vanabeelen.eu\/?s={search_term_string}"},"query-input":{"@type":"PropertyValueSpecification","valueRequired":true,"valueName":"search_term_string"}}],"inLanguage":"de"},{"@type":"Organization","@id":"https:\/\/vanabeelen.eu\/#organization","name":"Van Abeelen","url":"https:\/\/vanabeelen.eu\/","logo":{"@type":"ImageObject","inLanguage":"de","@id":"https:\/\/vanabeelen.eu\/#\/schema\/logo\/image\/","url":"https:\/\/vanabeelen.eu\/wp-content\/uploads\/2018\/09\/vanabeelen-logo-retina.png","contentUrl":"https:\/\/vanabeelen.eu\/wp-content\/uploads\/2018\/09\/vanabeelen-logo-retina.png","width":516,"height":120,"caption":"Van Abeelen"},"image":{"@id":"https:\/\/vanabeelen.eu\/#\/schema\/logo\/image\/"},"sameAs":["https:\/\/www.facebook.com\/vanabeelen.eu\/","https:\/\/www.instagram.com\/vanabeelengroep\/","https:\/\/nl.linkedin.com\/company\/van-abeelen-koeltechniek"]}]}},"_links":{"self":[{"href":"https:\/\/vanabeelen.eu\/de\/wp-json\/wp\/v2\/pages\/7212","targetHints":{"allow":["GET"]}}],"collection":[{"href":"https:\/\/vanabeelen.eu\/de\/wp-json\/wp\/v2\/pages"}],"about":[{"href":"https:\/\/vanabeelen.eu\/de\/wp-json\/wp\/v2\/types\/page"}],"author":[{"embeddable":true,"href":"https:\/\/vanabeelen.eu\/de\/wp-json\/wp\/v2\/users\/1"}],"replies":[{"embeddable":true,"href":"https:\/\/vanabeelen.eu\/de\/wp-json\/wp\/v2\/comments?post=7212"}],"version-history":[{"count":0,"href":"https:\/\/vanabeelen.eu\/de\/wp-json\/wp\/v2\/pages\/7212\/revisions"}],"wp:attachment":[{"href":"https:\/\/vanabeelen.eu\/de\/wp-json\/wp\/v2\/media?parent=7212"}],"curies":[{"name":"wp","href":"https:\/\/api.w.org\/{rel}","templated":true}]}}