{"id":7193,"date":"2018-09-27T10:34:06","date_gmt":"2018-09-27T08:34:06","guid":{"rendered":"https:\/\/vanabeelen.eu\/kontakt\/"},"modified":"2022-10-24T11:32:52","modified_gmt":"2022-10-24T09:32:52","slug":"kontakt","status":"publish","type":"page","link":"https:\/\/vanabeelen.eu\/de\/kontakt\/","title":{"rendered":"Kontakt"},"content":{"rendered":"<div class=\"wpb-content-wrapper\"><p>[vc_row full_width=&#8220;stretch_row&#8220; css=&#8220;.vc_custom_1581948692510{margin-top: -100px !important;padding-bottom: 30px !important;}&#8220; el_class=&#8220;menu-icons&#8220;][vc_column][vc_row_inner equal_height=&#8220;yes&#8220; content_placement=&#8220;top&#8220; css=&#8220;.vc_custom_1581940877843{background-color: #ffffff !important;background-position: center !important;background-repeat: no-repeat !important;background-size: cover !important;}&#8220; el_class=&#8220;boxshadow&#8220;][vc_column_inner width=&#8220;1\/5&#8243; css=&#8220;.vc_custom_1581948521861{background-color: #ffffff !important;}&#8220;][vc_single_image image=&#8220;8002&#8243; img_size=&#8220;large&#8220; alignment=&#8220;center&#8220; onclick=&#8220;custom_link&#8220; css_animation=&#8220;none&#8220; link=&#8220;\/de\/kaltetechnik\/&#8220; el_class=&#8220;divisieknop&#8220;][\/vc_column_inner][vc_column_inner width=&#8220;1\/5&#8243; offset=&#8220;vc_hidden-xs&#8220;][vc_single_image image=&#8220;7999&#8243; img_size=&#8220;large&#8220; alignment=&#8220;center&#8220; onclick=&#8220;custom_link&#8220; link=&#8220;\/de\/klimatechnik\/&#8220; el_class=&#8220;divisieknop&#8220;][\/vc_column_inner][vc_column_inner width=&#8220;1\/5&#8243; offset=&#8220;vc_hidden-xs&#8220;][vc_single_image image=&#8220;5981&#8243; img_size=&#8220;large&#8220; alignment=&#8220;center&#8220; onclick=&#8220;custom_link&#8220; link=&#8220;\/de\/food-processing-technology\/&#8220; el_class=&#8220;divisieknop&#8220;][\/vc_column_inner][vc_column_inner width=&#8220;1\/5&#8243; offset=&#8220;vc_hidden-xs&#8220;][vc_single_image image=&#8220;5985&#8243; img_size=&#8220;large&#8220; alignment=&#8220;center&#8220; onclick=&#8220;custom_link&#8220; link=&#8220;\/de\/solarfridge\/&#8220; el_class=&#8220;divisieknop&#8220;][\/vc_column_inner][vc_column_inner width=&#8220;1\/5&#8243; offset=&#8220;vc_hidden-xs&#8220;][vc_single_image image=&#8220;6202&#8243; img_size=&#8220;large&#8220; alignment=&#8220;center&#8220; onclick=&#8220;custom_link&#8220; link=&#8220;\/de\/rental\/&#8220; el_class=&#8220;divisieknop&#8220;][\/vc_column_inner][\/vc_row_inner][\/vc_column][\/vc_row][vc_row full_width=&#8220;stretch_row&#8220; equal_height=&#8220;yes&#8220; css=&#8220;.vc_custom_1581948815655{margin-top: -200px !important;padding-top: 150px !important;padding-bottom: 25px !important;background-color: #00527a !important;}&#8220;][vc_column][vc_column_text css=&#8220;.vc_custom_1582556724361{padding-top: 50px !important;}&#8220;]<\/p>\n<h1 style=\"color: #fff;\"><span style=\"font-weight: 300;\">Bereit f\u00fcr ein <\/span>cooles Gespr\u00e4ch?<\/h1>\n<h1 style=\"color: #fff;\">Kontaktieren <span style=\"font-weight: 300;\">Sie uns!<\/span><\/h1>\n<p>[\/vc_column_text][\/vc_column][\/vc_row][vc_row][vc_column width=&#8220;2\/3&#8243;][vc_column_text css=&#8220;.vc_custom_1582212085327{margin-right: 25px !important;}&#8220;]<\/p>\n<h5>M\u00f6chten Sie das umfangreiche Leistungsangebot von Van Abeelen kennenlernen? Sind Sie auf der Suche nach einer <strong>professioneller Beratung?<\/strong> Oder haben Sie eine <strong>konkrete Frage<\/strong> zu den Themen K\u00e4ltetechnik, Klimatisierung, Food Processing Technology, Solarfridge, nat\u00fcrliche K\u00e4ltemittel oder Energieeinsparungen? Kontaktieren Sie uns unverbindlich. Dazu k\u00f6nnen Sie das nachfolgende Kontaktformular verwenden. Aber Sie k\u00f6nnen uns nat\u00fcrlich auch anrufen, <strong>wir helfen Ihnen gerne weiter<\/strong>.<\/h5>\n<p>[\/vc_column_text][\/vc_column][vc_column width=&#8220;1\/3&#8243; offset=&#8220;vc_hidden-md vc_hidden-sm vc_hidden-xs&#8220;][vc_single_image image=&#8220;30898&#8243; img_size=&#8220;450&#215;600&#8243; alignment=&#8220;center&#8220; css=&#8220;.vc_custom_1666603964124{margin-top: -200px !important;}&#8220;][\/vc_column][\/vc_row][vc_row full_width=&#8220;stretch_row&#8220; content_placement=&#8220;middle&#8220; css=&#8220;.vc_custom_1585569147623{background-image: url(https:\/\/vanabeelen.eu\/wp-content\/uploads\/2020\/02\/vanabeelen_row-background-oranje.jpg?id=5918) !important;background-position: center !important;background-repeat: no-repeat !important;background-size: cover !important;}&#8220;][vc_column][vc_column_text]<\/p>\n<h1 style=\"color: #ffffff; text-align: center;\"><span style=\"font-weight: 300;\">Unser <\/span>24-Stunden-Service <span style=\"font-weight: 300;\">steht Ihnen unter K\u00e4ltetechnik<\/span> +31 (0) 161 230 052 <span style=\"font-weight: 300;\">jederzeit zur Verf\u00fcgung.<\/span><\/h1>\n<p>[\/vc_column_text][\/vc_column][\/vc_row][vc_row css=&#8220;.vc_custom_1538039531679{padding-top: 60px !important;padding-bottom: 15px !important;}&#8220;][vc_column][vc_row_inner gap=&#8220;30&#8243;][vc_column_inner width=&#8220;2\/3&#8243;][vc_column_text]<\/p>\n<h3>Kontaktformular<\/h3>\n<div class=\"wpcf7 no-js\" id=\"wpcf7-f7179-o1\" lang=\"nl-NL\" dir=\"ltr\" data-wpcf7-id=\"7179\">\n<div class=\"screen-reader-response\"><p role=\"status\" aria-live=\"polite\" aria-atomic=\"true\"><\/p> <ul><\/ul><\/div>\n<form action=\"\/de\/wp-json\/wp\/v2\/pages\/7193#wpcf7-f7179-o1\" method=\"post\" class=\"wpcf7-form init\" aria-label=\"Contactformulier\" novalidate=\"novalidate\" data-status=\"init\">\n<fieldset class=\"hidden-fields-container\"><input type=\"hidden\" name=\"_wpcf7\" value=\"7179\" \/><input type=\"hidden\" name=\"_wpcf7_version\" value=\"6.1.5\" \/><input type=\"hidden\" name=\"_wpcf7_locale\" value=\"nl_NL\" \/><input type=\"hidden\" name=\"_wpcf7_unit_tag\" value=\"wpcf7-f7179-o1\" \/><input type=\"hidden\" name=\"_wpcf7_container_post\" value=\"0\" \/><input type=\"hidden\" name=\"_wpcf7_posted_data_hash\" value=\"\" \/><input type=\"hidden\" name=\"_wpcf7_recaptcha_response\" value=\"\" \/>\n<\/fieldset>\n<p><span class=\"wpcf7-form-control-wrap\" data-name=\"naam\"><input size=\"40\" maxlength=\"400\" class=\"wpcf7-form-control wpcf7-text wpcf7-validates-as-required\" aria-required=\"true\" aria-invalid=\"false\" placeholder=\"Name *\" value=\"\" type=\"text\" name=\"naam\" \/><\/span><br \/>\n<span class=\"wpcf7-form-control-wrap\" data-name=\"email\"><input size=\"40\" maxlength=\"400\" class=\"wpcf7-form-control wpcf7-email wpcf7-validates-as-required wpcf7-text wpcf7-validates-as-email\" aria-required=\"true\" aria-invalid=\"false\" placeholder=\"E-Mail-Adresse*\" value=\"\" type=\"email\" name=\"email\" \/><\/span><br \/>\n<span class=\"wpcf7-form-control-wrap\" data-name=\"telefoon\"><input size=\"40\" maxlength=\"400\" class=\"wpcf7-form-control wpcf7-text\" aria-invalid=\"false\" placeholder=\"Telefon\" value=\"\" type=\"text\" name=\"telefoon\" \/><\/span><br \/>\n<span class=\"wpcf7-form-control-wrap\" data-name=\"bericht\"><textarea cols=\"40\" rows=\"10\" maxlength=\"2000\" class=\"wpcf7-form-control wpcf7-textarea wpcf7-validates-as-required\" aria-required=\"true\" aria-invalid=\"false\" placeholder=\"Nachricht *\" name=\"bericht\"><\/textarea><\/span>\n<\/p>\n<p><input class=\"wpcf7-form-control wpcf7-submit has-spinner\" type=\"submit\" value=\"Senden\" \/>\n<\/p><input type=\"hidden\" id=\"ct_checkjs_cf7_f4b9ec30ad9f68f89b29639786cb62ef\" name=\"ct_checkjs_cf7\" value=\"0\" \/><div class=\"wpcf7-response-output\" aria-hidden=\"true\"><\/div>\n<\/form>\n<\/div>\n[\/vc_column_text][\/vc_column_inner][vc_column_inner width=&#8220;1\/3&#8243; css=&#8220;.vc_custom_1581609532975{padding-right: 0px !important;padding-left: 0px !important;}&#8220;][vc_column_text css=&#8220;.vc_custom_1581609696784{padding-top: 0px !important;padding-bottom: 0px !important;}&#8220;]<\/p>\n<h3>Kontaktdaten<\/h3>\n<p>Kempenbaan 1<br \/>\n5121 DM Rijen<br \/>\nNiederlande<\/p>\n<p>Tel.: +31 (0) 161 230052<br \/>\ninfo@vanabeelen.eu[\/vc_column_text][vc_single_image image=&#8220;6084&#8243; img_size=&#8220;450&#215;250&#8243; css=&#8220;.vc_custom_1581609801557{padding-top: 0px !important;padding-bottom: 0px !important;}&#8220;][\/vc_column_inner][\/vc_row_inner][\/vc_column][\/vc_row][vc_row full_width=&#8220;stretch_row_content_no_spaces&#8220;][vc_column][vc_row_inner][vc_column_inner]<div class=\"google-map-wrapper no_border\"><div class=\"google-map\" id=\"google-map-area-69d3cf7d0b45c\" style=\"width:100%; height:500px; \">&nbsp;<\/div><\/div>\n[\/vc_column_inner][\/vc_row_inner][\/vc_column][\/vc_row][vc_row][vc_column width=&#8220;1\/6&#8243;][\/vc_column][vc_column width=&#8220;2\/3&#8243;][vc_separator][\/vc_column][vc_column width=&#8220;1\/6&#8243;][\/vc_column][\/vc_row]<\/p>\n<\/div>","protected":false},"excerpt":{"rendered":"<p><span class=\"excerpt-hellip\"> [\u2026]<\/span><\/p>\n","protected":false},"author":1,"featured_media":0,"parent":0,"menu_order":0,"comment_status":"closed","ping_status":"closed","template":"","meta":{"footnotes":""},"class_list":["post-7193","page","type-page","status-publish","hentry"],"yoast_head":"<!-- This site is optimized with the Yoast SEO plugin v27.3 - https:\/\/yoast.com\/product\/yoast-seo-wordpress\/ -->\n<title>Kontakt - Van Abeelen<\/title>\n<meta name=\"robots\" content=\"index, follow, max-snippet:-1, max-image-preview:large, max-video-preview:-1\" \/>\n<link rel=\"canonical\" href=\"https:\/\/vanabeelen.eu\/contact\/\" \/>\n<meta property=\"og:locale\" content=\"de_DE\" \/>\n<meta property=\"og:type\" content=\"article\" \/>\n<meta property=\"og:title\" content=\"Kontakt - Van Abeelen\" \/>\n<meta property=\"og:description\" content=\"[\u2026]\" \/>\n<meta property=\"og:url\" content=\"https:\/\/vanabeelen.eu\/contact\/\" \/>\n<meta property=\"og:site_name\" content=\"Van Abeelen\" \/>\n<meta property=\"article:publisher\" content=\"https:\/\/www.facebook.com\/vanabeelen.eu\/\" \/>\n<meta property=\"article:modified_time\" content=\"2022-10-24T09:32:52+00:00\" \/>\n<meta name=\"twitter:card\" content=\"summary_large_image\" \/>\n<meta name=\"twitter:label1\" content=\"Gesch\u00e4tzte Lesezeit\" \/>\n\t<meta name=\"twitter:data1\" content=\"2\u00a0Minuten\" \/>\n<script type=\"application\/ld+json\" class=\"yoast-schema-graph\">{\"@context\":\"https:\\\/\\\/schema.org\",\"@graph\":[{\"@type\":\"WebPage\",\"@id\":\"https:\\\/\\\/vanabeelen.eu\\\/contact\\\/\",\"url\":\"https:\\\/\\\/vanabeelen.eu\\\/contact\\\/\",\"name\":\"Kontakt - Van Abeelen\",\"isPartOf\":{\"@id\":\"https:\\\/\\\/vanabeelen.eu\\\/#website\"},\"datePublished\":\"2018-09-27T08:34:06+00:00\",\"dateModified\":\"2022-10-24T09:32:52+00:00\",\"breadcrumb\":{\"@id\":\"https:\\\/\\\/vanabeelen.eu\\\/contact\\\/#breadcrumb\"},\"inLanguage\":\"de\",\"potentialAction\":[{\"@type\":\"ReadAction\",\"target\":[\"https:\\\/\\\/vanabeelen.eu\\\/contact\\\/\"]}]},{\"@type\":\"BreadcrumbList\",\"@id\":\"https:\\\/\\\/vanabeelen.eu\\\/contact\\\/#breadcrumb\",\"itemListElement\":[{\"@type\":\"ListItem\",\"position\":1,\"name\":\"Home\",\"item\":\"https:\\\/\\\/vanabeelen.eu\\\/de\\\/\"},{\"@type\":\"ListItem\",\"position\":2,\"name\":\"Kontakt\"}]},{\"@type\":\"WebSite\",\"@id\":\"https:\\\/\\\/vanabeelen.eu\\\/#website\",\"url\":\"https:\\\/\\\/vanabeelen.eu\\\/\",\"name\":\"Van Abeelen\",\"description\":\"Koude- en klimaatoplossingen\",\"publisher\":{\"@id\":\"https:\\\/\\\/vanabeelen.eu\\\/#organization\"},\"potentialAction\":[{\"@type\":\"SearchAction\",\"target\":{\"@type\":\"EntryPoint\",\"urlTemplate\":\"https:\\\/\\\/vanabeelen.eu\\\/?s={search_term_string}\"},\"query-input\":{\"@type\":\"PropertyValueSpecification\",\"valueRequired\":true,\"valueName\":\"search_term_string\"}}],\"inLanguage\":\"de\"},{\"@type\":\"Organization\",\"@id\":\"https:\\\/\\\/vanabeelen.eu\\\/#organization\",\"name\":\"Van Abeelen\",\"url\":\"https:\\\/\\\/vanabeelen.eu\\\/\",\"logo\":{\"@type\":\"ImageObject\",\"inLanguage\":\"de\",\"@id\":\"https:\\\/\\\/vanabeelen.eu\\\/#\\\/schema\\\/logo\\\/image\\\/\",\"url\":\"https:\\\/\\\/vanabeelen.eu\\\/wp-content\\\/uploads\\\/2018\\\/09\\\/vanabeelen-logo-retina.png\",\"contentUrl\":\"https:\\\/\\\/vanabeelen.eu\\\/wp-content\\\/uploads\\\/2018\\\/09\\\/vanabeelen-logo-retina.png\",\"width\":516,\"height\":120,\"caption\":\"Van Abeelen\"},\"image\":{\"@id\":\"https:\\\/\\\/vanabeelen.eu\\\/#\\\/schema\\\/logo\\\/image\\\/\"},\"sameAs\":[\"https:\\\/\\\/www.facebook.com\\\/vanabeelen.eu\\\/\",\"https:\\\/\\\/www.instagram.com\\\/vanabeelengroep\\\/\",\"https:\\\/\\\/nl.linkedin.com\\\/company\\\/van-abeelen-koeltechniek\"]}]}<\/script>\n<!-- \/ Yoast SEO plugin. -->","yoast_head_json":{"title":"Kontakt - Van Abeelen","robots":{"index":"index","follow":"follow","max-snippet":"max-snippet:-1","max-image-preview":"max-image-preview:large","max-video-preview":"max-video-preview:-1"},"canonical":"https:\/\/vanabeelen.eu\/contact\/","og_locale":"de_DE","og_type":"article","og_title":"Kontakt - Van Abeelen","og_description":"[\u2026]","og_url":"https:\/\/vanabeelen.eu\/contact\/","og_site_name":"Van Abeelen","article_publisher":"https:\/\/www.facebook.com\/vanabeelen.eu\/","article_modified_time":"2022-10-24T09:32:52+00:00","twitter_card":"summary_large_image","twitter_misc":{"Gesch\u00e4tzte Lesezeit":"2\u00a0Minuten"},"schema":{"@context":"https:\/\/schema.org","@graph":[{"@type":"WebPage","@id":"https:\/\/vanabeelen.eu\/contact\/","url":"https:\/\/vanabeelen.eu\/contact\/","name":"Kontakt - Van Abeelen","isPartOf":{"@id":"https:\/\/vanabeelen.eu\/#website"},"datePublished":"2018-09-27T08:34:06+00:00","dateModified":"2022-10-24T09:32:52+00:00","breadcrumb":{"@id":"https:\/\/vanabeelen.eu\/contact\/#breadcrumb"},"inLanguage":"de","potentialAction":[{"@type":"ReadAction","target":["https:\/\/vanabeelen.eu\/contact\/"]}]},{"@type":"BreadcrumbList","@id":"https:\/\/vanabeelen.eu\/contact\/#breadcrumb","itemListElement":[{"@type":"ListItem","position":1,"name":"Home","item":"https:\/\/vanabeelen.eu\/de\/"},{"@type":"ListItem","position":2,"name":"Kontakt"}]},{"@type":"WebSite","@id":"https:\/\/vanabeelen.eu\/#website","url":"https:\/\/vanabeelen.eu\/","name":"Van Abeelen","description":"Koude- en klimaatoplossingen","publisher":{"@id":"https:\/\/vanabeelen.eu\/#organization"},"potentialAction":[{"@type":"SearchAction","target":{"@type":"EntryPoint","urlTemplate":"https:\/\/vanabeelen.eu\/?s={search_term_string}"},"query-input":{"@type":"PropertyValueSpecification","valueRequired":true,"valueName":"search_term_string"}}],"inLanguage":"de"},{"@type":"Organization","@id":"https:\/\/vanabeelen.eu\/#organization","name":"Van Abeelen","url":"https:\/\/vanabeelen.eu\/","logo":{"@type":"ImageObject","inLanguage":"de","@id":"https:\/\/vanabeelen.eu\/#\/schema\/logo\/image\/","url":"https:\/\/vanabeelen.eu\/wp-content\/uploads\/2018\/09\/vanabeelen-logo-retina.png","contentUrl":"https:\/\/vanabeelen.eu\/wp-content\/uploads\/2018\/09\/vanabeelen-logo-retina.png","width":516,"height":120,"caption":"Van Abeelen"},"image":{"@id":"https:\/\/vanabeelen.eu\/#\/schema\/logo\/image\/"},"sameAs":["https:\/\/www.facebook.com\/vanabeelen.eu\/","https:\/\/www.instagram.com\/vanabeelengroep\/","https:\/\/nl.linkedin.com\/company\/van-abeelen-koeltechniek"]}]}},"_links":{"self":[{"href":"https:\/\/vanabeelen.eu\/de\/wp-json\/wp\/v2\/pages\/7193","targetHints":{"allow":["GET"]}}],"collection":[{"href":"https:\/\/vanabeelen.eu\/de\/wp-json\/wp\/v2\/pages"}],"about":[{"href":"https:\/\/vanabeelen.eu\/de\/wp-json\/wp\/v2\/types\/page"}],"author":[{"embeddable":true,"href":"https:\/\/vanabeelen.eu\/de\/wp-json\/wp\/v2\/users\/1"}],"replies":[{"embeddable":true,"href":"https:\/\/vanabeelen.eu\/de\/wp-json\/wp\/v2\/comments?post=7193"}],"version-history":[{"count":0,"href":"https:\/\/vanabeelen.eu\/de\/wp-json\/wp\/v2\/pages\/7193\/revisions"}],"wp:attachment":[{"href":"https:\/\/vanabeelen.eu\/de\/wp-json\/wp\/v2\/media?parent=7193"}],"curies":[{"name":"wp","href":"https:\/\/api.w.org\/{rel}","templated":true}]}}