{"id":395,"date":"2018-09-25T15:00:59","date_gmt":"2018-09-25T13:00:59","guid":{"rendered":"http:\/\/abeelen.designtopublish.nl\/about\/"},"modified":"2021-12-03T15:08:06","modified_gmt":"2021-12-03T13:08:06","slug":"about-2","status":"publish","type":"page","link":"https:\/\/vanabeelen.eu\/de\/","title":{"rendered":"Home"},"content":{"rendered":"<div class=\"wpb-content-wrapper\"><p>[vc_row full_width=&#8220;stretch_row_content&#8220; disable_element=&#8220;yes&#8220; el_class=&#8220;.tobackground&#8220;][vc_column video_bg=&#8220;yes&#8220; video_bg_url=&#8220;https:\/\/www.youtube.com\/watch?v=qBwbq6LVP4Y&#8220;][vc_raw_html]JTNDaWZyYW1lJTIwd2lkdGglM0QlMjI1NjAlMjIlMjBoZWlnaHQlM0QlMjI1MDAlMjIlMjBzcmMlM0QlMjJodHRwcyUzQSUyRiUyRnd3dy55b3V0dWJlLmNvbSUyRmVtYmVkJTJGcUJ3YnE2TFZQNFklM0Zjb250cm9scyUzRDAlMjIlMjBmcmFtZWJvcmRlciUzRCUyMjAlMjIlMjBhbGxvdyUzRCUyMmFjY2VsZXJvbWV0ZXIlM0IlMjBhdXRvcGxheSUzQiUyMGVuY3J5cHRlZC1tZWRpYSUzQiUyMGd5cm9zY29wZSUzQiUyMHBpY3R1cmUtaW4tcGljdHVyZSUyMiUyMGFsbG93ZnVsbHNjcmVlbiUzRSUzQyUyRmlmcmFtZSUzRQ==[\/vc_raw_html][\/vc_column][\/vc_row][vc_row full_width=&#8220;stretch_row&#8220; css=&#8220;.vc_custom_1581948692510{margin-top: -100px !important;padding-bottom: 30px !important;}&#8220; el_class=&#8220;menu-icons&#8220;][vc_column][vc_row_inner equal_height=&#8220;yes&#8220; content_placement=&#8220;top&#8220; css=&#8220;.vc_custom_1581940877843{background-color: #ffffff !important;background-position: center !important;background-repeat: no-repeat !important;background-size: cover !important;}&#8220; el_class=&#8220;boxshadow&#8220;][vc_column_inner width=&#8220;1\/5&#8243; css=&#8220;.vc_custom_1581948521861{background-color: #ffffff !important;}&#8220;][vc_single_image image=&#8220;8002&#8243; img_size=&#8220;large&#8220; alignment=&#8220;center&#8220; onclick=&#8220;custom_link&#8220; css_animation=&#8220;none&#8220; link=&#8220;\/de\/kaltetechnik\/&#8220; el_class=&#8220;divisieknop&#8220;][\/vc_column_inner][vc_column_inner width=&#8220;1\/5&#8243; offset=&#8220;vc_hidden-xs&#8220;][vc_single_image image=&#8220;7999&#8243; img_size=&#8220;large&#8220; alignment=&#8220;center&#8220; onclick=&#8220;custom_link&#8220; link=&#8220;\/de\/klimatechnik\/&#8220; el_class=&#8220;divisieknop&#8220;][\/vc_column_inner][vc_column_inner width=&#8220;1\/5&#8243; offset=&#8220;vc_hidden-xs&#8220;][vc_single_image image=&#8220;5981&#8243; img_size=&#8220;large&#8220; alignment=&#8220;center&#8220; onclick=&#8220;custom_link&#8220; link=&#8220;\/de\/food-processing-technology\/&#8220; el_class=&#8220;divisieknop&#8220;][\/vc_column_inner][vc_column_inner width=&#8220;1\/5&#8243; offset=&#8220;vc_hidden-xs&#8220;][vc_single_image image=&#8220;5985&#8243; img_size=&#8220;large&#8220; alignment=&#8220;center&#8220; onclick=&#8220;custom_link&#8220; link=&#8220;\/de\/solarfridge\/&#8220; el_class=&#8220;divisieknop&#8220;][\/vc_column_inner][vc_column_inner width=&#8220;1\/5&#8243; offset=&#8220;vc_hidden-xs&#8220;][vc_single_image image=&#8220;6202&#8243; img_size=&#8220;large&#8220; alignment=&#8220;center&#8220; onclick=&#8220;custom_link&#8220; link=&#8220;\/de\/rental-solutions&#8220; el_class=&#8220;divisieknop&#8220;][\/vc_column_inner][\/vc_row_inner][\/vc_column][\/vc_row][vc_row full_width=&#8220;stretch_row&#8220; equal_height=&#8220;yes&#8220; css=&#8220;.vc_custom_1581948815655{margin-top: -200px !important;padding-top: 150px !important;padding-bottom: 25px !important;background-color: #00527a !important;}&#8220;][vc_column][vc_column_text css=&#8220;.vc_custom_1581949116720{padding-top: 50px !important;}&#8220;]<\/p>\n<h1 style=\"color: #fff;\">Van Abeelen, <span style=\"font-weight: 300;\">wenn es garantiert<\/span><br \/>\ncool <span style=\"font-weight: 300;\">sein soll!<\/span><\/h1>\n<p>[\/vc_column_text][\/vc_column][\/vc_row][vc_row][vc_column width=&#8220;2\/3&#8243;][vc_column_text]<\/p>\n<h5>Die Van Abeelen Gruppe ist ein <strong>innovativer Komplettanbieter von Installationsleistungen<\/strong>, der zuverl\u00e4ssige gewerbliche und industrielle <strong>Gesamtl\u00f6sungen<\/strong> in den Bereichen K\u00fchltechnik, Klima, Gefriertechnik und Vermietung anbietet. Unser Firmensitz befindet sich in Nord-Brabant in den Niederlanden.<br \/>\nAls Komplettanbieter k\u00f6nnen wir Ihnen <strong>alle Sorgen abnehmen<\/strong>. Beratung, Entwurf, Fertigung, Montage, Wartung und Service f\u00fchren wir vollst\u00e4ndig<strong> in Eigenregie durch.<\/strong> Dabei kommen unsere Kunden nicht nur aus den Niederlanden, sondern auch aus dem Ausland.<\/h5>\n<p>[\/vc_column_text][vc_btn title=&#8220;Direkt kontaktieren&#8220; link=&#8220;url:https%3A%2F%2Fvanabeelen.eu%2Fde%2Fkontakt%2F|title:Kontakt|&#8220; css=&#8220;.vc_custom_1583333596475{margin-right: 15px !important;}&#8220;][vc_btn title=&#8220;Unsere Unternehmensbrosch\u00fcre herunterladen&#8220; link=&#8220;url:https%3A%2F%2Fvanabeelen.eu%2Fwp-content%2Fuploads%2F2020%2F04%2F201905005_Van_Abeelen_Corporate_Brochure_Duits_2021LR.pdf|title:Unternehmensbrosch%C3%BCre|target:%20_blank|&#8220;][\/vc_column][vc_column width=&#8220;1\/3&#8243; offset=&#8220;vc_hidden-md vc_hidden-sm vc_hidden-xs&#8220;][vc_single_image image=&#8220;6137&#8243; img_size=&#8220;450&#215;600&#8243; alignment=&#8220;center&#8220; css=&#8220;.vc_custom_1581955030237{margin-top: -200px !important;}&#8220;][\/vc_column][\/vc_row][vc_row full_width=&#8220;stretch_row&#8220; content_placement=&#8220;middle&#8220; css=&#8220;.vc_custom_1585565802650{margin-bottom: 50px !important;background-image: url(https:\/\/vanabeelen.eu\/wp-content\/uploads\/2020\/02\/vanabeelen_row-background-oranje.jpg?id=5918) !important;background-position: center !important;background-repeat: no-repeat !important;background-size: cover !important;}&#8220;][vc_column][vc_column_text]<\/p>\n<h1 style=\"color: #ffffff; text-align: center;\"><span style=\"font-weight: 300;\">Unser<\/span> 24-Stunden-Service <span style=\"font-weight: 300;\">steht Ihnen unter K\u00e4ltetechnik<\/span> +31 (0) 161 230 052 <span style=\"font-weight: 300;\">jederzeit zur Verf\u00fcgung.<\/span><\/h1>\n<p>[\/vc_column_text][\/vc_column][\/vc_row][vc_row css=&#8220;.vc_custom_1585565660417{background-image: url(https:\/\/vanabeelen.eu\/wp-content\/uploads\/2020\/02\/vanabeelen_de_vijf_van_Van_Abeelen_5-divisies_hand.png?id=6590) !important;background-position: center !important;background-repeat: no-repeat !important;background-size: cover !important;}&#8220; el_class=&#8220;.content-desktop&#8220;][vc_column][vc_single_image image=&#8220;6688&#8243; img_size=&#8220;504&#215;105&#8243;][vc_column_text el_class=&#8220;.content-desktop&#8220; css=&#8220;.vc_custom_1582818004304{margin-top: -25px !important;}&#8220;]<\/p>\n<h1 style=\"font-size: 100px; line-height: 102px;\"><span style=\"font-weight: 300;\">Starke<\/span> Kombinationen<\/h1>\n<p>[\/vc_column_text][vc_row_inner][vc_column_inner width=&#8220;1\/2&#8243;][vc_column_text]<\/p>\n<h3>F\u00fcnf Gesch\u00e4ftsbereiche<\/h3>\n<p>Die Van Abeelen Gruppe umfasst f\u00fcnf Gesch\u00e4ftsbereiche: K\u00e4ltetechnik, Klimatechnik, Food Processing Technology, Solarfridge und Rental Solutions. Mit dieser breiten Palette an Leistungen k\u00f6nnen wir einen Gro\u00dfteil des gewerblichen und industriellen Marktes bedienen. Dabei arbeiten unsere Gesch\u00e4ftsbereiche eng zusammen, um das beste Endergebnis zu realisieren.<\/p>\n<h3>Cool und ma\u00dfgeschneidert<\/h3>\n<p>Ganz gleich, wie komplex Ihr (K\u00fchl-)Problem auch ist \u2013 unsere Ingenieure finden die Antwort mit der h\u00f6chsten Effizienz und dem niedrigsten Energieverbrauch f\u00fcr beispielsweise die K\u00fchlung von Hallen f\u00fcr Blumenauktionen, die Klimatisierung von B\u00fcrogeb\u00e4uden, das K\u00fchlen bzw. Frosten von Frischwaren oder die Anmietung von zus\u00e4tzlicher K\u00fchlkapazit\u00e4t. Sie k\u00f6nnen sich auf unser Know-how verlassen.[\/vc_column_text][\/vc_column_inner][vc_column_inner width=&#8220;1\/2&#8243;][\/vc_column_inner][\/vc_row_inner][vc_row_inner][vc_column_inner width=&#8220;1\/5&#8243;][vc_single_image image=&#8220;6550&#8243; img_size=&#8220;full&#8220; onclick=&#8220;custom_link&#8220; link=&#8220;\/koudetechniek\/&#8220;][vc_column_text css=&#8220;.vc_custom_1587394357984{margin-top: -15px !important;}&#8220;]<strong><a class=\"row-title\" href=\"https:\/\/vanabeelen.eu\/de\/kaltetechnik\/\" aria-label=\"\u201cK\u00e4ltetechnik\u201d (Edit)\">K\u00e4ltetechnik<\/a><\/strong><br \/>\nEffiziente (Prozess-)K\u00fchlung in der Lebensmittelbranche und Industrie.[\/vc_column_text][\/vc_column_inner][vc_column_inner width=&#8220;1\/5&#8243;][vc_single_image image=&#8220;6812&#8243; img_size=&#8220;full&#8220; onclick=&#8220;custom_link&#8220; link=&#8220;\/klimaattechniek\/&#8220;][vc_column_text css=&#8220;.vc_custom_1587394372334{margin-top: -15px !important;}&#8220;]<span class=\"s1\"><a href=\"https:\/\/vanabeelen.eu\/de\/klimatechnik\/\"><strong>Klimatechnik<\/strong><\/a><br \/>\nSteuerung des Raumklimas von Geb\u00e4uden.<br \/>\n<\/span>[\/vc_column_text][\/vc_column_inner][vc_column_inner width=&#8220;1\/5&#8243;][vc_single_image image=&#8220;6228&#8243; img_size=&#8220;full&#8220; onclick=&#8220;custom_link&#8220; link=&#8220;\/food-processing-technology\/&#8220;][vc_column_text css=&#8220;.vc_custom_1583329924736{margin-top: -15px !important;}&#8220;]<\/p>\n<div style=\"line-height: 16px; margin-bottom: 5px;\"><a href=\"https:\/\/vanabeelen.eu\/de\/food-processing-technology\/\"><b>Food Processing Technology<\/b><\/a><\/div>\n<p>Hightech-Maschinen f\u00fcr das schnelle K\u00fchlen bzw. Frosten.[\/vc_column_text][\/vc_column_inner][vc_column_inner width=&#8220;1\/5&#8243;][vc_single_image image=&#8220;6811&#8243; img_size=&#8220;full&#8220; onclick=&#8220;custom_link&#8220; link=&#8220;\/solarfridge\/&#8220;][vc_column_text css=&#8220;.vc_custom_1583328222855{margin-top: -15px !important;}&#8220;]<span class=\"s1\"><a href=\"https:\/\/vanabeelen.eu\/de\/solarfridge\/\"><b>Solarfridge<\/b><\/a><br \/>\nKabellose K\u00fchl- bzw. Gefriercontainer mit Solarenergie.<br \/>\n<\/span>[\/vc_column_text][\/vc_column_inner][vc_column_inner width=&#8220;1\/5&#8243;][vc_single_image image=&#8220;6717&#8243; img_size=&#8220;full&#8220; onclick=&#8220;custom_link&#8220; link=&#8220;\/rental\/&#8220;][vc_column_text css=&#8220;.vc_custom_1583328228885{margin-top: -15px !important;}&#8220;]<span class=\"s1\"><a href=\"https:\/\/vanabeelen.eu\/de\/rental\/\"><b>Rental Solutions<\/b><\/a><br \/>\nUmfangreiche Mietflotte zur K\u00fchlung, Heizung, Klimatisierung und tempor\u00e4ren Energieversorgung.<br \/>\n<\/span>[\/vc_column_text][\/vc_column_inner][\/vc_row_inner][\/vc_column][\/vc_row][vc_row css=&#8220;.vc_custom_1583327585885{background-position: center !important;background-repeat: no-repeat !important;background-size: cover !important;}&#8220; el_class=&#8220;.content-mobile&#8220;][vc_column][vc_column_text el_class=&#8220;.content-mobile&#8220;]<\/p>\n<h1 style=\"font-size: 50px;\">Starke Kombinationen<\/h1>\n<p>[\/vc_column_text][vc_row_inner][vc_column_inner width=&#8220;1\/2&#8243;][vc_column_text]<\/p>\n<h3>F\u00fcnf Gesch\u00e4ftsbereiche<\/h3>\n<p>Die Van Abeelen Gruppe umfasst f\u00fcnf Gesch\u00e4ftsbereiche: K\u00e4ltetechnik, Klimatechnik, Food Processing Technology, Solarfridge und Rental Solutions. Mit dieser breiten Palette an Leistungen k\u00f6nnen wir einen Gro\u00dfteil des gewerblichen und industriellen Marktes bedienen. Dabei arbeiten unsere Gesch\u00e4ftsbereiche eng zusammen, um das beste Endergebnis zu realisieren.<\/p>\n<h3>Cool und ma\u00dfgeschneidert<\/h3>\n<p>Ganz gleich, wie komplex Ihr (K\u00fchl-)Problem auch ist \u2013 unsere Ingenieure finden die Antwort mit der h\u00f6chsten Effizienz und dem niedrigsten Energieverbrauch f\u00fcr beispielsweise die K\u00fchlung von Hallen f\u00fcr Blumenauktionen, die Klimatisierung von B\u00fcrogeb\u00e4uden, das K\u00fchlen bzw. Frosten von Frischwaren oder die Anmietung von zus\u00e4tzlicher K\u00fchlkapazit\u00e4t. Sie k\u00f6nnen sich auf unser Know-how verlassen.[\/vc_column_text][\/vc_column_inner][vc_column_inner width=&#8220;1\/2&#8243;][\/vc_column_inner][\/vc_row_inner][vc_row_inner][vc_column_inner width=&#8220;1\/5&#8243;][vc_single_image image=&#8220;6550&#8243; img_size=&#8220;full&#8220; onclick=&#8220;custom_link&#8220; link=&#8220;\/koudetechniek\/&#8220;][vc_column_text css=&#8220;.vc_custom_1587394357984{margin-top: -15px !important;}&#8220;]<strong><a class=\"row-title\" href=\"https:\/\/vanabeelen.eu\/de\/kaltetechnik\/\" aria-label=\"\u201cK\u00e4ltetechnik\u201d (Edit)\">K\u00e4ltetechnik<\/a><\/strong><br \/>\nEffiziente (Prozess-)K\u00fchlung in der Lebensmittelbranche und Industrie.[\/vc_column_text][\/vc_column_inner][vc_column_inner width=&#8220;1\/5&#8243;][vc_single_image image=&#8220;6812&#8243; img_size=&#8220;full&#8220; onclick=&#8220;custom_link&#8220; link=&#8220;\/klimaattechniek\/&#8220;][vc_column_text css=&#8220;.vc_custom_1587394372334{margin-top: -15px !important;}&#8220;]<span class=\"s1\"><a href=\"https:\/\/vanabeelen.eu\/de\/klimatechnik\/\"><strong>Klimatechnik<\/strong><\/a><br \/>\nSteuerung des Raumklimas von Geb\u00e4uden.<br \/>\n<\/span>[\/vc_column_text][\/vc_column_inner][vc_column_inner width=&#8220;1\/5&#8243;][vc_single_image image=&#8220;6228&#8243; img_size=&#8220;full&#8220; onclick=&#8220;custom_link&#8220; link=&#8220;\/food-processing-technology\/&#8220;][vc_column_text css=&#8220;.vc_custom_1583328473904{margin-top: -15px !important;}&#8220;]<\/p>\n<div style=\"line-height: 16px; margin-bottom: 5px;\"><a href=\"https:\/\/vanabeelen.eu\/de\/food-processing-technology\/\"><b>Food Processing Technology<\/b><\/a><\/div>\n<p>Hightech-Maschinen f\u00fcr das schnelle K\u00fchlen bzw. Frosten.[\/vc_column_text][\/vc_column_inner][vc_column_inner width=&#8220;1\/5&#8243;][vc_single_image image=&#8220;6811&#8243; img_size=&#8220;full&#8220; onclick=&#8220;custom_link&#8220; link=&#8220;\/solarfridge\/&#8220;][vc_column_text css=&#8220;.vc_custom_1583328222855{margin-top: -15px !important;}&#8220;]<span class=\"s1\"><a href=\"https:\/\/vanabeelen.eu\/de\/solarfridge\/\"><b>Solarfridge<\/b><\/a><br \/>\nKabellose K\u00fchl- bzw. Gefriercontainer mit Solarenergie.<br \/>\n<\/span>[\/vc_column_text][\/vc_column_inner][vc_column_inner width=&#8220;1\/5&#8243;][vc_single_image image=&#8220;6717&#8243; img_size=&#8220;full&#8220; onclick=&#8220;custom_link&#8220; link=&#8220;\/rental\/&#8220;][vc_column_text css=&#8220;.vc_custom_1583328228885{margin-top: -15px !important;}&#8220;]<span class=\"s1\"><a href=\"https:\/\/vanabeelen.eu\/de\/rental\/\"><b>Rental Solutions<\/b><\/a><br \/>\nUmfangreiche Mietflotte zur K\u00fchlung, Heizung, Klimatisierung und tempor\u00e4ren Energieversorgung.<br \/>\n<\/span>[\/vc_column_text][\/vc_column_inner][\/vc_row_inner][\/vc_column][\/vc_row][vc_row][vc_column width=&#8220;1\/6&#8243;][\/vc_column][vc_column width=&#8220;2\/3&#8243;][vc_separator][\/vc_column][vc_column width=&#8220;1\/6&#8243;][\/vc_column][\/vc_row]<\/p>\n<\/div>","protected":false},"excerpt":{"rendered":"<p><span class=\"excerpt-hellip\"> [\u2026]<\/span><\/p>\n","protected":false},"author":1,"featured_media":0,"parent":0,"menu_order":0,"comment_status":"closed","ping_status":"closed","template":"","meta":{"footnotes":""},"class_list":["post-395","page","type-page","status-publish","hentry"],"yoast_head":"<!-- This site is optimized with the Yoast SEO plugin v27.3 - https:\/\/yoast.com\/product\/yoast-seo-wordpress\/ -->\n<title>Home - Van Abeelen<\/title>\n<meta name=\"robots\" content=\"index, follow, max-snippet:-1, max-image-preview:large, max-video-preview:-1\" \/>\n<link rel=\"canonical\" href=\"https:\/\/vanabeelen.eu\/de\/\" \/>\n<meta property=\"og:locale\" content=\"de_DE\" \/>\n<meta property=\"og:type\" content=\"article\" \/>\n<meta property=\"og:title\" content=\"Home - Van Abeelen\" \/>\n<meta property=\"og:description\" content=\"[\u2026]\" \/>\n<meta property=\"og:url\" content=\"https:\/\/vanabeelen.eu\/de\/\" \/>\n<meta property=\"og:site_name\" content=\"Van Abeelen\" \/>\n<meta property=\"article:publisher\" content=\"https:\/\/www.facebook.com\/vanabeelen.eu\/\" \/>\n<meta property=\"article:modified_time\" content=\"2021-12-03T13:08:06+00:00\" \/>\n<meta name=\"twitter:card\" content=\"summary_large_image\" \/>\n<meta name=\"twitter:label1\" content=\"Gesch\u00e4tzte Lesezeit\" \/>\n\t<meta name=\"twitter:data1\" content=\"3\u00a0Minuten\" \/>\n<script type=\"application\/ld+json\" class=\"yoast-schema-graph\">{\"@context\":\"https:\\\/\\\/schema.org\",\"@graph\":[{\"@type\":\"WebPage\",\"@id\":\"https:\\\/\\\/vanabeelen.eu\\\/de\\\/\",\"url\":\"https:\\\/\\\/vanabeelen.eu\\\/de\\\/\",\"name\":\"Home - Van Abeelen\",\"isPartOf\":{\"@id\":\"https:\\\/\\\/vanabeelen.eu\\\/#website\"},\"datePublished\":\"2018-09-25T13:00:59+00:00\",\"dateModified\":\"2021-12-03T13:08:06+00:00\",\"breadcrumb\":{\"@id\":\"https:\\\/\\\/vanabeelen.eu\\\/de\\\/#breadcrumb\"},\"inLanguage\":\"de\",\"potentialAction\":[{\"@type\":\"ReadAction\",\"target\":[\"https:\\\/\\\/vanabeelen.eu\\\/de\\\/\"]}]},{\"@type\":\"BreadcrumbList\",\"@id\":\"https:\\\/\\\/vanabeelen.eu\\\/de\\\/#breadcrumb\",\"itemListElement\":[{\"@type\":\"ListItem\",\"position\":1,\"name\":\"Home\",\"item\":\"https:\\\/\\\/vanabeelen.eu\\\/de\\\/\"},{\"@type\":\"ListItem\",\"position\":2,\"name\":\"Home\"}]},{\"@type\":\"WebSite\",\"@id\":\"https:\\\/\\\/vanabeelen.eu\\\/#website\",\"url\":\"https:\\\/\\\/vanabeelen.eu\\\/\",\"name\":\"Van Abeelen\",\"description\":\"Koude- en klimaatoplossingen\",\"publisher\":{\"@id\":\"https:\\\/\\\/vanabeelen.eu\\\/#organization\"},\"potentialAction\":[{\"@type\":\"SearchAction\",\"target\":{\"@type\":\"EntryPoint\",\"urlTemplate\":\"https:\\\/\\\/vanabeelen.eu\\\/?s={search_term_string}\"},\"query-input\":{\"@type\":\"PropertyValueSpecification\",\"valueRequired\":true,\"valueName\":\"search_term_string\"}}],\"inLanguage\":\"de\"},{\"@type\":\"Organization\",\"@id\":\"https:\\\/\\\/vanabeelen.eu\\\/#organization\",\"name\":\"Van Abeelen\",\"url\":\"https:\\\/\\\/vanabeelen.eu\\\/\",\"logo\":{\"@type\":\"ImageObject\",\"inLanguage\":\"de\",\"@id\":\"https:\\\/\\\/vanabeelen.eu\\\/#\\\/schema\\\/logo\\\/image\\\/\",\"url\":\"https:\\\/\\\/vanabeelen.eu\\\/wp-content\\\/uploads\\\/2018\\\/09\\\/vanabeelen-logo-retina.png\",\"contentUrl\":\"https:\\\/\\\/vanabeelen.eu\\\/wp-content\\\/uploads\\\/2018\\\/09\\\/vanabeelen-logo-retina.png\",\"width\":516,\"height\":120,\"caption\":\"Van Abeelen\"},\"image\":{\"@id\":\"https:\\\/\\\/vanabeelen.eu\\\/#\\\/schema\\\/logo\\\/image\\\/\"},\"sameAs\":[\"https:\\\/\\\/www.facebook.com\\\/vanabeelen.eu\\\/\",\"https:\\\/\\\/www.instagram.com\\\/vanabeelengroep\\\/\",\"https:\\\/\\\/nl.linkedin.com\\\/company\\\/van-abeelen-koeltechniek\"]}]}<\/script>\n<!-- \/ Yoast SEO plugin. -->","yoast_head_json":{"title":"Home - Van Abeelen","robots":{"index":"index","follow":"follow","max-snippet":"max-snippet:-1","max-image-preview":"max-image-preview:large","max-video-preview":"max-video-preview:-1"},"canonical":"https:\/\/vanabeelen.eu\/de\/","og_locale":"de_DE","og_type":"article","og_title":"Home - Van Abeelen","og_description":"[\u2026]","og_url":"https:\/\/vanabeelen.eu\/de\/","og_site_name":"Van Abeelen","article_publisher":"https:\/\/www.facebook.com\/vanabeelen.eu\/","article_modified_time":"2021-12-03T13:08:06+00:00","twitter_card":"summary_large_image","twitter_misc":{"Gesch\u00e4tzte Lesezeit":"3\u00a0Minuten"},"schema":{"@context":"https:\/\/schema.org","@graph":[{"@type":"WebPage","@id":"https:\/\/vanabeelen.eu\/de\/","url":"https:\/\/vanabeelen.eu\/de\/","name":"Home - Van Abeelen","isPartOf":{"@id":"https:\/\/vanabeelen.eu\/#website"},"datePublished":"2018-09-25T13:00:59+00:00","dateModified":"2021-12-03T13:08:06+00:00","breadcrumb":{"@id":"https:\/\/vanabeelen.eu\/de\/#breadcrumb"},"inLanguage":"de","potentialAction":[{"@type":"ReadAction","target":["https:\/\/vanabeelen.eu\/de\/"]}]},{"@type":"BreadcrumbList","@id":"https:\/\/vanabeelen.eu\/de\/#breadcrumb","itemListElement":[{"@type":"ListItem","position":1,"name":"Home","item":"https:\/\/vanabeelen.eu\/de\/"},{"@type":"ListItem","position":2,"name":"Home"}]},{"@type":"WebSite","@id":"https:\/\/vanabeelen.eu\/#website","url":"https:\/\/vanabeelen.eu\/","name":"Van Abeelen","description":"Koude- en klimaatoplossingen","publisher":{"@id":"https:\/\/vanabeelen.eu\/#organization"},"potentialAction":[{"@type":"SearchAction","target":{"@type":"EntryPoint","urlTemplate":"https:\/\/vanabeelen.eu\/?s={search_term_string}"},"query-input":{"@type":"PropertyValueSpecification","valueRequired":true,"valueName":"search_term_string"}}],"inLanguage":"de"},{"@type":"Organization","@id":"https:\/\/vanabeelen.eu\/#organization","name":"Van Abeelen","url":"https:\/\/vanabeelen.eu\/","logo":{"@type":"ImageObject","inLanguage":"de","@id":"https:\/\/vanabeelen.eu\/#\/schema\/logo\/image\/","url":"https:\/\/vanabeelen.eu\/wp-content\/uploads\/2018\/09\/vanabeelen-logo-retina.png","contentUrl":"https:\/\/vanabeelen.eu\/wp-content\/uploads\/2018\/09\/vanabeelen-logo-retina.png","width":516,"height":120,"caption":"Van Abeelen"},"image":{"@id":"https:\/\/vanabeelen.eu\/#\/schema\/logo\/image\/"},"sameAs":["https:\/\/www.facebook.com\/vanabeelen.eu\/","https:\/\/www.instagram.com\/vanabeelengroep\/","https:\/\/nl.linkedin.com\/company\/van-abeelen-koeltechniek"]}]}},"_links":{"self":[{"href":"https:\/\/vanabeelen.eu\/de\/wp-json\/wp\/v2\/pages\/395","targetHints":{"allow":["GET"]}}],"collection":[{"href":"https:\/\/vanabeelen.eu\/de\/wp-json\/wp\/v2\/pages"}],"about":[{"href":"https:\/\/vanabeelen.eu\/de\/wp-json\/wp\/v2\/types\/page"}],"author":[{"embeddable":true,"href":"https:\/\/vanabeelen.eu\/de\/wp-json\/wp\/v2\/users\/1"}],"replies":[{"embeddable":true,"href":"https:\/\/vanabeelen.eu\/de\/wp-json\/wp\/v2\/comments?post=395"}],"version-history":[{"count":0,"href":"https:\/\/vanabeelen.eu\/de\/wp-json\/wp\/v2\/pages\/395\/revisions"}],"wp:attachment":[{"href":"https:\/\/vanabeelen.eu\/de\/wp-json\/wp\/v2\/media?parent=395"}],"curies":[{"name":"wp","href":"https:\/\/api.w.org\/{rel}","templated":true}]}}